{"id":25337,"date":"2024-12-02T15:49:41","date_gmt":"2024-12-02T07:49:41","guid":{"rendered":"https:\/\/chemneo.com\/product\/25337.html"},"modified":"2024-12-02T15:49:43","modified_gmt":"2024-12-02T07:49:43","slug":"7-chloro-4-hydroxy-quinoline-3-carboxylic-acid-2","status":"publish","type":"product","link":"https:\/\/chemneo.com\/pt\/product\/25337.html","title":{"rendered":"\u00c1CIDO 7-CLORO-4-HIDROXI-QUINOLINA-3-CARBOX\u00cdLICO"},"content":{"rendered":"<p>Propriedades qu\u00edmicas<\/p>\n<p>                        Melting point<br \/>\n                        250\u00a0\u00b0C (dec.)(lit.)<\/p>\n<p>                        Ponto de ebuli\u00e7\u00e3o<br \/>\n                        416.5\u00b145.0 \u00b0C(Predicted)<\/p>\n<p>                        Densidade\u00a0<br \/>\n                        1.600<\/p>\n<p>                        storage temp.\u00a0<br \/>\n                        Sealed in dry,Room Temperature<\/p>\n<p>                        solubility\u00a0<br \/>\n                        DMSO (Slightly), Methanol (Slightly)<\/p>\n<p>                        forma\u00a0<br \/>\n                        Solid<\/p>\n<p>                        pka<br \/>\n                        0.65\u00b10.30(Predicted)<\/p>\n<p>                        color\u00a0<br \/>\n                        White to Pale Brown<\/p>\n<p>                        CAS DataBase Reference<br \/>\n                        86-47-5(CAS DataBase Reference)<\/p>","protected":false},"excerpt":{"rendered":"<p>Product Name\uff1a7-CHLORO-4-HYDROXY QUINOLINE-3-CARBOXYLIC ACID<br \/>CAS\uff1a86-47-5<br \/>MFC10H6ClNO3<br \/>MW\uff1a223.61<br \/>EINECS\uff1a201-673-5<br \/>MOL File\uff1a86-47-5.mol<\/p>","protected":false},"featured_media":24802,"comment_status":"open","ping_status":"closed","template":"","meta":[],"product_brand":[],"product_cat":[17],"product_tag":[],"class_list":{"0":"post-25337","1":"product","2":"type-product","3":"status-publish","4":"has-post-thumbnail","6":"product_cat-uncategorized","8":"first","9":"instock","10":"shipping-taxable","11":"product-type-simple"},"_links":{"self":[{"href":"https:\/\/chemneo.com\/pt\/wp-json\/wp\/v2\/product\/25337","targetHints":{"allow":["GET"]}}],"collection":[{"href":"https:\/\/chemneo.com\/pt\/wp-json\/wp\/v2\/product"}],"about":[{"href":"https:\/\/chemneo.com\/pt\/wp-json\/wp\/v2\/types\/product"}],"replies":[{"embeddable":true,"href":"https:\/\/chemneo.com\/pt\/wp-json\/wp\/v2\/comments?post=25337"}],"wp:featuredmedia":[{"embeddable":true,"href":"https:\/\/chemneo.com\/pt\/wp-json\/wp\/v2\/media\/24802"}],"wp:attachment":[{"href":"https:\/\/chemneo.com\/pt\/wp-json\/wp\/v2\/media?parent=25337"}],"wp:term":[{"taxonomy":"product_brand","embeddable":true,"href":"https:\/\/chemneo.com\/pt\/wp-json\/wp\/v2\/product_brand?post=25337"},{"taxonomy":"product_cat","embeddable":true,"href":"https:\/\/chemneo.com\/pt\/wp-json\/wp\/v2\/product_cat?post=25337"},{"taxonomy":"product_tag","embeddable":true,"href":"https:\/\/chemneo.com\/pt\/wp-json\/wp\/v2\/product_tag?post=25337"}],"curies":[{"name":"wp","href":"https:\/\/api.w.org\/{rel}","templated":true}]}}