{"id":25365,"date":"2024-12-02T15:50:36","date_gmt":"2024-12-02T07:50:36","guid":{"rendered":"https:\/\/chemneo.com\/product\/25365.html"},"modified":"2024-12-02T15:50:38","modified_gmt":"2024-12-02T07:50:38","slug":"78-dihydroxycoumarin-2","status":"publish","type":"product","link":"https:\/\/chemneo.com\/pt\/product\/25365.html","title":{"rendered":"7,8-Dihidroxicumarina"},"content":{"rendered":"<p>Propriedades qu\u00edmicas<\/p>\n<p>                        Melting point<br \/>\n                        265-268\u00b0C (dec.)<\/p>\n<p>                        Ponto de ebuli\u00e7\u00e3o<br \/>\n                        270.35\u00b0C (rough estimate)<\/p>\n<p>                        Densidade\u00a0<br \/>\n                        1.3431 (rough estimate)<\/p>\n<p>                        \u00edndice de refra\u00e7\u00e3o\u00a0<br \/>\n                        1.4500 (estimate)<\/p>\n<p>                        storage temp.\u00a0<br \/>\n                        room temp<\/p>\n<p>                        solubility\u00a0<br \/>\n                        soluble in Methanol<\/p>\n<p>                        pka<br \/>\n                        7.61\u00b10.20(Predicted)<\/p>\n<p>                        forma\u00a0<br \/>\n                        solid<\/p>\n<p>                        color\u00a0<br \/>\n                        White to Light yellow to Light red<\/p>\n<p>                        Merck\u00a0<br \/>\n                        14,2817<\/p>\n<p>                        InChI<br \/>\n                        InChI=1S\/C9H6O4\/c10-6-3-1-5-2-4-7(11)13-9(5)8(6)12\/h1-4,10,12H<\/p>\n<p>                        InChIKey<br \/>\n                        ATEFPOUAMCWAQS-UHFFFAOYSA-N<\/p>\n<p>                        SMILES<br \/>\n                        C1(=O)OC2=C(O)C(O)=CC=C2C=C1<\/p>\n<p>                        LogP<br \/>\n                        0.884 (est)<\/p>\n<p>                        CAS DataBase Reference<br \/>\n                        486-35-1(CAS DataBase Reference)<\/p>","protected":false},"excerpt":{"rendered":"<p>Nome do produto\uff1a7<br \/>8-Dihidroxicumarina<br \/>CAS\uff1a486-35-1<br \/>MFC9H6O4<br \/>MW\uff1a178.14<br \/>EINECS\uff1a207-632-8<br \/>Ficheiro MOL\uff1a486-35-1.mol<\/p>","protected":false},"featured_media":24858,"comment_status":"open","ping_status":"closed","template":"","meta":[],"product_brand":[],"product_cat":[17],"product_tag":[],"class_list":{"0":"post-25365","1":"product","2":"type-product","3":"status-publish","4":"has-post-thumbnail","6":"product_cat-uncategorized","8":"first","9":"instock","10":"shipping-taxable","11":"product-type-simple"},"_links":{"self":[{"href":"https:\/\/chemneo.com\/pt\/wp-json\/wp\/v2\/product\/25365","targetHints":{"allow":["GET"]}}],"collection":[{"href":"https:\/\/chemneo.com\/pt\/wp-json\/wp\/v2\/product"}],"about":[{"href":"https:\/\/chemneo.com\/pt\/wp-json\/wp\/v2\/types\/product"}],"replies":[{"embeddable":true,"href":"https:\/\/chemneo.com\/pt\/wp-json\/wp\/v2\/comments?post=25365"}],"wp:featuredmedia":[{"embeddable":true,"href":"https:\/\/chemneo.com\/pt\/wp-json\/wp\/v2\/media\/24858"}],"wp:attachment":[{"href":"https:\/\/chemneo.com\/pt\/wp-json\/wp\/v2\/media?parent=25365"}],"wp:term":[{"taxonomy":"product_brand","embeddable":true,"href":"https:\/\/chemneo.com\/pt\/wp-json\/wp\/v2\/product_brand?post=25365"},{"taxonomy":"product_cat","embeddable":true,"href":"https:\/\/chemneo.com\/pt\/wp-json\/wp\/v2\/product_cat?post=25365"},{"taxonomy":"product_tag","embeddable":true,"href":"https:\/\/chemneo.com\/pt\/wp-json\/wp\/v2\/product_tag?post=25365"}],"curies":[{"name":"wp","href":"https:\/\/api.w.org\/{rel}","templated":true}]}}