{"id":25369,"date":"2024-12-02T15:50:42","date_gmt":"2024-12-02T07:50:42","guid":{"rendered":"https:\/\/chemneo.com\/product\/25369.html"},"modified":"2024-12-02T15:50:43","modified_gmt":"2024-12-02T07:50:43","slug":"2-cyano-4-pyridine-carboxylic-acid-2","status":"publish","type":"product","link":"https:\/\/chemneo.com\/pt\/product\/25369.html","title":{"rendered":"\u00c1CIDO 2-CIANO-4-PIRIDINA CARBOX\u00cdLICO"},"content":{"rendered":"<p>Propriedades qu\u00edmicas<\/p>\n<p>                        Melting point<br \/>\n                        335 \u00b0C<\/p>\n<p>                        Ponto de ebuli\u00e7\u00e3o<br \/>\n                        478.4\u00b130.0 \u00b0C(Predicted)<\/p>\n<p>                        Densidade\u00a0<br \/>\n                        1.42\u00b10.1 g\/cm3(Predicted)<\/p>\n<p>                        storage temp.\u00a0<br \/>\n                        Keep in dark place,Sealed in dry,Room Temperature<\/p>\n<p>                        forma\u00a0<br \/>\n                        powder to crystal<\/p>\n<p>                        pka<br \/>\n                        2.81\u00b10.10(Predicted)<\/p>\n<p>                        color\u00a0<br \/>\n                        White to Light yellow<\/p>\n<p>                        CAS DataBase Reference<br \/>\n                        161233-97-2<\/p>","protected":false},"excerpt":{"rendered":"<p>Nome do produto: \u00c1cido 2-ciano-4-piridina carbox\u00edlico<br \/>CAS\uff1a161233-97-2<br \/>MFC7H4N2O2<br \/>MW\uff1a148.12<br \/>EINECS\uff1a<br \/>Ficheiro MOL\uff1a161233-97-2.mol<\/p>","protected":false},"featured_media":24866,"comment_status":"open","ping_status":"closed","template":"","meta":[],"product_brand":[],"product_cat":[17],"product_tag":[],"class_list":{"0":"post-25369","1":"product","2":"type-product","3":"status-publish","4":"has-post-thumbnail","6":"product_cat-uncategorized","8":"first","9":"instock","10":"shipping-taxable","11":"product-type-simple"},"_links":{"self":[{"href":"https:\/\/chemneo.com\/pt\/wp-json\/wp\/v2\/product\/25369","targetHints":{"allow":["GET"]}}],"collection":[{"href":"https:\/\/chemneo.com\/pt\/wp-json\/wp\/v2\/product"}],"about":[{"href":"https:\/\/chemneo.com\/pt\/wp-json\/wp\/v2\/types\/product"}],"replies":[{"embeddable":true,"href":"https:\/\/chemneo.com\/pt\/wp-json\/wp\/v2\/comments?post=25369"}],"wp:featuredmedia":[{"embeddable":true,"href":"https:\/\/chemneo.com\/pt\/wp-json\/wp\/v2\/media\/24866"}],"wp:attachment":[{"href":"https:\/\/chemneo.com\/pt\/wp-json\/wp\/v2\/media?parent=25369"}],"wp:term":[{"taxonomy":"product_brand","embeddable":true,"href":"https:\/\/chemneo.com\/pt\/wp-json\/wp\/v2\/product_brand?post=25369"},{"taxonomy":"product_cat","embeddable":true,"href":"https:\/\/chemneo.com\/pt\/wp-json\/wp\/v2\/product_cat?post=25369"},{"taxonomy":"product_tag","embeddable":true,"href":"https:\/\/chemneo.com\/pt\/wp-json\/wp\/v2\/product_tag?post=25369"}],"curies":[{"name":"wp","href":"https:\/\/api.w.org\/{rel}","templated":true}]}}