{"id":25373,"date":"2024-12-02T15:50:47","date_gmt":"2024-12-02T07:50:47","guid":{"rendered":"https:\/\/chemneo.com\/product\/25373.html"},"modified":"2024-12-02T15:50:48","modified_gmt":"2024-12-02T07:50:48","slug":"methyl-2-pyridylacetate-2","status":"publish","type":"product","link":"https:\/\/chemneo.com\/pt\/product\/25373.html","title":{"rendered":"2-PIRIDILACETATO DE METILO"},"content":{"rendered":"<p>Propriedades qu\u00edmicas<\/p>\n<p>                        Ponto de ebuli\u00e7\u00e3o<br \/>\n                        103 \u00b0C\/0.5 mmHg (lit.)<\/p>\n<p>                        Densidade\u00a0<br \/>\n                        1.119 g\/mL at 25 \u00b0C (lit.)<\/p>\n<p>                        \u00edndice de refra\u00e7\u00e3o\u00a0<br \/>\n                        n20\/D 1.506(lit.)<\/p>\n<p>                        Ponto de inflama\u00e7\u00e3o<br \/>\n                        >230\u00a0\u00b0F<\/p>\n<p>                        storage temp.\u00a0<br \/>\n                        Inert atmosphere,Room Temperature<\/p>\n<p>                        pka<br \/>\n                        4.35\u00b10.12(Predicted)<\/p>\n<p>                        forma\u00a0<br \/>\n                        clear liquid<\/p>\n<p>                        color\u00a0<br \/>\n                        Light yellow to Amber to Dark green<\/p>\n<p>                        InChIKey<br \/>\n                        ORAKNQSHWMHCEY-UHFFFAOYSA-N<\/p>\n<p>                        CAS DataBase Reference<br \/>\n                        1658-42-0<\/p>","protected":false},"excerpt":{"rendered":"<p>Product Name\uff1aMETHYL 2-PYRIDYLACETATE<br \/>CAS\uff1a1658-42-0<br \/>MFC8H9NO2<br \/>MW\uff1a151.16<br \/>EINECS\uff1a216-759-8<br \/>MOL File\uff1a1658-42-0.mol<\/p>","protected":false},"featured_media":24874,"comment_status":"open","ping_status":"closed","template":"","meta":[],"product_brand":[],"product_cat":[17],"product_tag":[],"class_list":{"0":"post-25373","1":"product","2":"type-product","3":"status-publish","4":"has-post-thumbnail","6":"product_cat-uncategorized","8":"first","9":"instock","10":"shipping-taxable","11":"product-type-simple"},"_links":{"self":[{"href":"https:\/\/chemneo.com\/pt\/wp-json\/wp\/v2\/product\/25373","targetHints":{"allow":["GET"]}}],"collection":[{"href":"https:\/\/chemneo.com\/pt\/wp-json\/wp\/v2\/product"}],"about":[{"href":"https:\/\/chemneo.com\/pt\/wp-json\/wp\/v2\/types\/product"}],"replies":[{"embeddable":true,"href":"https:\/\/chemneo.com\/pt\/wp-json\/wp\/v2\/comments?post=25373"}],"wp:featuredmedia":[{"embeddable":true,"href":"https:\/\/chemneo.com\/pt\/wp-json\/wp\/v2\/media\/24874"}],"wp:attachment":[{"href":"https:\/\/chemneo.com\/pt\/wp-json\/wp\/v2\/media?parent=25373"}],"wp:term":[{"taxonomy":"product_brand","embeddable":true,"href":"https:\/\/chemneo.com\/pt\/wp-json\/wp\/v2\/product_brand?post=25373"},{"taxonomy":"product_cat","embeddable":true,"href":"https:\/\/chemneo.com\/pt\/wp-json\/wp\/v2\/product_cat?post=25373"},{"taxonomy":"product_tag","embeddable":true,"href":"https:\/\/chemneo.com\/pt\/wp-json\/wp\/v2\/product_tag?post=25373"}],"curies":[{"name":"wp","href":"https:\/\/api.w.org\/{rel}","templated":true}]}}