{"id":25393,"date":"2024-12-02T15:51:17","date_gmt":"2024-12-02T07:51:17","guid":{"rendered":"https:\/\/chemneo.com\/product\/25393.html"},"modified":"2024-12-02T15:51:18","modified_gmt":"2024-12-02T07:51:18","slug":"3-iodothiophene-2","status":"publish","type":"product","link":"https:\/\/chemneo.com\/pt\/product\/25393.html","title":{"rendered":"3-IODOTHIOPHENE"},"content":{"rendered":"<p>Propriedades qu\u00edmicas<\/p>\n<p>                        Melting point<br \/>\n                        -13.4 \u00b0C<\/p>\n<p>                        Ponto de ebuli\u00e7\u00e3o<br \/>\n                        75 \u00b0C\/14 mmHg (lit.)<\/p>\n<p>                        Densidade\u00a0<br \/>\n                        2.066 g\/mL at 25 \u00b0C (lit.)<\/p>\n<p>                        \u00edndice de refra\u00e7\u00e3o\u00a0<br \/>\n                        n20\/D 1.657(lit.)<\/p>\n<p>                        Ponto de inflama\u00e7\u00e3o<br \/>\n                        173\u00a0\u00b0F<\/p>\n<p>                        storage temp.\u00a0<br \/>\n                        2-8\u00b0C<\/p>\n<p>                        forma\u00a0<br \/>\n                        clear liquid<\/p>\n<p>                        color\u00a0<br \/>\n                        Colorless to Yellow<\/p>\n<p>                        Sensitive\u00a0<br \/>\n                        Light Sensitive<\/p>\n<p>                        BRN\u00a0<br \/>\n                        105451<\/p>\n<p>                        CAS DataBase Reference<br \/>\n                        10486-61-0(CAS DataBase Reference)<\/p>","protected":false},"excerpt":{"rendered":"<p>Product Name\uff1a3-IODOTHIOPHENE<br \/>CAS\uff1a10486-61-0<br \/>MFC4H3IS<br \/>MW\uff1a210.04<br \/>EINECS\uff1a234-009-8<br \/>MOL File\uff1a10486-61-0.mol<\/p>","protected":false},"featured_media":24514,"comment_status":"open","ping_status":"closed","template":"","meta":[],"product_brand":[],"product_cat":[17],"product_tag":[],"class_list":{"0":"post-25393","1":"product","2":"type-product","3":"status-publish","4":"has-post-thumbnail","6":"product_cat-uncategorized","8":"first","9":"instock","10":"shipping-taxable","11":"product-type-simple"},"_links":{"self":[{"href":"https:\/\/chemneo.com\/pt\/wp-json\/wp\/v2\/product\/25393","targetHints":{"allow":["GET"]}}],"collection":[{"href":"https:\/\/chemneo.com\/pt\/wp-json\/wp\/v2\/product"}],"about":[{"href":"https:\/\/chemneo.com\/pt\/wp-json\/wp\/v2\/types\/product"}],"replies":[{"embeddable":true,"href":"https:\/\/chemneo.com\/pt\/wp-json\/wp\/v2\/comments?post=25393"}],"wp:featuredmedia":[{"embeddable":true,"href":"https:\/\/chemneo.com\/pt\/wp-json\/wp\/v2\/media\/24514"}],"wp:attachment":[{"href":"https:\/\/chemneo.com\/pt\/wp-json\/wp\/v2\/media?parent=25393"}],"wp:term":[{"taxonomy":"product_brand","embeddable":true,"href":"https:\/\/chemneo.com\/pt\/wp-json\/wp\/v2\/product_brand?post=25393"},{"taxonomy":"product_cat","embeddable":true,"href":"https:\/\/chemneo.com\/pt\/wp-json\/wp\/v2\/product_cat?post=25393"},{"taxonomy":"product_tag","embeddable":true,"href":"https:\/\/chemneo.com\/pt\/wp-json\/wp\/v2\/product_tag?post=25393"}],"curies":[{"name":"wp","href":"https:\/\/api.w.org\/{rel}","templated":true}]}}