{"id":25400,"date":"2024-12-02T15:51:26","date_gmt":"2024-12-02T07:51:26","guid":{"rendered":"https:\/\/chemneo.com\/product\/25400.html"},"modified":"2024-12-02T15:51:27","modified_gmt":"2024-12-02T07:51:27","slug":"3-trifluoromethylpyridine-2","status":"publish","type":"product","link":"https:\/\/chemneo.com\/pt\/product\/25400.html","title":{"rendered":"3-Trifluoromethylpyridine"},"content":{"rendered":"<p>Propriedades qu\u00edmicas<\/p>\n<p>                        Ponto de ebuli\u00e7\u00e3o<br \/>\n                        113-115 \u00b0C (lit.)<\/p>\n<p>                        Densidade\u00a0<br \/>\n                        1.276 g\/mL at 25 \u00b0C<\/p>\n<p>                        \u00edndice de refra\u00e7\u00e3o\u00a0<br \/>\n                        n20\/D 1.418<\/p>\n<p>                        Ponto de inflama\u00e7\u00e3o<br \/>\n                        74\u00a0\u00b0F<\/p>\n<p>                        storage temp.\u00a0<br \/>\n                        Inert atmosphere,Room Temperature<\/p>\n<p>                        pka<br \/>\n                        2.80\u00b10.10(Predicted)<\/p>\n<p>                        forma\u00a0<br \/>\n                        clear liquid<\/p>\n<p>                        color\u00a0<br \/>\n                        Colorless to Light yellow<\/p>\n<p>                        BRN\u00a0<br \/>\n                        1563102<\/p>\n<p>                        CAS DataBase Reference<br \/>\n                        3796-23-4(CAS DataBase Reference)<\/p>\n<p>                        NIST Chemistry Reference<br \/>\n                        3-(CF3)-pyridine(3796-23-4)<\/p>","protected":false},"excerpt":{"rendered":"<p>Product Name\uff1a3-Trifluoromethylpyridine<br \/>CAS\uff1a3796-23-4<br \/>MFC6H4F3N<br \/>MW\uff1a147.1<br \/>EINECS\uff1a223-268-2<br \/>MOL File\uff1a3796-23-4.mol<\/p>","protected":false},"featured_media":24528,"comment_status":"open","ping_status":"closed","template":"","meta":[],"product_brand":[],"product_cat":[17],"product_tag":[],"class_list":{"0":"post-25400","1":"product","2":"type-product","3":"status-publish","4":"has-post-thumbnail","6":"product_cat-uncategorized","8":"first","9":"instock","10":"shipping-taxable","11":"product-type-simple"},"_links":{"self":[{"href":"https:\/\/chemneo.com\/pt\/wp-json\/wp\/v2\/product\/25400","targetHints":{"allow":["GET"]}}],"collection":[{"href":"https:\/\/chemneo.com\/pt\/wp-json\/wp\/v2\/product"}],"about":[{"href":"https:\/\/chemneo.com\/pt\/wp-json\/wp\/v2\/types\/product"}],"replies":[{"embeddable":true,"href":"https:\/\/chemneo.com\/pt\/wp-json\/wp\/v2\/comments?post=25400"}],"wp:featuredmedia":[{"embeddable":true,"href":"https:\/\/chemneo.com\/pt\/wp-json\/wp\/v2\/media\/24528"}],"wp:attachment":[{"href":"https:\/\/chemneo.com\/pt\/wp-json\/wp\/v2\/media?parent=25400"}],"wp:term":[{"taxonomy":"product_brand","embeddable":true,"href":"https:\/\/chemneo.com\/pt\/wp-json\/wp\/v2\/product_brand?post=25400"},{"taxonomy":"product_cat","embeddable":true,"href":"https:\/\/chemneo.com\/pt\/wp-json\/wp\/v2\/product_cat?post=25400"},{"taxonomy":"product_tag","embeddable":true,"href":"https:\/\/chemneo.com\/pt\/wp-json\/wp\/v2\/product_tag?post=25400"}],"curies":[{"name":"wp","href":"https:\/\/api.w.org\/{rel}","templated":true}]}}