{"id":25448,"date":"2024-12-02T15:52:33","date_gmt":"2024-12-02T07:52:33","guid":{"rendered":"https:\/\/chemneo.com\/product\/25448.html"},"modified":"2024-12-02T15:52:34","modified_gmt":"2024-12-02T07:52:34","slug":"2-amino-5-bromo-4-methylpyridine-3","status":"publish","type":"product","link":"https:\/\/chemneo.com\/pt\/product\/25448.html","title":{"rendered":"2-Amino-5-bromo-4-metilpiridina"},"content":{"rendered":"<p>Propriedades qu\u00edmicas<\/p>\n<p>                        Melting point<br \/>\n                        148-151 \u00b0C (lit.)<\/p>\n<p>                        Ponto de ebuli\u00e7\u00e3o<br \/>\n                        254.2\u00b135.0 \u00b0C(Predicted)<\/p>\n<p>                        Densidade\u00a0<br \/>\n                        1.5672 (rough estimate)<\/p>\n<p>                        \u00edndice de refra\u00e7\u00e3o\u00a0<br \/>\n                        1.5500 (estimate)<\/p>\n<p>                        storage temp.\u00a0<br \/>\n                        Keep in dark place,Inert atmosphere,Room temperature<\/p>\n<p>                        solubility\u00a0<br \/>\n                        Soluble in methanol.<\/p>\n<p>                        forma\u00a0<br \/>\n                        P\u00f3<\/p>\n<p>                        pka<br \/>\n                        5.27\u00b10.24(Predicted)<\/p>\n<p>                        color\u00a0<br \/>\n                        Cream<\/p>\n<p>                        CAS DataBase Reference<br \/>\n                        98198-48-2(CAS DataBase Reference)<\/p>","protected":false},"excerpt":{"rendered":"<p>Product Name\uff1a2-Amino-5-bromo-4-methylpyridine<br \/>CAS\uff1a98198-48-2<br \/>MFC6H7BrN2<br \/>MW\uff1a187.04<br \/>EINECS\uff1a628-174-9<br \/>MOL File\uff1a98198-48-2.mol<\/p>","protected":false},"featured_media":24694,"comment_status":"open","ping_status":"closed","template":"","meta":[],"product_brand":[],"product_cat":[17],"product_tag":[],"class_list":{"0":"post-25448","1":"product","2":"type-product","3":"status-publish","4":"has-post-thumbnail","6":"product_cat-uncategorized","8":"first","9":"instock","10":"shipping-taxable","11":"product-type-simple"},"_links":{"self":[{"href":"https:\/\/chemneo.com\/pt\/wp-json\/wp\/v2\/product\/25448","targetHints":{"allow":["GET"]}}],"collection":[{"href":"https:\/\/chemneo.com\/pt\/wp-json\/wp\/v2\/product"}],"about":[{"href":"https:\/\/chemneo.com\/pt\/wp-json\/wp\/v2\/types\/product"}],"replies":[{"embeddable":true,"href":"https:\/\/chemneo.com\/pt\/wp-json\/wp\/v2\/comments?post=25448"}],"wp:featuredmedia":[{"embeddable":true,"href":"https:\/\/chemneo.com\/pt\/wp-json\/wp\/v2\/media\/24694"}],"wp:attachment":[{"href":"https:\/\/chemneo.com\/pt\/wp-json\/wp\/v2\/media?parent=25448"}],"wp:term":[{"taxonomy":"product_brand","embeddable":true,"href":"https:\/\/chemneo.com\/pt\/wp-json\/wp\/v2\/product_brand?post=25448"},{"taxonomy":"product_cat","embeddable":true,"href":"https:\/\/chemneo.com\/pt\/wp-json\/wp\/v2\/product_cat?post=25448"},{"taxonomy":"product_tag","embeddable":true,"href":"https:\/\/chemneo.com\/pt\/wp-json\/wp\/v2\/product_tag?post=25448"}],"curies":[{"name":"wp","href":"https:\/\/api.w.org\/{rel}","templated":true}]}}