{"id":289,"date":"2024-08-06T01:57:41","date_gmt":"2024-08-06T01:57:41","guid":{"rendered":"https:\/\/chemneo.com\/?post_type=product&#038;p=289"},"modified":"2024-08-06T01:57:48","modified_gmt":"2024-08-06T01:57:48","slug":"ec-3-4-21-14-cas9014-01-1","status":"publish","type":"product","link":"https:\/\/chemneo.com\/pt\/product\/289.html","title":{"rendered":"EC 3.4.21.14 CAS#9014-01-1"},"content":{"rendered":"<div id=\"ContentPlaceHolder1_ProductChemPropertyA\">\n<table border=\"0\" width=\"100%\" cellspacing=\"0\" cellpadding=\"0\" align=\"center\">\n<tbody>\n<tr>\n<td class=\"td6\" bgcolor=\"DEEEF4\" width=\"611\" height=\"23\">EC 3.4.21.14 Chemical Properties<\/td>\n<\/tr>\n<\/tbody>\n<\/table>\n<table border=\"0\" width=\"100%\" cellspacing=\"1\" cellpadding=\"2\" bgcolor=\"d5d5d5\">\n<tbody>\n<tr class=\"ProdSupplierGN_ProductA_1\">\n<td class=\"td12\">densidade<\/td>\n<td bgcolor=\"#fafafa\"><span style=\"color: #0066cc;\">1.3<\/span><\/td>\n<\/tr>\n<tr class=\"ProdSupplierGN_ProductA_2\">\n<td bgcolor=\"#FFFFFF\">vapor pressure<\/td>\n<td bgcolor=\"#FFFFFF\"><span style=\"color: #0066cc;\">0Pa at 25\u2103<\/span><\/td>\n<\/tr>\n<tr class=\"ProdSupplierGN_ProductA_1\">\n<td class=\"td12\">storage temp.<\/td>\n<td bgcolor=\"#fafafa\"><span style=\"color: #0066cc;\">2-8\u00b0C<\/span><\/td>\n<\/tr>\n<tr class=\"ProdSupplierGN_ProductA_2\">\n<td bgcolor=\"#FFFFFF\">forma<\/td>\n<td bgcolor=\"#FFFFFF\"><span style=\"color: #0066cc;\">powder<\/span><\/td>\n<\/tr>\n<tr class=\"ProdSupplierGN_ProductA_1\">\n<td class=\"td12\">color<\/td>\n<td bgcolor=\"#fafafa\"><span style=\"color: #0066cc;\">white<\/span><\/td>\n<\/tr>\n<tr class=\"ProdSupplierGN_ProductA_2\">\n<td bgcolor=\"#FFFFFF\">Water Solubility<\/td>\n<td bgcolor=\"#FFFFFF\"><span style=\"color: #0066cc;\">100g\/L at 25\u2103<\/span><\/td>\n<\/tr>\n<tr class=\"ProdSupplierGN_ProductA_1\">\n<td class=\"td12\">Estabilidade:<\/td>\n<td bgcolor=\"#fafafa\"><span style=\"color: #0066cc;\">store cold<\/span><\/td>\n<\/tr>\n<tr class=\"ProdSupplierGN_ProductA_2\">\n<td bgcolor=\"#FFFFFF\">LogP<\/td>\n<td bgcolor=\"#FFFFFF\"><span style=\"color: #0066cc;\">-3.1 at 25\u2103<\/span><\/td>\n<\/tr>\n<tr class=\"ProdSupplierGN_ProductA_1\">\n<td class=\"td12\">CAS DataBase Reference<\/td>\n<td bgcolor=\"#fafafa\"><span style=\"color: #0066cc;\"><a title=\"9014-01-1(CAS DataBase Reference)\" href=\"https:\/\/www.chemicalbook.com\/CAS_9014-01-1.htm\" target=\"_blank\" rel=\"noopener\">9014-01-1<\/a><\/span><\/td>\n<\/tr>\n<tr class=\"ProdSupplierGN_ProductA_2\">\n<td bgcolor=\"#FFFFFF\">Sistema de Registo de Subst\u00e2ncias da EPA<\/td>\n<td bgcolor=\"#FFFFFF\"><span style=\"color: #0066cc;\"><a title=\"Subtilisin (9014-01-1)\" href=\"https:\/\/ofmpub.epa.gov\/sor_internet\/registry\/substreg\/searchandretrieve\/substancesearch\/search.do?details=displayDetails&amp;selectedSubstanceId=37117\" rel=\"nofollow noopener\" target=\"_blank\">Subtilisin (9014-01-1)<\/a><\/span><\/td>\n<\/tr>\n<\/tbody>\n<\/table>\n<\/div>\n<div id=\"ContentPlaceHolder1_ProductChemSafePropertyA\">\n<table border=\"0\" width=\"100%\" cellspacing=\"0\" cellpadding=\"0\" align=\"center\">\n<tbody>\n<tr>\n<td bgcolor=\"64B7D7\" height=\"1\"><\/td>\n<\/tr>\n<tr>\n<td class=\"td6\" bgcolor=\"DEEEF4\" width=\"611\" height=\"23\">Informa\u00e7\u00f5es de seguran\u00e7a<\/td>\n<\/tr>\n<\/tbody>\n<\/table>\n<table border=\"0\" width=\"100%\" cellspacing=\"1\" cellpadding=\"2\" bgcolor=\"d5d5d5\">\n<tbody>\n<tr class=\"ProdSupplierGN_ProductA_1\">\n<td class=\"td12\">Hazard Codes<\/td>\n<td bgcolor=\"#fafafa\"><span style=\"color: #0066cc;\"><a href=\"https:\/\/www.chemicalbook.com\/RiskAndSafety.htm#hazards\" target=\"_blank\" rel=\"noopener\">Xn,N<\/a><\/span><\/td>\n<\/tr>\n<tr class=\"ProdSupplierGN_ProductA_2\">\n<td bgcolor=\"#FFFFFF\">Risk Statements<\/td>\n<td bgcolor=\"#FFFFFF\"><span style=\"color: #0066cc;\"><a href=\"https:\/\/www.chemicalbook.com\/RiskAndSafety.htm#Risk\" target=\"_blank\" rel=\"noopener\">37\/38-41-42-36\/37\/38-50-22<\/a><\/span><\/td>\n<\/tr>\n<tr class=\"ProdSupplierGN_ProductA_1\">\n<td class=\"td12\">Safety Statements<\/td>\n<td bgcolor=\"#fafafa\"><span style=\"color: #0066cc;\"><a href=\"https:\/\/www.chemicalbook.com\/RiskAndSafety.htm#Safety\" target=\"_blank\" rel=\"noopener\">23-24-26-36\/37\/39-22-36\/37-61-45-39<\/a><\/span><\/td>\n<\/tr>\n<tr class=\"ProdSupplierGN_ProductA_2\">\n<td bgcolor=\"#FFFFFF\">RIDADR<\/td>\n<td bgcolor=\"#FFFFFF\"><span style=\"color: #0066cc;\">3082<\/span><\/td>\n<\/tr>\n<tr class=\"ProdSupplierGN_ProductA_1\">\n<td class=\"td12\">OEL<\/td>\n<td bgcolor=\"#fafafa\"><span style=\"color: #0066cc;\">STEL: 0.00006 mg\/m3 [60-minute]<\/span><\/td>\n<\/tr>\n<tr class=\"ProdSupplierGN_ProductA_2\">\n<td bgcolor=\"#FFFFFF\">WGK Germany<\/td>\n<td bgcolor=\"#FFFFFF\"><span style=\"color: #0066cc;\">2<\/span><\/td>\n<\/tr>\n<tr class=\"ProdSupplierGN_ProductA_1\">\n<td class=\"td12\">RTECS<\/td>\n<td bgcolor=\"#fafafa\"><span style=\"color: #0066cc;\">UK9540000<\/span><\/td>\n<\/tr>\n<tr class=\"ProdSupplierGN_ProductA_2\">\n<td bgcolor=\"#FFFFFF\">F<\/td>\n<td bgcolor=\"#FFFFFF\"><span style=\"color: #0066cc;\"><a href=\"https:\/\/www.chemicalbook.com\/RiskAndSafety.htm#hazards\" target=\"_blank\" rel=\"noopener\">3-10<\/a><\/span><\/td>\n<\/tr>\n<tr class=\"ProdSupplierGN_ProductA_1\">\n<td class=\"td12\">HS Code<\/td>\n<td bgcolor=\"#fafafa\"><span style=\"color: #0066cc;\">35079090<\/span><\/td>\n<\/tr>\n<tr class=\"ProdSupplierGN_ProductA_2\">\n<td bgcolor=\"#FFFFFF\">Hazardous Substances Data<\/td>\n<td bgcolor=\"#FFFFFF\"><span style=\"color: #0066cc;\"><a title=\"9014-01-1(Hazardous Substances Data)\" href=\"https:\/\/pubchem.ncbi.nlm.nih.gov\/source\/hsdb\/7921\" rel=\"nofollow noopener\" target=\"_blank\">9014-01-1(Hazardous Substances Data)<\/a><\/span><\/td>\n<\/tr>\n<tr class=\"ProdSupplierGN_ProductA_1\">\n<td class=\"td12\">Toxicidade<\/td>\n<td bgcolor=\"#fafafa\"><span style=\"color: #0066cc;\">LD50 orl-rat: 3700 mg\/kg FCTXAV 7,581,69<\/span><\/td>\n<\/tr>\n<\/tbody>\n<\/table>\n<\/div>","protected":false},"excerpt":{"rendered":"<p>EC 3.4.21.14, previously classified, now redirects to EC 3.4.21.67, identifying endopeptidase So. This serine endopeptidase is integral in the hydrolysis of peptide bonds, a critical function in biological systems. Its applications extend across research and development in the pharmaceutical and biotechnological industries.<\/p>","protected":false},"featured_media":159,"comment_status":"closed","ping_status":"closed","template":"","meta":[],"product_brand":[],"product_cat":[22],"product_tag":[24],"class_list":{"0":"post-289","1":"product","2":"type-product","3":"status-publish","4":"has-post-thumbnail","6":"product_cat-daily-chemicals","7":"product_tag-daily-chemicals","9":"first","10":"instock","11":"shipping-taxable","12":"product-type-simple"},"_links":{"self":[{"href":"https:\/\/chemneo.com\/pt\/wp-json\/wp\/v2\/product\/289","targetHints":{"allow":["GET"]}}],"collection":[{"href":"https:\/\/chemneo.com\/pt\/wp-json\/wp\/v2\/product"}],"about":[{"href":"https:\/\/chemneo.com\/pt\/wp-json\/wp\/v2\/types\/product"}],"replies":[{"embeddable":true,"href":"https:\/\/chemneo.com\/pt\/wp-json\/wp\/v2\/comments?post=289"}],"wp:featuredmedia":[{"embeddable":true,"href":"https:\/\/chemneo.com\/pt\/wp-json\/wp\/v2\/media\/159"}],"wp:attachment":[{"href":"https:\/\/chemneo.com\/pt\/wp-json\/wp\/v2\/media?parent=289"}],"wp:term":[{"taxonomy":"product_brand","embeddable":true,"href":"https:\/\/chemneo.com\/pt\/wp-json\/wp\/v2\/product_brand?post=289"},{"taxonomy":"product_cat","embeddable":true,"href":"https:\/\/chemneo.com\/pt\/wp-json\/wp\/v2\/product_cat?post=289"},{"taxonomy":"product_tag","embeddable":true,"href":"https:\/\/chemneo.com\/pt\/wp-json\/wp\/v2\/product_tag?post=289"}],"curies":[{"name":"wp","href":"https:\/\/api.w.org\/{rel}","templated":true}]}}