{"id":295,"date":"2024-08-06T01:57:46","date_gmt":"2024-08-06T01:57:46","guid":{"rendered":"https:\/\/chemneo.com\/?post_type=product&#038;p=295"},"modified":"2024-08-06T01:57:51","modified_gmt":"2024-08-06T01:57:51","slug":"coconut-diethanolamide-cas68603-42-9","status":"publish","type":"product","link":"https:\/\/chemneo.com\/pt\/product\/295.html","title":{"rendered":"Dietanolamida de coco CAS#68603-42-9"},"content":{"rendered":"<div id=\"ContentPlaceHolder1_ProductChemPropertyA\">\n<table border=\"0\" width=\"100%\" cellspacing=\"0\" cellpadding=\"0\" align=\"center\">\n<tbody>\n<tr>\n<td class=\"td6\" bgcolor=\"DEEEF4\" width=\"611\" height=\"23\">Coconut diethanolamide Chemical Properties<\/td>\n<\/tr>\n<\/tbody>\n<\/table>\n<table border=\"0\" width=\"100%\" cellspacing=\"1\" cellpadding=\"2\" bgcolor=\"d5d5d5\">\n<tbody>\n<tr class=\"ProdSupplierGN_ProductA_1\">\n<td class=\"td12\">Ponto de ebuli\u00e7\u00e3o<\/td>\n<td bgcolor=\"#fafafa\"><span style=\"color: #0066cc;\">168-274\u00b0C<\/span><\/td>\n<\/tr>\n<tr class=\"ProdSupplierGN_ProductA_2\">\n<td bgcolor=\"#FFFFFF\">Odor<\/td>\n<td bgcolor=\"#FFFFFF\"><span style=\"color: #0066cc;\">at 100.00?%. mild ammonia<\/span><\/td>\n<\/tr>\n<tr class=\"ProdSupplierGN_ProductA_1\">\n<td class=\"td12\">Water Solubility<\/td>\n<td bgcolor=\"#fafafa\"><span style=\"color: #0066cc;\">5-10 g\/100 mL at 18 \u00baC<\/span><\/td>\n<\/tr>\n<tr class=\"ProdSupplierGN_ProductA_2\">\n<td bgcolor=\"#FFFFFF\">Estabilidade:<\/td>\n<td bgcolor=\"#FFFFFF\"><span style=\"color: #0066cc;\">Stable. Combustible. Incompatible with strong oxidizing agents.<\/span><\/td>\n<\/tr>\n<tr class=\"ProdSupplierGN_ProductA_1\">\n<td class=\"td12\">IARC<\/td>\n<td bgcolor=\"#fafafa\"><span style=\"color: #0066cc;\">2B (Vol. 101) 2013<\/span><\/td>\n<\/tr>\n<tr class=\"ProdSupplierGN_ProductA_2\">\n<td bgcolor=\"#FFFFFF\">Sistema de Registo de Subst\u00e2ncias da EPA<\/td>\n<td bgcolor=\"#FFFFFF\"><span style=\"color: #0066cc;\"><a title=\"Cocamides diethanolamines (68603-42-9)\" href=\"https:\/\/ofmpub.epa.gov\/sor_internet\/registry\/substreg\/searchandretrieve\/substancesearch\/search.do?details=displayDetails&amp;selectedSubstanceId=11132\" rel=\"nofollow noopener\" target=\"_blank\">Cocamides diethanolamines (68603-42-9)<\/a><\/span><\/td>\n<\/tr>\n<\/tbody>\n<\/table>\n<\/div>\n<div id=\"ContentPlaceHolder1_ProductChemSafePropertyA\">\n<table border=\"0\" width=\"100%\" cellspacing=\"0\" cellpadding=\"0\" align=\"center\">\n<tbody>\n<tr>\n<td bgcolor=\"64B7D7\" height=\"1\"><\/td>\n<\/tr>\n<tr>\n<td class=\"td6\" bgcolor=\"DEEEF4\" width=\"611\" height=\"23\">Informa\u00e7\u00f5es de seguran\u00e7a<\/td>\n<\/tr>\n<\/tbody>\n<\/table>\n<table border=\"0\" width=\"100%\" cellspacing=\"1\" cellpadding=\"2\" bgcolor=\"d5d5d5\">\n<tbody>\n<tr class=\"ProdSupplierGN_ProductA_1\">\n<td class=\"td12\">Hazardous Substances Data<\/td>\n<td bgcolor=\"#fafafa\"><span style=\"color: #0066cc;\"><a title=\"68603-42-9(Hazardous Substances Data)\" href=\"https:\/\/pubchem.ncbi.nlm.nih.gov\/source\/hsdb\/4209\" rel=\"nofollow noopener\" target=\"_blank\">68603-42-9(Hazardous Substances Data)<\/a><\/span><\/td>\n<\/tr>\n<\/tbody>\n<\/table>\n<\/div>\n<div id=\"ContentPlaceHolder1_ProductMSDS\">\n<table border=\"0\" width=\"100%\" cellspacing=\"0\" cellpadding=\"0\" align=\"center\">\n<tbody>\n<tr>\n<td bgcolor=\"64B7D7\" height=\"1\"><a name=\"MSDSA\"><\/a><\/td>\n<\/tr>\n<tr>\n<td class=\"td6\" bgcolor=\"DEEEF4\" width=\"611\" height=\"23\"><span id=\"ContentPlaceHolder1_MSDStitle\">Informa\u00e7\u00e3o MSDS<\/span><\/td>\n<\/tr>\n<\/tbody>\n<\/table>\n<div>\n<table id=\"ContentPlaceHolder1_GridView1\" cellspacing=\"0\" cellpadding=\"4\">\n<tbody>\n<tr>\n<th scope=\"col\">Provider<\/th>\n<th scope=\"col\">Language<\/th>\n<\/tr>\n<tr align=\"center\">\n<td><a href=\"https:\/\/www.chemicalbook.com\/ProductMSDSDetailCB9192841_EN.htm\" target=\"_blank\" rel=\"noopener\">Coconut diethanolamide<\/a><\/td>\n<td>English<\/td>\n<\/tr>\n<\/tbody>\n<\/table>\n<\/div>\n<\/div>\n<div id=\"ContentPlaceHolder1_ProductApplication\">\n<table border=\"0\" width=\"100%\" cellspacing=\"0\" cellpadding=\"0\" align=\"center\">\n<tbody>\n<tr>\n<td bgcolor=\"64B7D7\" height=\"1\"><\/td>\n<\/tr>\n<tr>\n<td class=\"td6\" bgcolor=\"DEEEF4\" width=\"611\" height=\"23\">Coconut diethanolamide Usage And Synthesis<\/td>\n<\/tr>\n<\/tbody>\n<\/table>\n<table border=\"0\" width=\"100%\" cellspacing=\"1\" cellpadding=\"2\" bgcolor=\"d5d5d5\">\n<tbody>\n<tr class=\"ProdSupplierGN_ProductA_1\">\n<td class=\"td12\" valign=\"top\">Descri\u00e7\u00e3o<\/td>\n<td bgcolor=\"#fafafa\"><span style=\"color: #0066cc;\">Cocamide DEA is also named N,N-bis(2-hydroxyethyl) coco fatty acid diethanolamide, coconut fatty acid diethanolamide, cocoyl diethanolamide, and coconut oil acid diethanolamide. It is manufactured from coconut oil and is widely used in industry and at horne as a surface-active agent. It is contained in hand gels, handwashing soaps, shampoos and dish-washing liquids for its foam-producing and stabilizing properties, and in metalworking fluids and polishing agents as an anticorrosion inhibitor.<\/span><\/td>\n<\/tr>\n<tr class=\"ProdSupplierGN_ProductA_2\">\n<td valign=\"top\" bgcolor=\"\">Propriedades qu\u00edmicas<\/td>\n<td bgcolor=\"#FFFFFF\"><span style=\"color: #0066cc;\">viscous yellow to amber liquid<\/span><\/td>\n<\/tr>\n<tr class=\"ProdSupplierGN_ProductA_1\">\n<td class=\"td12\" valign=\"top\">Utiliza\u00e7\u00f5es<\/td>\n<td bgcolor=\"#fafafa\"><span style=\"color: #0066cc;\">cocamide DEA is a thickener and viscosity builder for cosmetic surfactant systems. It is added to lauryl sulfate-based liquid cleansers to help stabilize the lather and improve foam formation.<\/span><\/td>\n<\/tr>\n<tr class=\"ProdSupplierGN_ProductA_2\">\n<td valign=\"top\" bgcolor=\"\">Utiliza\u00e7\u00f5es<\/td>\n<td bgcolor=\"#FFFFFF\"><span style=\"color: #0066cc;\">Coconut diethanolamide is a mixture of ethanolamides of coconut acid. It is a component in bath, shower and body cosmetics and in cooling fluids; emulsifying agent; emulsion stabilizer; surfactant- and viscosity-controlling agent.<\/span><\/td>\n<\/tr>\n<tr class=\"ProdSupplierGN_ProductA_1\">\n<td class=\"td12\" valign=\"top\">Aplica\u00e7\u00e3o<\/td>\n<td bgcolor=\"#fafafa\"><span style=\"color: #0066cc;\">Coconut diethanolamide has the properties of wetting, washing, emulsifying, softening, etc. It has good foam stabilising effect on anionic surfactants. It is an indispensable raw material for a variety of cosmetic products such as liquid detergents, liquid soaps, shampoos, cleansers and cleansers. When used with soap, it is resistant to hard water.<br data-filtered=\"filtered\" \/>It can also be used as an emulsifying stabiliser for cream products, and is widely used in shoe polish, printing inks, drawing supplies and so on.<br data-filtered=\"filtered\" \/>It is used in the textile printing and dyeing industry as a detergent for fabrics, as well as other detergent ingredients and thickeners.<br data-filtered=\"filtered\" \/>It is one of the components of spinning oil for synthetic fibres such as polypropylene. It has a good thickening effect on liquid products using anionic surfactants as the main raw material.<br data-filtered=\"filtered\" \/>It has a certain antistatic conditioning effect and is less irritating to the skin.<br data-filtered=\"filtered\" \/>It is widely used as an emulsifier for oily raw materials in various cosmetics and surfactant products. It is commonly used in cosmetic formulations for bath oils, shampoos, conditioners, lipsticks and hair dyes. It is also a surfactant in soap bars, light detergents and dishwashing detergents, and a degreasing agent for cottonseed.<br data-filtered=\"filtered\" \/><\/span><\/td>\n<\/tr>\n<tr class=\"ProdSupplierGN_ProductA_2\">\n<td valign=\"top\" bgcolor=\"\">General Description<\/td>\n<td bgcolor=\"#FFFFFF\"><span style=\"color: #0066cc;\">Viscous amber or yellow liquid. pH (1% aqueous solution) 9.<\/span><\/td>\n<\/tr>\n<tr class=\"ProdSupplierGN_ProductA_1\">\n<td class=\"td12\" valign=\"top\">Air &amp; Water Reactions<\/td>\n<td bgcolor=\"#fafafa\"><span style=\"color: #0066cc;\">Water soluble. Foams in water.<\/span><\/td>\n<\/tr>\n<tr class=\"ProdSupplierGN_ProductA_2\">\n<td valign=\"top\" bgcolor=\"\">Reactivity Profile<\/td>\n<td bgcolor=\"#FFFFFF\"><span style=\"color: #0066cc;\">Coconut diethanolamide is a mixture of amines. Amines are chemical bases. They neutralize acids to form salts plus water. These acid-base reactions are exothermic. The amount of heat that is evolved per mole of amine in a neutralization is largely independent of the strength of the amine as a base. Amines may be incompatible with isocyanates, halogenated organics, peroxides, phenols (acidic), epoxides, anhydrides, and acid halides. Flammable gaseous hydrogen is generated by amines in combination with strong reducing agents, such as hydrides.<\/span><\/td>\n<\/tr>\n<tr class=\"ProdSupplierGN_ProductA_1\">\n<td class=\"td12\" valign=\"top\">Hazard<\/td>\n<td bgcolor=\"#fafafa\"><span style=\"color: #0066cc;\">A poison by ingestion. A moderate skin irritant.<\/span><\/td>\n<\/tr>\n<tr class=\"ProdSupplierGN_ProductA_2\">\n<td valign=\"top\" bgcolor=\"\">Fire Hazard<\/td>\n<td bgcolor=\"#FFFFFF\"><span style=\"color: #0066cc;\">Coconut diethanolamide is probably combustible.<\/span><\/td>\n<\/tr>\n<tr class=\"ProdSupplierGN_ProductA_1\">\n<td class=\"td12\" valign=\"top\">Contact allergens<\/td>\n<td bgcolor=\"#fafafa\"><span style=\"color: #0066cc;\">Cocamide DEA, manufactured from coconut oil, is widely used in industry and at home as a surface-active agent. It is contained in hand gels, hand washing soaps, shampoos, and dish-washing liquids for its foam-producing and stabilizing properties, and in metal working fluids and polishing agents as an anticorrosion inhibitor.<\/span><\/td>\n<\/tr>\n<tr class=\"ProdSupplierGN_ProductA_2\">\n<td valign=\"top\" bgcolor=\"\">Safety Profile<\/td>\n<td bgcolor=\"#FFFFFF\"><span style=\"color: #0066cc;\">A poison by ingestion. A moderate skin irritant. Questionable carcinogen with experimental Carcinogenic data reported. When heated to decomposition it emits acrid smoke and irritating vapors.<\/span><\/td>\n<\/tr>\n<tr class=\"ProdSupplierGN_ProductA_1\">\n<td class=\"td12\" valign=\"top\">Synthesis<\/td>\n<td bgcolor=\"#fafafa\"><span style=\"color: #0066cc;\">Coconut diethanolamide is produced by the condensation reaction of an appropriate fatty acid (methyl cocoate, coconut oil, whole coconut acid, or stripped coconut fatty acids) with diethanolamine in 1:1 or 1:2 molar ratios using temperatures up to 170\u00b0C and in the presence of an alkaline catalyst. The 1:2 mixtures of fatty acids (or methyl fatty acids) with diethanolamine result in low quality diethanolamides with residual ethylene glycol and free diethanolamine. 1:1 mixtures produce higher quality diethanolamides with much less free amine, and are therefore used in lower concentrations than the 1:2 diethanolamides.<\/span><\/td>\n<\/tr>\n<\/tbody>\n<\/table>\n<\/div>","protected":false},"excerpt":{"rendered":"<p>A dietanolamida de coco \u00e9 um derivado dos \u00e1cidos gordos do coco, em que o \u00e1cido gordo reage com a dietanolamina para formar uma amida. Este composto \u00e9 normalmente utilizado como emulsionante e modificador de viscosidade em produtos de cuidados pessoais, tais como champ\u00f4s, amaciadores e cremes. Confere uma textura suave e aumenta a estabilidade das formula\u00e7\u00f5es. A dietanolamida de coco \u00e9 valorizada pela sua capacidade de melhorar as propriedades de forma\u00e7\u00e3o de espuma e a sensa\u00e7\u00e3o de pele dos produtos, tornando-a um ingrediente preferido para a cria\u00e7\u00e3o de formula\u00e7\u00f5es luxuosas e eficazes na ind\u00fastria dos cosm\u00e9ticos e dos cuidados pessoais.<\/p>","protected":false},"featured_media":306,"comment_status":"closed","ping_status":"closed","template":"","meta":[],"product_brand":[],"product_cat":[22],"product_tag":[35],"class_list":{"0":"post-295","1":"product","2":"type-product","3":"status-publish","4":"has-post-thumbnail","6":"product_cat-daily-chemicals","7":"product_tag-coconut-diethanolamide","9":"first","10":"instock","11":"shipping-taxable","12":"product-type-simple"},"_links":{"self":[{"href":"https:\/\/chemneo.com\/pt\/wp-json\/wp\/v2\/product\/295","targetHints":{"allow":["GET"]}}],"collection":[{"href":"https:\/\/chemneo.com\/pt\/wp-json\/wp\/v2\/product"}],"about":[{"href":"https:\/\/chemneo.com\/pt\/wp-json\/wp\/v2\/types\/product"}],"replies":[{"embeddable":true,"href":"https:\/\/chemneo.com\/pt\/wp-json\/wp\/v2\/comments?post=295"}],"wp:featuredmedia":[{"embeddable":true,"href":"https:\/\/chemneo.com\/pt\/wp-json\/wp\/v2\/media\/306"}],"wp:attachment":[{"href":"https:\/\/chemneo.com\/pt\/wp-json\/wp\/v2\/media?parent=295"}],"wp:term":[{"taxonomy":"product_brand","embeddable":true,"href":"https:\/\/chemneo.com\/pt\/wp-json\/wp\/v2\/product_brand?post=295"},{"taxonomy":"product_cat","embeddable":true,"href":"https:\/\/chemneo.com\/pt\/wp-json\/wp\/v2\/product_cat?post=295"},{"taxonomy":"product_tag","embeddable":true,"href":"https:\/\/chemneo.com\/pt\/wp-json\/wp\/v2\/product_tag?post=295"}],"curies":[{"name":"wp","href":"https:\/\/api.w.org\/{rel}","templated":true}]}}