{"id":3798,"date":"2024-08-28T02:58:15","date_gmt":"2024-08-28T02:58:15","guid":{"rendered":"https:\/\/chemneo.com\/?post_type=product&#038;p=3798"},"modified":"2024-08-28T02:59:03","modified_gmt":"2024-08-28T02:59:03","slug":"terpene-resin-cas9003-74-1-2","status":"publish","type":"product","link":"https:\/\/chemneo.com\/pt\/product\/3798.html","title":{"rendered":"Resina de terpeno CAS#9003-74-1"},"content":{"rendered":"<p>Resina de terpeno CAS#9003-74-1<\/p>\n<table border=\"0\" width=\"100%\" cellspacing=\"0\" cellpadding=\"0\" align=\"center\">\n<tbody>\n<tr>\n<td class=\"td6\" bgcolor=\"DEEEF4\" width=\"611\" height=\"23\">Terpene resin Chemical Properties<\/td>\n<\/tr>\n<\/tbody>\n<\/table>\n<table border=\"0\" width=\"100%\" cellspacing=\"1\" cellpadding=\"2\" bgcolor=\"d5d5d5\">\n<tbody>\n<tr class=\"ProdSupplierGN_ProductA_1\">\n<td class=\"td12\">densidade<\/td>\n<td bgcolor=\"#fafafa\"><span style=\"color: #0066cc;\">0,98 g\/cm<sup>3<\/sup><\/span><\/td>\n<\/tr>\n<tr class=\"ProdSupplierGN_ProductA_2\">\n<td bgcolor=\"#FFFFFF\">Fp<\/td>\n<td bgcolor=\"#FFFFFF\"><span style=\"color: #0066cc;\">240\u00b0C<\/span><\/td>\n<\/tr>\n<tr class=\"ProdSupplierGN_ProductA_1\">\n<td class=\"td12\">CAS DataBase Reference<\/td>\n<td bgcolor=\"#fafafa\"><span style=\"color: #0066cc;\">9003-74-1<\/span><\/td>\n<\/tr>\n<tr class=\"ProdSupplierGN_ProductA_2\">\n<td bgcolor=\"#FFFFFF\">Sistema de Registo de Subst\u00e2ncias da EPA<\/td>\n<td bgcolor=\"#FFFFFF\"><span style=\"color: #0066cc;\">Terpene resin (9003-74-1)<\/span><\/td>\n<\/tr>\n<\/tbody>\n<\/table>","protected":false},"excerpt":{"rendered":"<div class=\"pop-container\">\n<div class=\"popcontent-hole\">\n<div class=\"pop-content\">\n<div class=\"normal___qxduM\">\n<div class=\"markdown___vuBDJ\">\n<p class=\"last-node\">A resina terp\u00e9nica \u00e9 um tipo de resina natural derivada de terpenos, que s\u00e3o compostos org\u00e2nicos encontrados em v\u00e1rias plantas. \u00c9 conhecida pelas suas propriedades arom\u00e1ticas e \u00e9 normalmente utilizada na produ\u00e7\u00e3o de fragr\u00e2ncias, aromatizantes e como componente em adesivos e revestimentos na ind\u00fastria qu\u00edmica. A resina terp\u00e9nica oferece uma s\u00e9rie de benef\u00edcios, incluindo o aumento da solubilidade dos \u00f3leos essenciais e o fornecimento de uma base est\u00e1vel para v\u00e1rias aplica\u00e7\u00f5es. A sua origem natural torna-a uma escolha preferida para produtos ecol\u00f3gicos.<\/p>\n<\/div>\n<\/div>\n<\/div>\n<div class=\"chatSegmentBottomActions___NZ_V8\">\n<div class=\"leftbtns___BpCju MuiBox-root css-1mdh3j9\">\n<div class=\"MuiBox-root css-v48vqp\"><\/div>\n<div class=\"MuiBox-root css-r8wxqi\"><\/div>\n<\/div>\n<\/div>\n<\/div>\n<\/div>\n<div class=\"contentbottom-hole\">\n<div class=\"MuiBox-root css-2wedsf\">\n<div class=\"container___chUs0 withContent___TKW3m MuiBox-root css-1mdh3j9\" aria-label=\"\"><\/div>\n<\/div>\n<\/div>","protected":false},"featured_media":193,"comment_status":"closed","ping_status":"closed","template":"","meta":[],"product_brand":[],"product_cat":[25],"product_tag":[26],"class_list":{"0":"post-3798","1":"product","2":"type-product","3":"status-publish","4":"has-post-thumbnail","6":"product_cat-ploymers","7":"product_tag-ploymers","9":"first","10":"instock","11":"shipping-taxable","12":"product-type-simple"},"_links":{"self":[{"href":"https:\/\/chemneo.com\/pt\/wp-json\/wp\/v2\/product\/3798","targetHints":{"allow":["GET"]}}],"collection":[{"href":"https:\/\/chemneo.com\/pt\/wp-json\/wp\/v2\/product"}],"about":[{"href":"https:\/\/chemneo.com\/pt\/wp-json\/wp\/v2\/types\/product"}],"replies":[{"embeddable":true,"href":"https:\/\/chemneo.com\/pt\/wp-json\/wp\/v2\/comments?post=3798"}],"wp:featuredmedia":[{"embeddable":true,"href":"https:\/\/chemneo.com\/pt\/wp-json\/wp\/v2\/media\/193"}],"wp:attachment":[{"href":"https:\/\/chemneo.com\/pt\/wp-json\/wp\/v2\/media?parent=3798"}],"wp:term":[{"taxonomy":"product_brand","embeddable":true,"href":"https:\/\/chemneo.com\/pt\/wp-json\/wp\/v2\/product_brand?post=3798"},{"taxonomy":"product_cat","embeddable":true,"href":"https:\/\/chemneo.com\/pt\/wp-json\/wp\/v2\/product_cat?post=3798"},{"taxonomy":"product_tag","embeddable":true,"href":"https:\/\/chemneo.com\/pt\/wp-json\/wp\/v2\/product_tag?post=3798"}],"curies":[{"name":"wp","href":"https:\/\/api.w.org\/{rel}","templated":true}]}}