{"id":3847,"date":"2024-08-28T02:59:25","date_gmt":"2024-08-28T02:59:25","guid":{"rendered":"https:\/\/chemneo.com\/?post_type=product&#038;p=3847"},"modified":"2024-08-28T03:00:17","modified_gmt":"2024-08-28T03:00:17","slug":"3-methyl-4-propan-2-ylphenol-cas3228-02-2-2","status":"publish","type":"product","link":"https:\/\/chemneo.com\/pt\/product\/3847.html","title":{"rendered":"3-methyl-4-propan-2-ylphenol CAS#3228-02-2"},"content":{"rendered":"<div id=\"ContentPlaceHolder1_ProductChemPropertyA\">\n<table border=\"0\" width=\"100%\" cellspacing=\"0\" cellpadding=\"0\" align=\"center\">\n<tbody>\n<tr>\n<td class=\"td6\" bgcolor=\"DEEEF4\" width=\"611\" height=\"23\">3-methyl-4-propan-2-ylphenol Chemical Properties<\/td>\n<\/tr>\n<\/tbody>\n<\/table>\n<table border=\"0\" width=\"100%\" cellspacing=\"1\" cellpadding=\"2\" bgcolor=\"d5d5d5\">\n<tbody>\n<tr class=\"ProdSupplierGN_ProductA_1\">\n<td class=\"td12\">Melting point<\/td>\n<td bgcolor=\"#fafafa\"><span style=\"color: #0066cc;\">111-114\u00a0\u00b0C(lit.)<\/span><\/td>\n<\/tr>\n<tr class=\"ProdSupplierGN_ProductA_2\">\n<td bgcolor=\"#FFFFFF\">Ponto de ebuli\u00e7\u00e3o<\/td>\n<td bgcolor=\"#FFFFFF\"><span style=\"color: #0066cc;\">246 \u00b0C<\/span><\/td>\n<\/tr>\n<tr class=\"ProdSupplierGN_ProductA_1\">\n<td class=\"td12\">densidade<\/td>\n<td bgcolor=\"#fafafa\"><span style=\"color: #0066cc;\">0.9688 (estimate)<\/span><\/td>\n<\/tr>\n<tr class=\"ProdSupplierGN_ProductA_2\">\n<td bgcolor=\"#FFFFFF\">vapor pressure<\/td>\n<td bgcolor=\"#FFFFFF\"><span style=\"color: #0066cc;\">1.81Pa at 25\u2103<\/span><\/td>\n<\/tr>\n<tr class=\"ProdSupplierGN_ProductA_1\">\n<td class=\"td12\">\u00edndice de refra\u00e7\u00e3o<\/td>\n<td bgcolor=\"#fafafa\"><span style=\"color: #0066cc;\">1.5115 (estimate)<\/span><\/td>\n<\/tr>\n<tr class=\"ProdSupplierGN_ProductA_2\">\n<td bgcolor=\"#FFFFFF\">storage temp.<\/td>\n<td bgcolor=\"#FFFFFF\"><span style=\"color: #0066cc;\">Sealed in dry,Room Temperature<\/span><\/td>\n<\/tr>\n<tr class=\"ProdSupplierGN_ProductA_1\">\n<td class=\"td12\">solubility<\/td>\n<td bgcolor=\"#fafafa\"><span style=\"color: #0066cc;\">soluble in Methanol<\/span><\/td>\n<\/tr>\n<tr class=\"ProdSupplierGN_ProductA_2\">\n<td bgcolor=\"#FFFFFF\">forma<\/td>\n<td bgcolor=\"#FFFFFF\"><span style=\"color: #0066cc;\">powder to crystal<\/span><\/td>\n<\/tr>\n<tr class=\"ProdSupplierGN_ProductA_1\">\n<td class=\"td12\">pka<\/td>\n<td bgcolor=\"#fafafa\"><span style=\"color: #0066cc;\">10.36\u00b10.18(Predicted)<\/span><\/td>\n<\/tr>\n<tr class=\"ProdSupplierGN_ProductA_2\">\n<td bgcolor=\"#FFFFFF\">color<\/td>\n<td bgcolor=\"#FFFFFF\"><span style=\"color: #0066cc;\">White to Almost white<\/span><\/td>\n<\/tr>\n<tr class=\"ProdSupplierGN_ProductA_1\">\n<td class=\"td12\">Water Solubility<\/td>\n<td bgcolor=\"#fafafa\"><span style=\"color: #0066cc;\">210mg\/L at 20\u2103<\/span><\/td>\n<\/tr>\n<tr class=\"ProdSupplierGN_ProductA_2\">\n<td bgcolor=\"#FFFFFF\">InChIKey<\/td>\n<td bgcolor=\"#FFFFFF\"><span style=\"color: #0066cc;\">IJALWSVNUBBQRA-UHFFFAOYSA-N<\/span><\/td>\n<\/tr>\n<tr class=\"ProdSupplierGN_ProductA_1\">\n<td class=\"td12\">LogP<\/td>\n<td bgcolor=\"#fafafa\"><span style=\"color: #0066cc;\">3.43<\/span><\/td>\n<\/tr>\n<tr class=\"ProdSupplierGN_ProductA_2\">\n<td bgcolor=\"#FFFFFF\">CAS DataBase Reference<\/td>\n<td bgcolor=\"#FFFFFF\"><span style=\"color: #0066cc;\">3228-02-2(CAS DataBase Reference)<\/span><\/td>\n<\/tr>\n<\/tbody>\n<\/table>\n<\/div>\n<div id=\"ContentPlaceHolder1_ProductChemSafePropertyA\">\n<table border=\"0\" width=\"100%\" cellspacing=\"0\" cellpadding=\"0\" align=\"center\">\n<tbody>\n<tr>\n<td bgcolor=\"64B7D7\" height=\"1\"><\/td>\n<\/tr>\n<tr>\n<td class=\"td6\" bgcolor=\"DEEEF4\" width=\"611\" height=\"23\">Informa\u00e7\u00f5es de seguran\u00e7a<\/td>\n<\/tr>\n<\/tbody>\n<\/table>\n<table border=\"0\" width=\"100%\" cellspacing=\"1\" cellpadding=\"2\" bgcolor=\"d5d5d5\">\n<tbody>\n<tr class=\"ProdSupplierGN_ProductA_1\">\n<td class=\"td12\">Hazard Codes<\/td>\n<td bgcolor=\"#fafafa\"><span style=\"color: #0066cc;\">Xi<\/span><\/td>\n<\/tr>\n<tr class=\"ProdSupplierGN_ProductA_2\">\n<td bgcolor=\"#FFFFFF\">Risk Statements<\/td>\n<td bgcolor=\"#FFFFFF\"><span style=\"color: #0066cc;\">36\/37\/38<\/span><\/td>\n<\/tr>\n<tr class=\"ProdSupplierGN_ProductA_1\">\n<td class=\"td12\">Safety Statements<\/td>\n<td bgcolor=\"#fafafa\"><span style=\"color: #0066cc;\">26-37\/39<\/span><\/td>\n<\/tr>\n<tr class=\"ProdSupplierGN_ProductA_2\">\n<td bgcolor=\"#FFFFFF\">RIDADR<\/td>\n<td bgcolor=\"#FFFFFF\"><span style=\"color: #0066cc;\">1759<\/span><\/td>\n<\/tr>\n<tr class=\"ProdSupplierGN_ProductA_1\">\n<td class=\"td12\">WGK Germany<\/td>\n<td bgcolor=\"#fafafa\"><span style=\"color: #0066cc;\">2<\/span><\/td>\n<\/tr>\n<tr class=\"ProdSupplierGN_ProductA_2\">\n<td bgcolor=\"#FFFFFF\">RTECS<\/td>\n<td bgcolor=\"#FFFFFF\"><span style=\"color: #0066cc;\">GZ7170000<\/span><\/td>\n<\/tr>\n<tr class=\"ProdSupplierGN_ProductA_1\">\n<td class=\"td12\">HazardClass<\/td>\n<td bgcolor=\"#fafafa\"><span style=\"color: #0066cc;\">8<\/span><\/td>\n<\/tr>\n<tr class=\"ProdSupplierGN_ProductA_2\">\n<td bgcolor=\"#FFFFFF\">PackingGroup<\/td>\n<td bgcolor=\"#FFFFFF\"><span style=\"color: #0066cc;\">III<\/span><\/td>\n<\/tr>\n<tr class=\"ProdSupplierGN_ProductA_1\">\n<td class=\"td12\">HS Code<\/td>\n<td bgcolor=\"#fafafa\"><span style=\"color: #0066cc;\">29071990<\/span><\/td>\n<\/tr>\n<\/tbody>\n<\/table>\n<\/div>","protected":false},"excerpt":{"rendered":"<p>O 3-metil-4-propan-2-ilfenol \u00e9 um intermedi\u00e1rio arom\u00e1tico chave com um padr\u00e3o de substitui\u00e7\u00e3o distinto de metilo e isopropilo numa estrutura fen\u00f3lica. Desempenha um papel crucial na produ\u00e7\u00e3o de especialidades qu\u00edmicas e farmac\u00eauticas, oferecendo uma plataforma robusta para o desenvolvimento de aplica\u00e7\u00f5es inovadoras.<\/p>","protected":false},"featured_media":159,"comment_status":"closed","ping_status":"closed","template":"","meta":[],"product_brand":[],"product_cat":[22],"product_tag":[24],"class_list":{"0":"post-3847","1":"product","2":"type-product","3":"status-publish","4":"has-post-thumbnail","6":"product_cat-daily-chemicals","7":"product_tag-daily-chemicals","9":"first","10":"instock","11":"shipping-taxable","12":"product-type-simple"},"_links":{"self":[{"href":"https:\/\/chemneo.com\/pt\/wp-json\/wp\/v2\/product\/3847","targetHints":{"allow":["GET"]}}],"collection":[{"href":"https:\/\/chemneo.com\/pt\/wp-json\/wp\/v2\/product"}],"about":[{"href":"https:\/\/chemneo.com\/pt\/wp-json\/wp\/v2\/types\/product"}],"replies":[{"embeddable":true,"href":"https:\/\/chemneo.com\/pt\/wp-json\/wp\/v2\/comments?post=3847"}],"wp:featuredmedia":[{"embeddable":true,"href":"https:\/\/chemneo.com\/pt\/wp-json\/wp\/v2\/media\/159"}],"wp:attachment":[{"href":"https:\/\/chemneo.com\/pt\/wp-json\/wp\/v2\/media?parent=3847"}],"wp:term":[{"taxonomy":"product_brand","embeddable":true,"href":"https:\/\/chemneo.com\/pt\/wp-json\/wp\/v2\/product_brand?post=3847"},{"taxonomy":"product_cat","embeddable":true,"href":"https:\/\/chemneo.com\/pt\/wp-json\/wp\/v2\/product_cat?post=3847"},{"taxonomy":"product_tag","embeddable":true,"href":"https:\/\/chemneo.com\/pt\/wp-json\/wp\/v2\/product_tag?post=3847"}],"curies":[{"name":"wp","href":"https:\/\/api.w.org\/{rel}","templated":true}]}}