{"id":3871,"date":"2024-08-28T03:00:37","date_gmt":"2024-08-28T03:00:37","guid":{"rendered":"https:\/\/chemneo.com\/?post_type=product&#038;p=3871"},"modified":"2024-08-28T03:01:32","modified_gmt":"2024-08-28T03:01:32","slug":"polyethylene-chlorinated-cas63231-66-3","status":"publish","type":"product","link":"https:\/\/chemneo.com\/pt\/product\/3871.html","title":{"rendered":"POLIETILENO, CLORADO CAS#63231-66-3"},"content":{"rendered":"<div id=\"ContentPlaceHolder1_ProductProperty\">\n<table border=\"0\" width=\"100%\" cellspacing=\"0\" cellpadding=\"0\" align=\"center\">\n<tbody>\n<tr>\n<td class=\"td6\" bgcolor=\"DEEEF4\" width=\"611\" height=\"23\">POLYETHYLENE, CHLORINATED Basic information<\/td>\n<\/tr>\n<\/tbody>\n<\/table>\n<table border=\"0\" width=\"100%\" cellspacing=\"1\" cellpadding=\"2\" bgcolor=\"d5d5d5\">\n<tbody>\n<tr class=\"ProdSupplierGN_ProductA_2\">\n<td class=\"td1\">Product Name:<\/td>\n<td bgcolor=\"#fafafa\">POLYETHYLENE, CHLORINATED<\/td>\n<\/tr>\n<tr class=\"ProdSupplierGN_ProductA_2\">\n<td bgcolor=\"#FFFFFF\">Synonyms:<\/td>\n<td bgcolor=\"#FFFFFF\"><span>POLYETHYLENE CHLORINATED 40% CHLORINE<\/span>;<span>ETHYLENE RESIN, CHLORINATED<\/span>;<span>ETHYLENE, CHLORINATED RESIN<\/span>;<span>Chloro-Polyethylene(CPE)<\/span>;<span>ETHYLENE RESIN, CHLORINATED: (40% CL)<\/span>;<span>(40% CL)<\/span>;<span>POLYETHYLENE, CHLORI<\/span>;<span>chlorinated polyethylene elastoMer<\/span><\/td>\n<\/tr>\n<tr class=\"ProdSupplierGN_ProductA_1\">\n<td class=\"td1\">CAS:<\/td>\n<td bgcolor=\"#fafafa\"><b>63231-66-3<\/b><\/td>\n<\/tr>\n<tr class=\"ProdSupplierGN_ProductA_2\">\n<td bgcolor=\"#FFFFFF\">MF:<\/td>\n<td bgcolor=\"#FFFFFF\">C4H7Cl<\/td>\n<\/tr>\n<tr class=\"ProdSupplierGN_ProductA_1\">\n<td class=\"td1\">MW:<\/td>\n<td bgcolor=\"#fafafa\">90.55138<\/td>\n<\/tr>\n<tr class=\"ProdSupplierGN_ProductA_2\">\n<td bgcolor=\"#FFFFFF\">EINECS:<\/td>\n<td bgcolor=\"#FFFFFF\"><\/td>\n<\/tr>\n<tr class=\"ProdSupplierGN_ProductA_1\">\n<td class=\"td1\">Product Categories:<\/td>\n<td bgcolor=\"#fafafa\">chlorinated polyethylene for synthetic rubber 2.as modifier or solubilizing agent of general rubber 3.chlorinated polyethylen;special rubber;as modifier or solubilizing agent of general rubber;chlorinated polyethylen;chlorinated polyethylene for synthetic rubber;CPE Gross rubber<\/td>\n<\/tr>\n<tr class=\"ProdSupplierGN_ProductA_1\">\n<td class=\"td1\">Mol File:<\/td>\n<td bgcolor=\"#fafafa\">63231-66-3.mol<\/td>\n<\/tr>\n<tr class=\"ProdSupplierGN_ProductA_2\">\n<td colspan=\"2\" align=\"center\" bgcolor=\"#FFFFFF\"><img decoding=\"async\" src=\"https:\/\/www.chemicalbook.com\/CAS\/20180808\/GIF\/63231-66-3.gif\" alt=\"POLYETHYLENE, CHLORINATED Structure\" title=\"\"><\/td>\n<\/tr>\n<\/tbody>\n<\/table>\n<\/div>\n<div id=\"ContentPlaceHolder1_ProductChemPropertyA\">\n<table border=\"0\" width=\"100%\" cellspacing=\"0\" cellpadding=\"0\" align=\"center\">\n<tbody>\n<tr>\n<td bgcolor=\"64B7D7\" height=\"1\"><\/td>\n<\/tr>\n<tr>\n<td class=\"td6\" bgcolor=\"DEEEF4\" width=\"611\" height=\"23\">POLYETHYLENE, CHLORINATED Chemical Properties<\/td>\n<\/tr>\n<\/tbody>\n<\/table>\n<table border=\"0\" width=\"100%\" cellspacing=\"1\" cellpadding=\"2\" bgcolor=\"d5d5d5\">\n<tbody>\n<tr class=\"ProdSupplierGN_ProductA_1\">\n<td class=\"td12\">densidade<\/td>\n<td bgcolor=\"#fafafa\"><span style=\"color: #0066cc;\">1.22\u00a0g\/mL\u00a0at 25\u00a0\u00b0C(lit.)<\/span><\/td>\n<\/tr>\n<\/tbody>\n<\/table>\n<\/div>","protected":false},"excerpt":{"rendered":"<p>O polietileno clorado, tamb\u00e9m conhecido como polietileno clorado (CPE), \u00e9 um pol\u00edmero vers\u00e1til derivado da clora\u00e7\u00e3o do polietileno de alta densidade. Oferece propriedades melhoradas, tais como maior resist\u00eancia qu\u00edmica, retardamento de chama e estabilidade aos raios UV, em compara\u00e7\u00e3o com o seu hom\u00f3logo n\u00e3o clorado. O CPE \u00e9 amplamente utilizado em aplica\u00e7\u00f5es que requerem durabilidade e resist\u00eancia a factores ambientais, incluindo o isolamento de fios e cabos, revestimentos e adesivos. A sua flexibilidade e capacidade de processamento tornam-no uma escolha preferida no fabrico de v\u00e1rios produtos industriais.<\/p>","protected":false},"featured_media":3892,"comment_status":"closed","ping_status":"closed","template":"","meta":[],"product_brand":[],"product_cat":[25],"product_tag":[],"class_list":{"0":"post-3871","1":"product","2":"type-product","3":"status-publish","4":"has-post-thumbnail","6":"product_cat-ploymers","8":"first","9":"instock","10":"shipping-taxable","11":"product-type-simple"},"_links":{"self":[{"href":"https:\/\/chemneo.com\/pt\/wp-json\/wp\/v2\/product\/3871","targetHints":{"allow":["GET"]}}],"collection":[{"href":"https:\/\/chemneo.com\/pt\/wp-json\/wp\/v2\/product"}],"about":[{"href":"https:\/\/chemneo.com\/pt\/wp-json\/wp\/v2\/types\/product"}],"replies":[{"embeddable":true,"href":"https:\/\/chemneo.com\/pt\/wp-json\/wp\/v2\/comments?post=3871"}],"wp:featuredmedia":[{"embeddable":true,"href":"https:\/\/chemneo.com\/pt\/wp-json\/wp\/v2\/media\/3892"}],"wp:attachment":[{"href":"https:\/\/chemneo.com\/pt\/wp-json\/wp\/v2\/media?parent=3871"}],"wp:term":[{"taxonomy":"product_brand","embeddable":true,"href":"https:\/\/chemneo.com\/pt\/wp-json\/wp\/v2\/product_brand?post=3871"},{"taxonomy":"product_cat","embeddable":true,"href":"https:\/\/chemneo.com\/pt\/wp-json\/wp\/v2\/product_cat?post=3871"},{"taxonomy":"product_tag","embeddable":true,"href":"https:\/\/chemneo.com\/pt\/wp-json\/wp\/v2\/product_tag?post=3871"}],"curies":[{"name":"wp","href":"https:\/\/api.w.org\/{rel}","templated":true}]}}