{"id":3904,"date":"2024-08-28T03:01:20","date_gmt":"2024-08-28T03:01:20","guid":{"rendered":"https:\/\/chemneo.com\/?post_type=product&#038;p=3904"},"modified":"2024-08-28T03:02:22","modified_gmt":"2024-08-28T03:02:22","slug":"petrolatum-cas-8009-03-8","status":"publish","type":"product","link":"https:\/\/chemneo.com\/pt\/product\/3904.html","title":{"rendered":"Petrolatum CAS# 8009-03-8"},"content":{"rendered":"<p>Petrolatum CAS# 8009-03-8<\/p>\n<div id=\"ContentPlaceHolder1_ProductProperty\">\n<table border=\"0\" width=\"100%\" cellspacing=\"0\" cellpadding=\"0\" align=\"center\">\n<tbody>\n<tr>\n<td class=\"td6\" bgcolor=\"DEEEF4\" width=\"611\" height=\"23\">Petrolatum Basic information<\/td>\n<\/tr>\n<tr>\n<td class=\"TDAmarginR10\" align=\"left\" bgcolor=\"#FFFFFF\">Summary\u00a0Performance\u00a0Uses\u00a0Production\u00a0Distinguishing test\u00a0Toxicity\u00a0Utilization limit\u00a0Chemical properties\u00a0Uses<\/td>\n<\/tr>\n<\/tbody>\n<\/table>\n<table border=\"0\" width=\"100%\" cellspacing=\"1\" cellpadding=\"2\" bgcolor=\"d5d5d5\">\n<tbody>\n<tr class=\"ProdSupplierGN_ProductA_2\">\n<td class=\"td1\">Product Name:<\/td>\n<td bgcolor=\"#fafafa\">Petrolatum<\/td>\n<\/tr>\n<tr class=\"ProdSupplierGN_ProductA_2\">\n<td bgcolor=\"#FFFFFF\">Synonyms:<\/td>\n<td bgcolor=\"#FFFFFF\"><span>protopet,alba<\/span>;<span>protopet,white1s<\/span>;<span>protopet,white2l<\/span>;<span>PETROLEUM WAX<\/span>;<span>PETROLATUM<\/span>;<span>PETROLATUM, WHITE<\/span>;<span>PETROLATUM, YELLOW<\/span>;<span>PARAFFIN LIQUID (HEAVY)<\/span><\/td>\n<\/tr>\n<tr class=\"ProdSupplierGN_ProductA_1\">\n<td class=\"td1\">CAS:<\/td>\n<td bgcolor=\"#fafafa\"><b>8009-03-8<\/b><\/td>\n<\/tr>\n<tr class=\"ProdSupplierGN_ProductA_2\">\n<td bgcolor=\"#FFFFFF\">MF:<\/td>\n<td bgcolor=\"#FFFFFF\">C15H15N<\/td>\n<\/tr>\n<tr class=\"ProdSupplierGN_ProductA_1\">\n<td class=\"td1\">MW:<\/td>\n<td bgcolor=\"#fafafa\">209.2863<\/td>\n<\/tr>\n<tr class=\"ProdSupplierGN_ProductA_2\">\n<td bgcolor=\"#FFFFFF\">EINECS:<\/td>\n<td bgcolor=\"#FFFFFF\">232-373-2<\/td>\n<\/tr>\n<tr class=\"ProdSupplierGN_ProductA_1\">\n<td class=\"td1\">Product Categories:<\/td>\n<td bgcolor=\"#fafafa\">UVCBs-organic<\/td>\n<\/tr>\n<tr class=\"ProdSupplierGN_ProductA_1\">\n<td class=\"td1\">Mol File:<\/td>\n<td bgcolor=\"#fafafa\">8009-03-8.mol<\/td>\n<\/tr>\n<tr class=\"ProdSupplierGN_ProductA_2\">\n<td colspan=\"2\" align=\"center\" bgcolor=\"#FFFFFF\"><img decoding=\"async\" src=\"https:\/\/www.chemicalbook.com\/CAS\/20180906\/GIF\/8009-03-8.gif\" alt=\"Petrolatum Structure\" title=\"\"><\/td>\n<\/tr>\n<\/tbody>\n<\/table>\n<\/div>\n<div id=\"ContentPlaceHolder1_ProductChemPropertyA\">\n<table border=\"0\" width=\"100%\" cellspacing=\"0\" cellpadding=\"0\" align=\"center\">\n<tbody>\n<tr>\n<td bgcolor=\"64B7D7\" height=\"1\"><\/td>\n<\/tr>\n<tr>\n<td class=\"td6\" bgcolor=\"DEEEF4\" width=\"611\" height=\"23\">Petrolatum Chemical Properties<\/td>\n<\/tr>\n<\/tbody>\n<\/table>\n<table border=\"0\" width=\"100%\" cellspacing=\"1\" cellpadding=\"2\" bgcolor=\"d5d5d5\">\n<tbody>\n<tr class=\"ProdSupplierGN_ProductA_1\">\n<td class=\"td12\">Melting point<\/td>\n<td bgcolor=\"#fafafa\"><span style=\"color: #0066cc;\">70-80\u00a0\u00b0C ((ASTM D 127))<\/span><\/td>\n<\/tr>\n<tr class=\"ProdSupplierGN_ProductA_2\">\n<td bgcolor=\"#FFFFFF\">Ponto de ebuli\u00e7\u00e3o<\/td>\n<td bgcolor=\"#FFFFFF\"><span style=\"color: #0066cc;\">322 \u00b0C<\/span><\/td>\n<\/tr>\n<tr class=\"ProdSupplierGN_ProductA_1\">\n<td class=\"td12\">densidade<\/td>\n<td bgcolor=\"#fafafa\"><span style=\"color: #0066cc;\">0.84<\/span><\/td>\n<\/tr>\n<tr class=\"ProdSupplierGN_ProductA_2\">\n<td bgcolor=\"#FFFFFF\">\u00edndice de refra\u00e7\u00e3o<\/td>\n<td bgcolor=\"#FFFFFF\"><span style=\"color: #0066cc;\"><i>n<\/i>20\/D\u00a01.45<\/span><\/td>\n<\/tr>\n<tr class=\"ProdSupplierGN_ProductA_1\">\n<td class=\"td12\">Fp<\/td>\n<td bgcolor=\"#fafafa\"><span style=\"color: #0066cc;\">198 \u00b0C<\/span><\/td>\n<\/tr>\n<tr class=\"ProdSupplierGN_ProductA_2\">\n<td bgcolor=\"#FFFFFF\">storage temp.<\/td>\n<td bgcolor=\"#FFFFFF\"><span style=\"color: #0066cc;\">Sealed in dry,Room Temperature<\/span><\/td>\n<\/tr>\n<tr class=\"ProdSupplierGN_ProductA_1\">\n<td class=\"td12\">solubility<\/td>\n<td bgcolor=\"#fafafa\"><span style=\"color: #0066cc;\">Practically insoluble in acetone, ethanol, hot or cold ethanol (95%), glycerin, and water; soluble in benzene, carbon disulfide, chloroform, ether, hexane, and most fixed and volatile oils.<\/span><\/td>\n<\/tr>\n<tr class=\"ProdSupplierGN_ProductA_2\">\n<td bgcolor=\"#FFFFFF\">forma<\/td>\n<td bgcolor=\"#FFFFFF\"><span style=\"color: #0066cc;\">extra-low viscosity oil<\/span><\/td>\n<\/tr>\n<tr class=\"ProdSupplierGN_ProductA_1\">\n<td class=\"td12\">color<\/td>\n<td bgcolor=\"#fafafa\"><span style=\"color: #0066cc;\">white<\/span><\/td>\n<\/tr>\n<tr class=\"ProdSupplierGN_ProductA_2\">\n<td bgcolor=\"#FFFFFF\">Gravidade espec\u00edfica<\/td>\n<td bgcolor=\"#FFFFFF\"><span style=\"color: #0066cc;\">0.815\uff5e0.880 (60\u2103)<\/span><\/td>\n<\/tr>\n<tr class=\"ProdSupplierGN_ProductA_1\">\n<td class=\"td12\">PH<\/td>\n<td bgcolor=\"#fafafa\"><span style=\"color: #0066cc;\">pH (25\u2103) : 4.5\uff5e8.0<\/span><\/td>\n<\/tr>\n<tr class=\"ProdSupplierGN_ProductA_2\">\n<td bgcolor=\"#FFFFFF\">Odor<\/td>\n<td bgcolor=\"#FFFFFF\"><span style=\"color: #0066cc;\">Sem cheiro<\/span><\/td>\n<\/tr>\n<tr class=\"ProdSupplierGN_ProductA_1\">\n<td class=\"td12\">Water Solubility<\/td>\n<td bgcolor=\"#fafafa\"><span style=\"color: #0066cc;\">Insoluble in water<\/span><\/td>\n<\/tr>\n<tr class=\"ProdSupplierGN_ProductA_2\">\n<td bgcolor=\"#FFFFFF\">Constante diel\u00e9ctrica<\/td>\n<td bgcolor=\"#FFFFFF\"><span style=\"color: #0066cc;\">2.0\uff08Ambient\uff09<\/span><\/td>\n<\/tr>\n<tr class=\"ProdSupplierGN_ProductA_1\">\n<td class=\"td12\">Estabilidade:<\/td>\n<td bgcolor=\"#fafafa\"><span style=\"color: #0066cc;\">Stable. Combustible. Incompatible with strong oxidizing agents.<\/span><\/td>\n<\/tr>\n<tr class=\"ProdSupplierGN_ProductA_2\">\n<td bgcolor=\"#FFFFFF\">Sistema de Registo de Subst\u00e2ncias da EPA<\/td>\n<td bgcolor=\"#FFFFFF\"><span style=\"color: #0066cc;\">Petrolatum (8009-03-8)<\/span><\/td>\n<\/tr>\n<\/tbody>\n<\/table>\n<\/div>\n<div id=\"ContentPlaceHolder1_ProductChemSafePropertyA\">\n<table border=\"0\" width=\"100%\" cellspacing=\"0\" cellpadding=\"0\" align=\"center\">\n<tbody>\n<tr>\n<td bgcolor=\"64B7D7\" height=\"1\"><\/td>\n<\/tr>\n<tr>\n<td class=\"td6\" bgcolor=\"DEEEF4\" width=\"611\" height=\"23\">Informa\u00e7\u00f5es de seguran\u00e7a<\/td>\n<\/tr>\n<\/tbody>\n<\/table>\n<table border=\"0\" width=\"100%\" cellspacing=\"1\" cellpadding=\"2\" bgcolor=\"d5d5d5\">\n<tbody>\n<tr class=\"ProdSupplierGN_ProductA_1\">\n<td class=\"td12\">Hazard Codes<\/td>\n<td bgcolor=\"#fafafa\"><span style=\"color: #0066cc;\">T<\/span><\/td>\n<\/tr>\n<tr class=\"ProdSupplierGN_ProductA_2\">\n<td bgcolor=\"#FFFFFF\">Risk Statements<\/td>\n<td bgcolor=\"#FFFFFF\"><span style=\"color: #0066cc;\">45<\/span><\/td>\n<\/tr>\n<tr class=\"ProdSupplierGN_ProductA_1\">\n<td class=\"td12\">Safety Statements<\/td>\n<td bgcolor=\"#fafafa\"><span style=\"color: #0066cc;\">24\/25-45-53<\/span><\/td>\n<\/tr>\n<tr class=\"ProdSupplierGN_ProductA_2\">\n<td bgcolor=\"#FFFFFF\">WGK Germany<\/td>\n<td bgcolor=\"#FFFFFF\"><span style=\"color: #0066cc;\">3<\/span><\/td>\n<\/tr>\n<tr class=\"ProdSupplierGN_ProductA_1\">\n<td class=\"td12\">RTECS<\/td>\n<td bgcolor=\"#fafafa\"><span style=\"color: #0066cc;\">RV0350000<\/span><\/td>\n<\/tr>\n<tr class=\"ProdSupplierGN_ProductA_2\">\n<td bgcolor=\"#FFFFFF\">HS Code<\/td>\n<td bgcolor=\"#FFFFFF\"><span style=\"color: #0066cc;\">27121000<\/span><\/td>\n<\/tr>\n<tr class=\"ProdSupplierGN_ProductA_1\">\n<td class=\"td12\">Hazardous Substances Data<\/td>\n<td bgcolor=\"#fafafa\"><span style=\"color: #0066cc;\">8009-03-8(Hazardous Substances Data)<\/span><\/td>\n<\/tr>\n<\/tbody>\n<\/table>\n<\/div>","protected":false},"excerpt":{"rendered":"<p>Petrolatum(Vaseline) is a petroleum grease made by mixing residual wax paste with lubricating oil and then refining it. It is an important lubricant for medicine, daily chemicals, fine chemical raw materials and precision instruments. my country\u2019s petroleum jelly products are mainly concentrated on medical petroleum jelly, which is divided into two types: medical white petroleum jelly and medical yellow petroleum jelly. Medical petroleum jelly is mainly used to prepare ointments, skin protection ointments and cosmetic raw materials. It can also be used as anti-rust lubricating materials for medical equipment and precision instruments.<\/p>\n<p>White or slightly yellow homogeneous paste, almost odorless and tasteless, is a mixture of liquid and solid paraffin hydrocarbons. The relative density is 0.815~0.830, the viscosity is 0.01~0.02Pa\u00b7s (100\u2103), the flash point is greater than 190\u2103 (open type), and the dropping point is about 37~54\u2103. Easily soluble in ether, petroleum ether, various fatty oils, benzene, carbon disulfide, chloroform and turpentine, insoluble in ethanol and almost insoluble in water. It becomes a transparent liquid when heated and can fluoresce in the dark after being irradiated with ultraviolet rays.<\/p>","protected":false},"featured_media":3966,"comment_status":"closed","ping_status":"closed","template":"","meta":[],"product_brand":[],"product_cat":[22],"product_tag":[24],"class_list":{"0":"post-3904","1":"product","2":"type-product","3":"status-publish","4":"has-post-thumbnail","6":"product_cat-daily-chemicals","7":"product_tag-daily-chemicals","9":"first","10":"instock","11":"shipping-taxable","12":"product-type-simple"},"_links":{"self":[{"href":"https:\/\/chemneo.com\/pt\/wp-json\/wp\/v2\/product\/3904","targetHints":{"allow":["GET"]}}],"collection":[{"href":"https:\/\/chemneo.com\/pt\/wp-json\/wp\/v2\/product"}],"about":[{"href":"https:\/\/chemneo.com\/pt\/wp-json\/wp\/v2\/types\/product"}],"replies":[{"embeddable":true,"href":"https:\/\/chemneo.com\/pt\/wp-json\/wp\/v2\/comments?post=3904"}],"wp:featuredmedia":[{"embeddable":true,"href":"https:\/\/chemneo.com\/pt\/wp-json\/wp\/v2\/media\/3966"}],"wp:attachment":[{"href":"https:\/\/chemneo.com\/pt\/wp-json\/wp\/v2\/media?parent=3904"}],"wp:term":[{"taxonomy":"product_brand","embeddable":true,"href":"https:\/\/chemneo.com\/pt\/wp-json\/wp\/v2\/product_brand?post=3904"},{"taxonomy":"product_cat","embeddable":true,"href":"https:\/\/chemneo.com\/pt\/wp-json\/wp\/v2\/product_cat?post=3904"},{"taxonomy":"product_tag","embeddable":true,"href":"https:\/\/chemneo.com\/pt\/wp-json\/wp\/v2\/product_tag?post=3904"}],"curies":[{"name":"wp","href":"https:\/\/api.w.org\/{rel}","templated":true}]}}