{"id":3907,"date":"2024-08-28T03:01:24","date_gmt":"2024-08-28T03:01:24","guid":{"rendered":"https:\/\/chemneo.com\/?post_type=product&#038;p=3907"},"modified":"2024-08-28T03:02:41","modified_gmt":"2024-08-28T03:02:41","slug":"capryloyl-glycine-cas-14246-53-8","status":"publish","type":"product","link":"https:\/\/chemneo.com\/pt\/product\/3907.html","title":{"rendered":"Capriloilglicina CAS #14246-53-8"},"content":{"rendered":"<p>Capriloilglicina CAS #14246-53-8<\/p>\n<div id=\"ContentPlaceHolder1_ProductProperty\">\n<table border=\"0\" width=\"100%\" cellspacing=\"0\" cellpadding=\"0\" align=\"center\">\n<tbody>\n<tr>\n<td class=\"td6\" bgcolor=\"DEEEF4\" width=\"611\" height=\"23\">Caprylylglycine Basic information<\/td>\n<\/tr>\n<\/tbody>\n<\/table>\n<table border=\"0\" width=\"100%\" cellspacing=\"1\" cellpadding=\"2\" bgcolor=\"d5d5d5\">\n<tbody>\n<tr class=\"ProdSupplierGN_ProductA_2\">\n<td class=\"td1\">Product Name:<\/td>\n<td bgcolor=\"#fafafa\">Caprylylglycine<\/td>\n<\/tr>\n<tr class=\"ProdSupplierGN_ProductA_2\">\n<td bgcolor=\"#FFFFFF\">Synonyms:<\/td>\n<td bgcolor=\"#FFFFFF\"><span>Glycine, N-(1-oxooctyl)-<\/span>;<span>2-octanoylaminoacetic acid<\/span>;<span>N-Octanoylglycine<\/span>;<span>CAPRYLYLGLYCINE<\/span>;<span>N-Capryloylglycine<\/span>;<span>Einecs 238-122-3<\/span>;<span>N-Octanoylglycine-d2<\/span>;<span>CAPRYLOYL GLYCIN<\/span><\/td>\n<\/tr>\n<tr class=\"ProdSupplierGN_ProductA_1\">\n<td class=\"td1\">CAS:<\/td>\n<td bgcolor=\"#fafafa\"><b>14246-53-8<\/b><\/td>\n<\/tr>\n<tr class=\"ProdSupplierGN_ProductA_2\">\n<td bgcolor=\"#FFFFFF\">MF:<\/td>\n<td bgcolor=\"#FFFFFF\">C10H19NO3<\/td>\n<\/tr>\n<tr class=\"ProdSupplierGN_ProductA_1\">\n<td class=\"td1\">MW:<\/td>\n<td bgcolor=\"#fafafa\">201.26<\/td>\n<\/tr>\n<tr class=\"ProdSupplierGN_ProductA_2\">\n<td bgcolor=\"#FFFFFF\">EINECS:<\/td>\n<td bgcolor=\"#FFFFFF\">238-122-3<\/td>\n<\/tr>\n<tr class=\"ProdSupplierGN_ProductA_1\">\n<td class=\"td1\">Product Categories:<\/td>\n<td bgcolor=\"#fafafa\"><\/td>\n<\/tr>\n<tr class=\"ProdSupplierGN_ProductA_1\">\n<td class=\"td1\">Mol File:<\/td>\n<td bgcolor=\"#fafafa\">14246-53-8.mol<\/td>\n<\/tr>\n<tr class=\"ProdSupplierGN_ProductA_2\">\n<td colspan=\"2\" align=\"center\" bgcolor=\"#FFFFFF\"><img decoding=\"async\" src=\"https:\/\/www.chemicalbook.com\/CAS\/GIF\/14246-53-8.gif\" alt=\"Caprylylglycine Structure\" title=\"\"><\/td>\n<\/tr>\n<\/tbody>\n<\/table>\n<\/div>\n<div id=\"ContentPlaceHolder1_ProductChemPropertyA\">\n<table border=\"0\" width=\"100%\" cellspacing=\"0\" cellpadding=\"0\" align=\"center\">\n<tbody>\n<tr>\n<td bgcolor=\"64B7D7\" height=\"1\"><\/td>\n<\/tr>\n<tr>\n<td class=\"td6\" bgcolor=\"DEEEF4\" width=\"611\" height=\"23\">Caprylylglycine Chemical Properties<\/td>\n<\/tr>\n<\/tbody>\n<\/table>\n<table border=\"0\" width=\"100%\" cellspacing=\"1\" cellpadding=\"2\" bgcolor=\"d5d5d5\">\n<tbody>\n<tr class=\"ProdSupplierGN_ProductA_1\">\n<td class=\"td12\">Melting point<\/td>\n<td bgcolor=\"#fafafa\"><span style=\"color: #0066cc;\">102-103 \u00b0C<\/span><\/td>\n<\/tr>\n<tr class=\"ProdSupplierGN_ProductA_2\">\n<td bgcolor=\"#FFFFFF\">Ponto de ebuli\u00e7\u00e3o<\/td>\n<td bgcolor=\"#FFFFFF\"><span style=\"color: #0066cc;\">403.9\u00b128.0 \u00b0C(Predicted)<\/span><\/td>\n<\/tr>\n<tr class=\"ProdSupplierGN_ProductA_1\">\n<td class=\"td12\">densidade<\/td>\n<td bgcolor=\"#fafafa\"><span style=\"color: #0066cc;\">1.036\u00b10.06 g\/cm3(Predicted)<\/span><\/td>\n<\/tr>\n<tr class=\"ProdSupplierGN_ProductA_2\">\n<td bgcolor=\"#FFFFFF\">vapor pressure<\/td>\n<td bgcolor=\"#FFFFFF\"><span style=\"color: #0066cc;\">0Pa at 25\u2103<\/span><\/td>\n<\/tr>\n<tr class=\"ProdSupplierGN_ProductA_1\">\n<td class=\"td12\">storage temp.<\/td>\n<td bgcolor=\"#fafafa\"><span style=\"color: #0066cc;\">Sealed in dry,Room Temperature<\/span><\/td>\n<\/tr>\n<tr class=\"ProdSupplierGN_ProductA_2\">\n<td bgcolor=\"#FFFFFF\">solubility<\/td>\n<td bgcolor=\"#FFFFFF\"><span style=\"color: #0066cc;\">DMSO (Slightly), Methanol (Slightly)<\/span><\/td>\n<\/tr>\n<tr class=\"ProdSupplierGN_ProductA_1\">\n<td class=\"td12\">forma<\/td>\n<td bgcolor=\"#fafafa\"><span style=\"color: #0066cc;\">Solid<\/span><\/td>\n<\/tr>\n<tr class=\"ProdSupplierGN_ProductA_2\">\n<td bgcolor=\"#FFFFFF\">pka<\/td>\n<td bgcolor=\"#FFFFFF\"><span style=\"color: #0066cc;\">3.62\u00b10.10(Predicted)<\/span><\/td>\n<\/tr>\n<tr class=\"ProdSupplierGN_ProductA_1\">\n<td class=\"td12\">color<\/td>\n<td bgcolor=\"#fafafa\"><span style=\"color: #0066cc;\">White to Off-White<\/span><\/td>\n<\/tr>\n<tr class=\"ProdSupplierGN_ProductA_2\">\n<td bgcolor=\"#FFFFFF\">Water Solubility<\/td>\n<td bgcolor=\"#FFFFFF\"><span style=\"color: #0066cc;\">1.557g\/L at 20\u2103<\/span><\/td>\n<\/tr>\n<tr class=\"ProdSupplierGN_ProductA_1\">\n<td class=\"td12\">InChI<\/td>\n<td bgcolor=\"#fafafa\"><span style=\"color: #0066cc;\">InChI=1S\/C10H19NO3\/c1-2-3-4-5-6-7-9(12)11-8-10(13)14\/h2-8H2,1H3,(H,11,12)(H,13,14)<\/span><\/td>\n<\/tr>\n<tr class=\"ProdSupplierGN_ProductA_2\">\n<td bgcolor=\"#FFFFFF\">InChIKey<\/td>\n<td bgcolor=\"#FFFFFF\"><span style=\"color: #0066cc;\">SAVLIIGUQOSOEP-UHFFFAOYSA-N<\/span><\/td>\n<\/tr>\n<tr class=\"ProdSupplierGN_ProductA_1\">\n<td class=\"td12\">SMILES<\/td>\n<td bgcolor=\"#fafafa\"><span style=\"color: #0066cc;\">C(O)(=O)CNC(=O)CCCCCCC<\/span><\/td>\n<\/tr>\n<tr class=\"ProdSupplierGN_ProductA_2\">\n<td bgcolor=\"#FFFFFF\">LogP<\/td>\n<td bgcolor=\"#FFFFFF\"><span style=\"color: #0066cc;\">2.052 at 22\u2103<\/span><\/td>\n<\/tr>\n<tr class=\"ProdSupplierGN_ProductA_1\">\n<td class=\"td12\">CAS DataBase Reference<\/td>\n<td bgcolor=\"#fafafa\"><span style=\"color: #0066cc;\">14246-53-8(CAS DataBase Reference)<\/span><\/td>\n<\/tr>\n<tr class=\"ProdSupplierGN_ProductA_2\">\n<td bgcolor=\"#FFFFFF\">Sistema de Registo de Subst\u00e2ncias da EPA<\/td>\n<td bgcolor=\"#FFFFFF\"><span style=\"color: #0066cc;\">Glycine, N-(1-oxooctyl)- (14246-53-8)<\/span><\/td>\n<\/tr>\n<\/tbody>\n<\/table>\n<\/div>\n<p>&nbsp;<\/p>","protected":false},"excerpt":{"rendered":"<p>A capriloilglicina \u00e9 o principal componente da prote\u00edna estrutural d\u00e9rmica e desempenha um papel extremamente importante na pele. Uma das suas fun\u00e7\u00f5es \u00e9 equilibrar o valor do pH. A raz\u00e3o pela qual o pH da pele \u00e9 de cerca de 5,5 deve-se ao facto de conter v\u00e1rios \u00e1cidos fracos, prote\u00ednas e gorduras. Quando diferentes ingredientes reagem com as prote\u00ednas gordas da pele, estas prote\u00ednas sofrem reac\u00e7\u00f5es de descarboxila\u00e7\u00e3o, alterando assim o pH da pele. Um pH demasiado alto ou demasiado baixo n\u00e3o \u00e9 bom, especialmente para a pele com tend\u00eancia para o acne.<\/p>\n<p>Muitos estudos conclu\u00edram que a pele com tend\u00eancia para o acne tem um valor de pH mais elevado. A presen\u00e7a de Capriloilglicina pode fornecer grupos carboxilo livres e manter o equil\u00edbrio do pH da pele.<\/p>","protected":false},"featured_media":3983,"comment_status":"closed","ping_status":"closed","template":"","meta":[],"product_brand":[],"product_cat":[22],"product_tag":[24],"class_list":{"0":"post-3907","1":"product","2":"type-product","3":"status-publish","4":"has-post-thumbnail","6":"product_cat-daily-chemicals","7":"product_tag-daily-chemicals","9":"first","10":"instock","11":"shipping-taxable","12":"product-type-simple"},"_links":{"self":[{"href":"https:\/\/chemneo.com\/pt\/wp-json\/wp\/v2\/product\/3907","targetHints":{"allow":["GET"]}}],"collection":[{"href":"https:\/\/chemneo.com\/pt\/wp-json\/wp\/v2\/product"}],"about":[{"href":"https:\/\/chemneo.com\/pt\/wp-json\/wp\/v2\/types\/product"}],"replies":[{"embeddable":true,"href":"https:\/\/chemneo.com\/pt\/wp-json\/wp\/v2\/comments?post=3907"}],"wp:featuredmedia":[{"embeddable":true,"href":"https:\/\/chemneo.com\/pt\/wp-json\/wp\/v2\/media\/3983"}],"wp:attachment":[{"href":"https:\/\/chemneo.com\/pt\/wp-json\/wp\/v2\/media?parent=3907"}],"wp:term":[{"taxonomy":"product_brand","embeddable":true,"href":"https:\/\/chemneo.com\/pt\/wp-json\/wp\/v2\/product_brand?post=3907"},{"taxonomy":"product_cat","embeddable":true,"href":"https:\/\/chemneo.com\/pt\/wp-json\/wp\/v2\/product_cat?post=3907"},{"taxonomy":"product_tag","embeddable":true,"href":"https:\/\/chemneo.com\/pt\/wp-json\/wp\/v2\/product_tag?post=3907"}],"curies":[{"name":"wp","href":"https:\/\/api.w.org\/{rel}","templated":true}]}}