{"id":3940,"date":"2024-08-28T03:01:56","date_gmt":"2024-08-28T03:01:56","guid":{"rendered":"https:\/\/chemneo.com\/?post_type=product&#038;p=3940"},"modified":"2024-08-28T03:03:14","modified_gmt":"2024-08-28T03:03:14","slug":"hexyl-d-glucoside-cas54549-24-5-3","status":"publish","type":"product","link":"https:\/\/chemneo.com\/pt\/product\/3940.html","title":{"rendered":"D-gluc\u00f3sido de hexilo CAS#54549-24-5"},"content":{"rendered":"<p>D-gluc\u00f3sido de hexilo CAS#54549-24-5<\/p>\n<table border=\"0\" width=\"100%\" cellspacing=\"0\" cellpadding=\"0\" align=\"center\">\n<tbody>\n<tr>\n<td class=\"td6\" bgcolor=\"DEEEF4\" width=\"611\" height=\"23\">hexyl D-glucoside Chemical Properties<\/td>\n<\/tr>\n<\/tbody>\n<\/table>\n<table border=\"0\" width=\"100%\" cellspacing=\"1\" cellpadding=\"2\" bgcolor=\"d5d5d5\">\n<tbody>\n<tr class=\"ProdSupplierGN_ProductA_1\">\n<td class=\"td12\">Ponto de ebuli\u00e7\u00e3o<\/td>\n<td bgcolor=\"#fafafa\"><span style=\"color: #0066cc;\">432.3\u00b145.0 \u00b0C(Predicted)<\/span><\/td>\n<\/tr>\n<tr class=\"ProdSupplierGN_ProductA_2\">\n<td bgcolor=\"#FFFFFF\">densidade<\/td>\n<td bgcolor=\"#FFFFFF\"><span style=\"color: #0066cc;\">1.23\u00b10.1 g\/cm3(Predicted)<\/span><\/td>\n<\/tr>\n<tr class=\"ProdSupplierGN_ProductA_1\">\n<td class=\"td12\">vapor pressure<\/td>\n<td bgcolor=\"#fafafa\"><span style=\"color: #0066cc;\">0.001Pa at 20\u2103<\/span><\/td>\n<\/tr>\n<tr class=\"ProdSupplierGN_ProductA_2\">\n<td bgcolor=\"#FFFFFF\">pka<\/td>\n<td bgcolor=\"#FFFFFF\"><span style=\"color: #0066cc;\">12.96\u00b10.70(Predicted)<\/span><\/td>\n<\/tr>\n<tr class=\"ProdSupplierGN_ProductA_1\">\n<td class=\"td12\">Water Solubility<\/td>\n<td bgcolor=\"#fafafa\"><span style=\"color: #0066cc;\">750g\/L at 20\u2103<\/span><\/td>\n<\/tr>\n<tr class=\"ProdSupplierGN_ProductA_2\">\n<td bgcolor=\"#FFFFFF\">LogP<\/td>\n<td bgcolor=\"#FFFFFF\"><span style=\"color: #0066cc;\">1.72 at 20\u2103<\/span><\/td>\n<\/tr>\n<tr class=\"ProdSupplierGN_ProductA_1\">\n<td class=\"td12\">Sistema de Registo de Subst\u00e2ncias da EPA<\/td>\n<td bgcolor=\"#fafafa\"><span style=\"color: #0066cc;\">D-Glucopyranoside, hexyl (54549-24-5)<\/span><\/td>\n<\/tr>\n<\/tbody>\n<\/table>","protected":false},"excerpt":{"rendered":"<p>Hexyl D-glucoside \u00e9 um surfactante n\u00e3o-i\u00f3nico derivado de recursos renov\u00e1veis. \u00c9 um l\u00edquido incolor a amarelo p\u00e1lido \u00e0 temperatura ambiente e \u00e9 conhecido por sua excelente solubilidade em \u00e1gua, com uma solubilidade de 750g \/ L a 20 \u2103. Este composto exibe propriedades de baixa forma\u00e7\u00e3o de espuma e \u00e9 comumente usado em produtos de limpeza que requerem uma alternativa de baixa espuma \u3002 Tamb\u00e9m \u00e9 favorecido por sua compatibilidade com v\u00e1rios ingredientes e sua capacidade de atuar como um solubilizador para outros compostos que n\u00e3o s\u00e3o facilmente sol\u00faveis em \u00e1gua. Al\u00e9m disso, o Hexyl D-glucoside \u00e9 biodegrad\u00e1vel e suave para a pele, tornando-o adequado para aplica\u00e7\u00f5es de cuidados pessoais, como na formula\u00e7\u00e3o de produtos de limpeza de pele suaves e produtos para o cabelo \u3002<\/p>","protected":false},"featured_media":3994,"comment_status":"closed","ping_status":"closed","template":"","meta":[],"product_brand":[],"product_cat":[22],"product_tag":[],"class_list":{"0":"post-3940","1":"product","2":"type-product","3":"status-publish","4":"has-post-thumbnail","6":"product_cat-daily-chemicals","8":"first","9":"instock","10":"shipping-taxable","11":"product-type-simple"},"_links":{"self":[{"href":"https:\/\/chemneo.com\/pt\/wp-json\/wp\/v2\/product\/3940","targetHints":{"allow":["GET"]}}],"collection":[{"href":"https:\/\/chemneo.com\/pt\/wp-json\/wp\/v2\/product"}],"about":[{"href":"https:\/\/chemneo.com\/pt\/wp-json\/wp\/v2\/types\/product"}],"replies":[{"embeddable":true,"href":"https:\/\/chemneo.com\/pt\/wp-json\/wp\/v2\/comments?post=3940"}],"wp:featuredmedia":[{"embeddable":true,"href":"https:\/\/chemneo.com\/pt\/wp-json\/wp\/v2\/media\/3994"}],"wp:attachment":[{"href":"https:\/\/chemneo.com\/pt\/wp-json\/wp\/v2\/media?parent=3940"}],"wp:term":[{"taxonomy":"product_brand","embeddable":true,"href":"https:\/\/chemneo.com\/pt\/wp-json\/wp\/v2\/product_brand?post=3940"},{"taxonomy":"product_cat","embeddable":true,"href":"https:\/\/chemneo.com\/pt\/wp-json\/wp\/v2\/product_cat?post=3940"},{"taxonomy":"product_tag","embeddable":true,"href":"https:\/\/chemneo.com\/pt\/wp-json\/wp\/v2\/product_tag?post=3940"}],"curies":[{"name":"wp","href":"https:\/\/api.w.org\/{rel}","templated":true}]}}