{"id":3942,"date":"2024-08-28T03:01:58","date_gmt":"2024-08-28T03:01:58","guid":{"rendered":"https:\/\/chemneo.com\/?post_type=product&#038;p=3942"},"modified":"2024-08-28T03:03:17","modified_gmt":"2024-08-28T03:03:17","slug":"amides-coco-n-2-hydroxypropyl-cas68333-82-4","status":"publish","type":"product","link":"https:\/\/chemneo.com\/pt\/product\/3942.html","title":{"rendered":"Amidas de coco, N-(2-hidroxipropilo) CAS#68333-82-4"},"content":{"rendered":"<p>Amidas de coco, N-(2-hidroxipropilo) CAS#68333-82-4<\/p>\n<table border=\"0\" width=\"100%\" cellspacing=\"0\" cellpadding=\"0\" align=\"center\">\n<tbody>\n<tr>\n<td class=\"td6\" bgcolor=\"DEEEF4\" width=\"611\" height=\"23\">Amides, coco, N-(2-hydroxypropyl) Chemical Properties<\/td>\n<\/tr>\n<\/tbody>\n<\/table>\n<table border=\"0\" width=\"100%\" cellspacing=\"1\" cellpadding=\"2\" bgcolor=\"d5d5d5\">\n<tbody>\n<tr class=\"ProdSupplierGN_ProductA_1\">\n<td class=\"td12\">Sistema de Registo de Subst\u00e2ncias da EPA<\/td>\n<td bgcolor=\"#fafafa\"><span style=\"color: #0066cc;\">Amides, coco, N-(2-hydroxypropyl) (68333-82-4)<\/span><\/td>\n<\/tr>\n<\/tbody>\n<\/table>","protected":false},"excerpt":{"rendered":"<p>A Cocamida MIPA (Amidas, coco, N-(2-hidroxipropil)) \u00e9 uma amida derivada dos \u00e1cidos gordos do \u00f3leo de coco e do 2-amino-1-propanol. Caracteriza-se por ser um l\u00edquido incolor a amarelo p\u00e1lido, sol\u00favel em \u00e1gua e em solventes org\u00e2nicos. Este composto \u00e9 normalmente utilizado como um tensioativo n\u00e3o i\u00f3nico devido \u00e0s suas excelentes propriedades emulsionantes e dispersantes. \u00c9 amplamente utilizado em produtos de limpeza, tais como detergentes, champ\u00f4s, condicionadores, banhos de espuma e produtos \u00e0 base de sab\u00e3o, proporcionando um efeito de limpeza suave e delicado<\/p>","protected":false},"featured_media":3994,"comment_status":"closed","ping_status":"closed","template":"","meta":[],"product_brand":[],"product_cat":[22],"product_tag":[],"class_list":{"0":"post-3942","1":"product","2":"type-product","3":"status-publish","4":"has-post-thumbnail","6":"product_cat-daily-chemicals","8":"first","9":"instock","10":"shipping-taxable","11":"product-type-simple"},"_links":{"self":[{"href":"https:\/\/chemneo.com\/pt\/wp-json\/wp\/v2\/product\/3942","targetHints":{"allow":["GET"]}}],"collection":[{"href":"https:\/\/chemneo.com\/pt\/wp-json\/wp\/v2\/product"}],"about":[{"href":"https:\/\/chemneo.com\/pt\/wp-json\/wp\/v2\/types\/product"}],"replies":[{"embeddable":true,"href":"https:\/\/chemneo.com\/pt\/wp-json\/wp\/v2\/comments?post=3942"}],"wp:featuredmedia":[{"embeddable":true,"href":"https:\/\/chemneo.com\/pt\/wp-json\/wp\/v2\/media\/3994"}],"wp:attachment":[{"href":"https:\/\/chemneo.com\/pt\/wp-json\/wp\/v2\/media?parent=3942"}],"wp:term":[{"taxonomy":"product_brand","embeddable":true,"href":"https:\/\/chemneo.com\/pt\/wp-json\/wp\/v2\/product_brand?post=3942"},{"taxonomy":"product_cat","embeddable":true,"href":"https:\/\/chemneo.com\/pt\/wp-json\/wp\/v2\/product_cat?post=3942"},{"taxonomy":"product_tag","embeddable":true,"href":"https:\/\/chemneo.com\/pt\/wp-json\/wp\/v2\/product_tag?post=3942"}],"curies":[{"name":"wp","href":"https:\/\/api.w.org\/{rel}","templated":true}]}}