{"id":3944,"date":"2024-08-28T03:02:00","date_gmt":"2024-08-28T03:02:00","guid":{"rendered":"https:\/\/chemneo.com\/?post_type=product&#038;p=3944"},"modified":"2024-08-28T03:03:19","modified_gmt":"2024-08-28T03:03:19","slug":"d-glucopyranose-oligomers-c12-14-alkyl-glycosides-cas157707-88-5","status":"publish","type":"product","link":"https:\/\/chemneo.com\/pt\/product\/3944.html","title":{"rendered":"D-Glucopiranose, olig\u00f3meros, C12-14-alquilglicos\u00eddeos CAS#157707-88-5"},"content":{"rendered":"<p>D-Glucopiranose, olig\u00f3meros, C12-14-alquilglicos\u00eddeos CAS#157707-88-5<\/p>\n<table border=\"0\" width=\"100%\" cellspacing=\"0\" cellpadding=\"0\" align=\"center\">\n<tbody>\n<tr>\n<td class=\"td6\" bgcolor=\"DEEEF4\" width=\"611\" height=\"23\">D-Glucopyranose, oligomeric, C12-14-alkyl glycosides Chemical Properties<\/td>\n<\/tr>\n<\/tbody>\n<\/table>\n<table border=\"0\" width=\"100%\" cellspacing=\"1\" cellpadding=\"2\" bgcolor=\"d5d5d5\">\n<tbody>\n<tr class=\"ProdSupplierGN_ProductA_1\">\n<td class=\"td12\">Sistema de Registo de Subst\u00e2ncias da EPA<\/td>\n<td bgcolor=\"#fafafa\"><span style=\"color: #0066cc;\">C12-14 Alkyl-poly-D-glucosides (157707-88-5)<\/span><\/td>\n<\/tr>\n<\/tbody>\n<\/table>","protected":false},"excerpt":{"rendered":"<p>A D-glucopiranose, olig\u00f3meros, C12-14-alquilglic\u00f3sidos \u00e9 uma classe de tensioactivos n\u00e3o i\u00f3nicos. S\u00e3o derivados da condensa\u00e7\u00e3o de D-glucopiranose (uma forma de glucose) com \u00e1lcoois gordos de comprimento de cadeia entre C12 e C14. Estes olig\u00f3meros s\u00e3o conhecidos pela sua suavidade e biodegradabilidade, tornando-os adequados para utiliza\u00e7\u00e3o em produtos de cuidados pessoais, particularmente em formula\u00e7\u00f5es para cuidados da pele e do cabelo. Apresentam propriedades como boas capacidades de forma\u00e7\u00e3o de espuma, emulsifica\u00e7\u00e3o e solubiliza\u00e7\u00e3o, que s\u00e3o ben\u00e9ficas para a cria\u00e7\u00e3o de produtos de limpeza suaves e eficazes. A cor espec\u00edfica e o estado f\u00edsico destes olig\u00f3meros podem variar, mas s\u00e3o geralmente utilizados na forma l\u00edquida para facilitar a formula\u00e7\u00e3o.<\/p>","protected":false},"featured_media":3994,"comment_status":"closed","ping_status":"closed","template":"","meta":[],"product_brand":[],"product_cat":[22],"product_tag":[],"class_list":{"0":"post-3944","1":"product","2":"type-product","3":"status-publish","4":"has-post-thumbnail","6":"product_cat-daily-chemicals","8":"first","9":"instock","10":"shipping-taxable","11":"product-type-simple"},"_links":{"self":[{"href":"https:\/\/chemneo.com\/pt\/wp-json\/wp\/v2\/product\/3944","targetHints":{"allow":["GET"]}}],"collection":[{"href":"https:\/\/chemneo.com\/pt\/wp-json\/wp\/v2\/product"}],"about":[{"href":"https:\/\/chemneo.com\/pt\/wp-json\/wp\/v2\/types\/product"}],"replies":[{"embeddable":true,"href":"https:\/\/chemneo.com\/pt\/wp-json\/wp\/v2\/comments?post=3944"}],"wp:featuredmedia":[{"embeddable":true,"href":"https:\/\/chemneo.com\/pt\/wp-json\/wp\/v2\/media\/3994"}],"wp:attachment":[{"href":"https:\/\/chemneo.com\/pt\/wp-json\/wp\/v2\/media?parent=3944"}],"wp:term":[{"taxonomy":"product_brand","embeddable":true,"href":"https:\/\/chemneo.com\/pt\/wp-json\/wp\/v2\/product_brand?post=3944"},{"taxonomy":"product_cat","embeddable":true,"href":"https:\/\/chemneo.com\/pt\/wp-json\/wp\/v2\/product_cat?post=3944"},{"taxonomy":"product_tag","embeddable":true,"href":"https:\/\/chemneo.com\/pt\/wp-json\/wp\/v2\/product_tag?post=3944"}],"curies":[{"name":"wp","href":"https:\/\/api.w.org\/{rel}","templated":true}]}}