{"id":4024,"date":"2024-08-28T03:03:24","date_gmt":"2024-08-28T03:03:24","guid":{"rendered":"https:\/\/chemneo.com\/?post_type=product&#038;p=4024"},"modified":"2024-08-28T03:04:41","modified_gmt":"2024-08-28T03:04:41","slug":"d-glucopyranose-oligomers-c12-14-alkyl-glycosides-cas157707-88-5-2","status":"publish","type":"product","link":"https:\/\/chemneo.com\/pt\/product\/4024.html","title":{"rendered":"D-Glucopiranose, olig\u00f3meros, C12-14-alquilglicos\u00eddeos CAS#157707-88-5"},"content":{"rendered":"<p>D-Glucopiranose, olig\u00f3meros, C12-14-alquilglicos\u00eddeos CAS#157707-88-5<\/p>\n<table border=\"0\" width=\"100%\" cellspacing=\"0\" cellpadding=\"0\" align=\"center\">\n<tbody>\n<tr>\n<td class=\"td6\" bgcolor=\"DEEEF4\" width=\"611\" height=\"23\">D-Glucopyranose, oligomeric, C12-14-alkyl glycosides Chemical Properties<\/td>\n<\/tr>\n<\/tbody>\n<\/table>\n<table border=\"0\" width=\"100%\" cellspacing=\"1\" cellpadding=\"2\" bgcolor=\"d5d5d5\">\n<tbody>\n<tr class=\"ProdSupplierGN_ProductA_1\">\n<td class=\"td12\">Sistema de Registo de Subst\u00e2ncias da EPA<\/td>\n<td bgcolor=\"#fafafa\"><span style=\"color: #0066cc;\">C12-14 Alkyl-poly-D-glucosides (157707-88-5)<\/span><\/td>\n<\/tr>\n<\/tbody>\n<\/table>\n<table border=\"0\" width=\"100%\" cellspacing=\"0\" cellpadding=\"0\" align=\"center\">\n<tbody>\n<tr>\n<td bgcolor=\"64B7D7\" height=\"1\"><\/td>\n<\/tr>\n<tr>\n<td class=\"td6\" bgcolor=\"DEEEF4\" width=\"611\" height=\"23\">D-Glucopyranose, oligomeric, C12-14-alkyl glycosides Basic information<\/td>\n<\/tr>\n<tr>\n<td class=\"TDAmarginR10\" align=\"left\" bgcolor=\"#FFFFFF\">Utiliza\u00e7\u00f5es<\/td>\n<\/tr>\n<\/tbody>\n<\/table>\n<table border=\"0\" width=\"100%\" cellspacing=\"1\" cellpadding=\"2\" bgcolor=\"d5d5d5\">\n<tbody>\n<tr class=\"ProdSupplierGN_ProductA_2\">\n<td class=\"td1\">Product Name:<\/td>\n<td bgcolor=\"#fafafa\">D-Glucopyranose, oligomeric, C12-14-alkyl glycosides<\/td>\n<\/tr>\n<tr class=\"ProdSupplierGN_ProductA_2\">\n<td bgcolor=\"#FFFFFF\">Synonyms:<\/td>\n<td bgcolor=\"#FFFFFF\"><span>C12-14-Alkyl glycosides oligomer<\/span>;<span>Lauryl Glycoside<\/span>;<span>D-Glucopyranose, oligomers, C12-14-alkyl glycosides<\/span>;<span>D-Glucopyranose, oligomeric, C12-14-alkyl glycosides<\/span>;<span>APG 2000UP<\/span><\/td>\n<\/tr>\n<tr class=\"ProdSupplierGN_ProductA_1\">\n<td class=\"td1\">CAS:<\/td>\n<td bgcolor=\"#fafafa\"><b>157707-88-5<\/b><\/td>\n<\/tr>\n<tr class=\"ProdSupplierGN_ProductA_2\">\n<td bgcolor=\"#FFFFFF\">MF:<\/td>\n<td bgcolor=\"#FFFFFF\"><\/td>\n<\/tr>\n<tr class=\"ProdSupplierGN_ProductA_1\">\n<td class=\"td1\">MW:<\/td>\n<td bgcolor=\"#fafafa\">0<\/td>\n<\/tr>\n<tr class=\"ProdSupplierGN_ProductA_2\">\n<td bgcolor=\"#FFFFFF\">EINECS:<\/td>\n<td bgcolor=\"#FFFFFF\">500-395-4<\/td>\n<\/tr>\n<tr class=\"ProdSupplierGN_ProductA_1\">\n<td class=\"td1\">Product Categories:<\/td>\n<td bgcolor=\"#fafafa\"><\/td>\n<\/tr>\n<tr class=\"ProdSupplierGN_ProductA_1\">\n<td class=\"td1\">Mol File:<\/td>\n<td bgcolor=\"#fafafa\">Mol File<\/td>\n<\/tr>\n<\/tbody>\n<\/table>","protected":false},"excerpt":{"rendered":"<p>Alquilgluc\u00f3sido, Alquilpoligluc\u00f3sido (APG). \u00c9 formado pela desidrata\u00e7\u00e3o do grupo hidroxilo do hemiacetal da glucose e do grupo hidroxilo do \u00e1lcool gordo sob a\u00e7\u00e3o catal\u00edtica. O alquilglicos\u00eddeo (APG) \u00e9 um novo tipo de tensioativo n\u00e3o-i\u00f3nico altamente eficaz, n\u00e3o t\u00f3xico, biodegrad\u00e1vel e com boa atividade superficial. As mat\u00e9rias-primas necess\u00e1rias para a sua produ\u00e7\u00e3o s\u00e3o a glucose e o \u00e1lcool gordo provenientes de recursos naturais renov\u00e1veis. A combina\u00e7\u00e3o pode formar o melhor tensioativo da atualidade. Forte poder de forma\u00e7\u00e3o de espuma, estabilidade da espuma, boa molhabilidade, excelente compatibilidade, pouca irrita\u00e7\u00e3o para o corpo humano, toxicidade extremamente baixa, biodegrada\u00e7\u00e3o r\u00e1pida, \u00e9 a \u00fanica variedade no mundo que pode ser chamada de n\u00e3o t\u00f3xica, portanto, APG \u00e9 conhecido como surfactantes de \"classe mundial\" com seu desempenho superior. Os alquilglic\u00f3sidos podem ser utilizados na ind\u00fastria qu\u00edmica di\u00e1ria, na ind\u00fastria t\u00eaxtil, na ind\u00fastria de pesticidas, na ind\u00fastria alimentar, na ind\u00fastria de produ\u00e7\u00e3o de petr\u00f3leo, etc.<\/p>","protected":false},"featured_media":4041,"comment_status":"closed","ping_status":"closed","template":"","meta":[],"product_brand":[],"product_cat":[22],"product_tag":[24],"class_list":{"0":"post-4024","1":"product","2":"type-product","3":"status-publish","4":"has-post-thumbnail","6":"product_cat-daily-chemicals","7":"product_tag-daily-chemicals","9":"first","10":"instock","11":"shipping-taxable","12":"product-type-simple"},"_links":{"self":[{"href":"https:\/\/chemneo.com\/pt\/wp-json\/wp\/v2\/product\/4024","targetHints":{"allow":["GET"]}}],"collection":[{"href":"https:\/\/chemneo.com\/pt\/wp-json\/wp\/v2\/product"}],"about":[{"href":"https:\/\/chemneo.com\/pt\/wp-json\/wp\/v2\/types\/product"}],"replies":[{"embeddable":true,"href":"https:\/\/chemneo.com\/pt\/wp-json\/wp\/v2\/comments?post=4024"}],"wp:featuredmedia":[{"embeddable":true,"href":"https:\/\/chemneo.com\/pt\/wp-json\/wp\/v2\/media\/4041"}],"wp:attachment":[{"href":"https:\/\/chemneo.com\/pt\/wp-json\/wp\/v2\/media?parent=4024"}],"wp:term":[{"taxonomy":"product_brand","embeddable":true,"href":"https:\/\/chemneo.com\/pt\/wp-json\/wp\/v2\/product_brand?post=4024"},{"taxonomy":"product_cat","embeddable":true,"href":"https:\/\/chemneo.com\/pt\/wp-json\/wp\/v2\/product_cat?post=4024"},{"taxonomy":"product_tag","embeddable":true,"href":"https:\/\/chemneo.com\/pt\/wp-json\/wp\/v2\/product_tag?post=4024"}],"curies":[{"name":"wp","href":"https:\/\/api.w.org\/{rel}","templated":true}]}}