{"id":4049,"date":"2024-08-28T03:03:59","date_gmt":"2024-08-28T03:03:59","guid":{"rendered":"https:\/\/chemneo.com\/?post_type=product&#038;p=4049"},"modified":"2024-08-28T03:05:19","modified_gmt":"2024-08-28T03:05:19","slug":"argireline-cas-616204-22-9-acetyl-hexapeptide-8","status":"publish","type":"product","link":"https:\/\/chemneo.com\/pt\/product\/4049.html","title":{"rendered":"Argirelina CAS# 616204-22-9 Acetil Hexapept\u00eddeo-8"},"content":{"rendered":"<p>Argirelina CAS# 616204-22-9 Acetil Hexapept\u00eddeo-8<\/p>\n<div id=\"ContentPlaceHolder1_ProductProperty\">\n<table border=\"0\" width=\"100%\" cellspacing=\"0\" cellpadding=\"0\" align=\"center\">\n<tbody>\n<tr>\n<td class=\"td6\" bgcolor=\"DEEEF4\" width=\"611\" height=\"23\">Argireline Basic information<\/td>\n<\/tr>\n<tr>\n<td class=\"TDAmarginR10\" align=\"left\" bgcolor=\"#FFFFFF\">Description\u00a0Application<\/td>\n<\/tr>\n<\/tbody>\n<\/table>\n<table border=\"0\" width=\"100%\" cellspacing=\"1\" cellpadding=\"2\" bgcolor=\"d5d5d5\">\n<tbody>\n<tr class=\"ProdSupplierGN_ProductA_2\">\n<td class=\"td1\">Product Name:<\/td>\n<td bgcolor=\"#fafafa\">Argireline<\/td>\n<\/tr>\n<tr class=\"ProdSupplierGN_ProductA_2\">\n<td bgcolor=\"#FFFFFF\">Synonyms:<\/td>\n<td bgcolor=\"#FFFFFF\"><span>Ac-Glu-Glu-Met-Glu-Arg-Arg-NH2<\/span>;<span>N-Acetyl-L-alpha-glutamyl-L-alpha-glutamyl-L-methionyl-L-glutaminyl-L-arginyl-L-argininamide<\/span>;<span>Argireline<\/span>;<span>Argireline acetate Ac-Glu-Glu-Met-Arg-Arg-NH2<\/span>;<span>Argireline Acetate anti-aging cosMetic peptide<\/span>;<span>Argirelin Acetate(Acetyl Hexapeptide-3)<\/span>;<span>Argireline SynonyMs N-Acetyl-L-alpha-glutaMyl-L-alpha-glutaMyl-L-Methionyl-L-glutaMinyl-L-arginyl-L-argininaMide<\/span>;<span>Ac-EEMQRR-NH2 trifluoroacetate salt<\/span><\/td>\n<\/tr>\n<tr class=\"ProdSupplierGN_ProductA_1\">\n<td class=\"td1\">CAS:<\/td>\n<td bgcolor=\"#fafafa\"><b>616204-22-9<\/b><\/td>\n<\/tr>\n<tr class=\"ProdSupplierGN_ProductA_2\">\n<td bgcolor=\"#FFFFFF\">MF:<\/td>\n<td bgcolor=\"#FFFFFF\">C34H60N14O12S<\/td>\n<\/tr>\n<tr class=\"ProdSupplierGN_ProductA_1\">\n<td class=\"td1\">MW:<\/td>\n<td bgcolor=\"#fafafa\">889<\/td>\n<\/tr>\n<tr class=\"ProdSupplierGN_ProductA_2\">\n<td bgcolor=\"#FFFFFF\">EINECS:<\/td>\n<td bgcolor=\"#FFFFFF\">1592732-453-0<\/td>\n<\/tr>\n<tr class=\"ProdSupplierGN_ProductA_1\">\n<td class=\"td1\">Product Categories:<\/td>\n<td bgcolor=\"#fafafa\">Peptide;APIs;616204-22-9<\/td>\n<\/tr>\n<tr class=\"ProdSupplierGN_ProductA_1\">\n<td class=\"td1\">Mol File:<\/td>\n<td bgcolor=\"#fafafa\">616204-22-9.mol<\/td>\n<\/tr>\n<tr class=\"ProdSupplierGN_ProductA_2\">\n<td colspan=\"2\" align=\"center\" bgcolor=\"#FFFFFF\"><img decoding=\"async\" src=\"https:\/\/www.chemicalbook.com\/CAS\/GIF\/616204-22-9.gif\" alt=\"Argireline Structure\" title=\"\"><\/td>\n<\/tr>\n<\/tbody>\n<\/table>\n<\/div>\n<div id=\"ContentPlaceHolder1_ProductChemPropertyA\">\n<table border=\"0\" width=\"100%\" cellspacing=\"0\" cellpadding=\"0\" align=\"center\">\n<tbody>\n<tr>\n<td bgcolor=\"64B7D7\" height=\"1\"><\/td>\n<\/tr>\n<tr>\n<td class=\"td6\" bgcolor=\"DEEEF4\" width=\"611\" height=\"23\">Argireline Chemical Properties<\/td>\n<\/tr>\n<\/tbody>\n<\/table>\n<table border=\"0\" width=\"100%\" cellspacing=\"1\" cellpadding=\"2\" bgcolor=\"d5d5d5\">\n<tbody>\n<tr class=\"ProdSupplierGN_ProductA_1\">\n<td class=\"td12\">densidade<\/td>\n<td bgcolor=\"#fafafa\"><span style=\"color: #0066cc;\">1.54<\/span><\/td>\n<\/tr>\n<tr class=\"ProdSupplierGN_ProductA_2\">\n<td bgcolor=\"#FFFFFF\">storage temp.<\/td>\n<td bgcolor=\"#FFFFFF\"><span style=\"color: #0066cc;\">-20\u00b0C<\/span><\/td>\n<\/tr>\n<tr class=\"ProdSupplierGN_ProductA_1\">\n<td class=\"td12\">solubility<\/td>\n<td bgcolor=\"#fafafa\"><span style=\"color: #0066cc;\">water soluble<\/span><\/td>\n<\/tr>\n<tr class=\"ProdSupplierGN_ProductA_2\">\n<td bgcolor=\"#FFFFFF\">solubility<\/td>\n<td bgcolor=\"#FFFFFF\"><span style=\"color: #0066cc;\">water soluble<\/span><\/td>\n<\/tr>\n<tr class=\"ProdSupplierGN_ProductA_1\">\n<td class=\"td12\">forma<\/td>\n<td bgcolor=\"#fafafa\"><span style=\"color: #0066cc;\">lyophilized solid<\/span><\/td>\n<\/tr>\n<tr class=\"ProdSupplierGN_ProductA_2\">\n<td bgcolor=\"#FFFFFF\">pka<\/td>\n<td bgcolor=\"#FFFFFF\"><span style=\"color: #0066cc;\">4.43\u00b10.10(Predicted)<\/span><\/td>\n<\/tr>\n<tr class=\"ProdSupplierGN_ProductA_1\">\n<td class=\"td12\">color<\/td>\n<td bgcolor=\"#fafafa\"><span style=\"color: #0066cc;\">white<\/span><\/td>\n<\/tr>\n<tr class=\"ProdSupplierGN_ProductA_2\">\n<td bgcolor=\"#FFFFFF\">Sequence<\/td>\n<td bgcolor=\"#FFFFFF\"><span style=\"color: #0066cc;\">Ac-Glu-Glu-Met-Gln-Arg-Arg-NH2<\/span><\/td>\n<\/tr>\n<tr class=\"ProdSupplierGN_ProductA_1\">\n<td class=\"td12\">InChIKey<\/td>\n<td bgcolor=\"#fafafa\"><span style=\"color: #0066cc;\">RJZNPROJTJSYLC-LLINQDLYSA-N<\/span><\/td>\n<\/tr>\n<\/tbody>\n<\/table>\n<\/div>","protected":false},"excerpt":{"rendered":"<p>A Argirelina (Acetil hexapept\u00eddeo-3) \u00e9 um p\u00e9ptido antirrugas seguro e que penetra na pele. A Argireline inibe significativamente o lan\u00e7amento de neurotransmissores dependentes de Ca2+ na jun\u00e7\u00e3o neuromuscular. A Argireline tem efeitos antirrugas e anti-envelhecimento.<\/p>\n<p>O acetil hexapept\u00eddeo-8, tamb\u00e9m chamado ajirelin, \u00e9 uma mat\u00e9ria-prima cosm\u00e9tica antirrugas de alta qualidade. Tem uma elevada capacidade antirrugas e poucos efeitos negativos, e tamb\u00e9m tem sido utilizada em diferentes s\u00e9ries de cosm\u00e9ticos de alta qualidade. Ajirelin pode bloquear parcialmente a transmiss\u00e3o nervosa dos detalhes da contra\u00e7\u00e3o muscular, influenciar a transmiss\u00e3o nervosa da pele, relaxar a massa muscular do rosto, suavizar linhas din\u00e2micas, linhas fixas e grandes linhas; reconstruir com sucesso a flexibilidade do colag\u00e9nio, aumentar a atividade da elastina, chutar o vinco de volta como as linhas smial, bem como aumentar o lazer. Pode ser utilizado em cosm\u00e9ticos como um ingrediente ativo antirrugas com resultados not\u00e1veis. Argireline evita o desenvolvimento de vincos na pele, bem como impede o lan\u00e7amento de neurotransmissores nas articula\u00e7\u00f5es neuromusculares.<\/p>","protected":false},"featured_media":4115,"comment_status":"closed","ping_status":"closed","template":"","meta":[],"product_brand":[],"product_cat":[22],"product_tag":[24],"class_list":{"0":"post-4049","1":"product","2":"type-product","3":"status-publish","4":"has-post-thumbnail","6":"product_cat-daily-chemicals","7":"product_tag-daily-chemicals","9":"first","10":"instock","11":"shipping-taxable","12":"product-type-simple"},"_links":{"self":[{"href":"https:\/\/chemneo.com\/pt\/wp-json\/wp\/v2\/product\/4049","targetHints":{"allow":["GET"]}}],"collection":[{"href":"https:\/\/chemneo.com\/pt\/wp-json\/wp\/v2\/product"}],"about":[{"href":"https:\/\/chemneo.com\/pt\/wp-json\/wp\/v2\/types\/product"}],"replies":[{"embeddable":true,"href":"https:\/\/chemneo.com\/pt\/wp-json\/wp\/v2\/comments?post=4049"}],"wp:featuredmedia":[{"embeddable":true,"href":"https:\/\/chemneo.com\/pt\/wp-json\/wp\/v2\/media\/4115"}],"wp:attachment":[{"href":"https:\/\/chemneo.com\/pt\/wp-json\/wp\/v2\/media?parent=4049"}],"wp:term":[{"taxonomy":"product_brand","embeddable":true,"href":"https:\/\/chemneo.com\/pt\/wp-json\/wp\/v2\/product_brand?post=4049"},{"taxonomy":"product_cat","embeddable":true,"href":"https:\/\/chemneo.com\/pt\/wp-json\/wp\/v2\/product_cat?post=4049"},{"taxonomy":"product_tag","embeddable":true,"href":"https:\/\/chemneo.com\/pt\/wp-json\/wp\/v2\/product_tag?post=4049"}],"curies":[{"name":"wp","href":"https:\/\/api.w.org\/{rel}","templated":true}]}}