{"id":4098,"date":"2024-08-28T03:04:59","date_gmt":"2024-08-28T03:04:59","guid":{"rendered":"https:\/\/chemneo.com\/?post_type=product&#038;p=4098"},"modified":"2024-08-28T03:05:53","modified_gmt":"2024-08-28T03:05:53","slug":"monobenzone-cas-103-16-2","status":"publish","type":"product","link":"https:\/\/chemneo.com\/pt\/product\/4098.html","title":{"rendered":"Monobenzona CAS #103-16-2"},"content":{"rendered":"<p>Monobenzona CAS #103-16-2<\/p>\n<div id=\"ContentPlaceHolder1_ProductProperty\">\n<table border=\"0\" width=\"100%\" cellspacing=\"0\" cellpadding=\"0\" align=\"center\">\n<tbody>\n<tr>\n<td class=\"td6\" bgcolor=\"DEEEF4\" width=\"611\" height=\"23\">Monobenzone Basic information<\/td>\n<\/tr>\n<\/tbody>\n<\/table>\n<table border=\"0\" width=\"100%\" cellspacing=\"1\" cellpadding=\"2\" bgcolor=\"d5d5d5\">\n<tbody>\n<tr class=\"ProdSupplierGN_ProductA_2\">\n<td class=\"td1\">Product Name:<\/td>\n<td bgcolor=\"#fafafa\">Monobenzone<\/td>\n<\/tr>\n<tr class=\"ProdSupplierGN_ProductA_2\">\n<td bgcolor=\"#FFFFFF\">Synonyms:<\/td>\n<td bgcolor=\"#FFFFFF\">BENZYL P-HYDROXYPHENYL ETHER;P-HYDROXYPHENYL BENZYL ETHER;4-BENZYLOXYPHENOL;AKOS BBS-00000682;4-(BENZYLOXY)PHENOL, 99+%;4-Benzyloxyphenol, 98+%;p-Benzyloxyphenone;BENZYL HYDOQUINONE<\/td>\n<\/tr>\n<tr class=\"ProdSupplierGN_ProductA_1\">\n<td class=\"td1\">CAS:<\/td>\n<td bgcolor=\"#fafafa\"><b>103-16-2<\/b><\/td>\n<\/tr>\n<tr class=\"ProdSupplierGN_ProductA_2\">\n<td bgcolor=\"#FFFFFF\">MF:<\/td>\n<td bgcolor=\"#FFFFFF\">C13H12O2<\/td>\n<\/tr>\n<tr class=\"ProdSupplierGN_ProductA_1\">\n<td class=\"td1\">MW:<\/td>\n<td bgcolor=\"#fafafa\">200.23<\/td>\n<\/tr>\n<tr class=\"ProdSupplierGN_ProductA_2\">\n<td bgcolor=\"#FFFFFF\">EINECS:<\/td>\n<td bgcolor=\"#FFFFFF\">203-083-3<\/td>\n<\/tr>\n<tr class=\"ProdSupplierGN_ProductA_1\">\n<td class=\"td1\">Product Categories:<\/td>\n<td bgcolor=\"#fafafa\">B;Bioactive Small Molecules;Building Blocks;C9 to C20+;Cell Biology;Chemical Synthesis;Organic Building Blocks;Oxygen Compounds;Phenols;whiten agent;cosmetics;SANODIN;API;API intermediates;Bifunctional Compounds (Building Blocks for Liquid Crystals);Building Blocks for Liquid Crystals;Functional Materials;treat Vitiligo;103-16-2<\/td>\n<\/tr>\n<tr class=\"ProdSupplierGN_ProductA_1\">\n<td class=\"td1\">Mol File:<\/td>\n<td bgcolor=\"#fafafa\">103-16-2.mol<\/td>\n<\/tr>\n<tr class=\"ProdSupplierGN_ProductA_2\">\n<td colspan=\"2\" align=\"center\" bgcolor=\"#FFFFFF\"><img decoding=\"async\" src=\"https:\/\/www.chemicalbook.com\/CAS\/20180808\/GIF\/103-16-2.gif\" alt=\"Monobenzone Structure\" title=\"\"><\/td>\n<\/tr>\n<\/tbody>\n<\/table>\n<\/div>\n<div id=\"ContentPlaceHolder1_ProductChemPropertyA\">\n<table border=\"0\" width=\"100%\" cellspacing=\"0\" cellpadding=\"0\" align=\"center\">\n<tbody>\n<tr>\n<td bgcolor=\"64B7D7\" height=\"1\"><\/td>\n<\/tr>\n<tr>\n<td class=\"td6\" bgcolor=\"DEEEF4\" width=\"611\" height=\"23\">Monobenzone Chemical Properties<\/td>\n<\/tr>\n<\/tbody>\n<\/table>\n<table border=\"0\" width=\"100%\" cellspacing=\"1\" cellpadding=\"2\" bgcolor=\"d5d5d5\">\n<tbody>\n<tr class=\"ProdSupplierGN_ProductA_1\">\n<td class=\"td12\">Melting point<\/td>\n<td bgcolor=\"#fafafa\"><span style=\"color: #0066cc;\">119-120 \u00b0C (lit.)<\/span><\/td>\n<\/tr>\n<tr class=\"ProdSupplierGN_ProductA_2\">\n<td bgcolor=\"#FFFFFF\">Ponto de ebuli\u00e7\u00e3o<\/td>\n<td bgcolor=\"#FFFFFF\"><span style=\"color: #0066cc;\">297.96\u00b0C (rough estimate)<\/span><\/td>\n<\/tr>\n<tr class=\"ProdSupplierGN_ProductA_1\">\n<td class=\"td12\">densidade<\/td>\n<td bgcolor=\"#fafafa\"><span style=\"color: #0066cc;\">1,26 g\/cm<sup>3<\/sup><\/span><\/td>\n<\/tr>\n<tr class=\"ProdSupplierGN_ProductA_2\">\n<td bgcolor=\"#FFFFFF\">\u00edndice de refra\u00e7\u00e3o<\/td>\n<td bgcolor=\"#FFFFFF\"><span style=\"color: #0066cc;\">1.5906 (estimate)<\/span><\/td>\n<\/tr>\n<tr class=\"ProdSupplierGN_ProductA_1\">\n<td class=\"td12\">storage temp.<\/td>\n<td bgcolor=\"#fafafa\"><span style=\"color: #0066cc;\">Store below +30\u00b0C.<\/span><\/td>\n<\/tr>\n<tr class=\"ProdSupplierGN_ProductA_2\">\n<td bgcolor=\"#FFFFFF\">solubility<\/td>\n<td bgcolor=\"#FFFFFF\"><span style=\"color: #0066cc;\">Chloroform (Slightly), DMSO (Slightly), Methanol (Slightly)<\/span><\/td>\n<\/tr>\n<tr class=\"ProdSupplierGN_ProductA_1\">\n<td class=\"td12\">pka<\/td>\n<td bgcolor=\"#fafafa\"><span style=\"color: #0066cc;\">10.29\u00b10.15(Predicted)<\/span><\/td>\n<\/tr>\n<tr class=\"ProdSupplierGN_ProductA_2\">\n<td bgcolor=\"#FFFFFF\">forma<\/td>\n<td bgcolor=\"#FFFFFF\"><span style=\"color: #0066cc;\">Powder, Crystals, and\/or Chunks<\/span><\/td>\n<\/tr>\n<tr class=\"ProdSupplierGN_ProductA_1\">\n<td class=\"td12\">color<\/td>\n<td bgcolor=\"#fafafa\"><span style=\"color: #0066cc;\">Off-white to beige to brown<\/span><\/td>\n<\/tr>\n<tr class=\"ProdSupplierGN_ProductA_2\">\n<td bgcolor=\"#FFFFFF\">Water Solubility<\/td>\n<td bgcolor=\"#FFFFFF\"><span style=\"color: #0066cc;\">slightly soluble<\/span><\/td>\n<\/tr>\n<tr class=\"ProdSupplierGN_ProductA_1\">\n<td class=\"td12\">Merck<\/td>\n<td bgcolor=\"#fafafa\"><span style=\"color: #0066cc;\">14,6248<\/span><\/td>\n<\/tr>\n<tr class=\"ProdSupplierGN_ProductA_2\">\n<td bgcolor=\"#FFFFFF\">BRN<\/td>\n<td bgcolor=\"#FFFFFF\"><span style=\"color: #0066cc;\">1958305<\/span><\/td>\n<\/tr>\n<tr class=\"ProdSupplierGN_ProductA_1\">\n<td class=\"td12\">InChIKey<\/td>\n<td bgcolor=\"#fafafa\"><span style=\"color: #0066cc;\">VYQNWZOUAUKGHI-UHFFFAOYSA-N<\/span><\/td>\n<\/tr>\n<tr class=\"ProdSupplierGN_ProductA_2\">\n<td bgcolor=\"#FFFFFF\">LogP<\/td>\n<td bgcolor=\"#FFFFFF\"><span style=\"color: #0066cc;\">2.651 (est)<\/span><\/td>\n<\/tr>\n<tr class=\"ProdSupplierGN_ProductA_1\">\n<td class=\"td12\">CAS DataBase Reference<\/td>\n<td bgcolor=\"#fafafa\"><span style=\"color: #0066cc;\">103-16-2(CAS DataBase Reference)<\/span><\/td>\n<\/tr>\n<tr class=\"ProdSupplierGN_ProductA_2\">\n<td bgcolor=\"#FFFFFF\">NIST Chemistry Reference<\/td>\n<td bgcolor=\"#FFFFFF\"><span style=\"color: #0066cc;\">Monobenzone(103-16-2)<\/span><\/td>\n<\/tr>\n<tr class=\"ProdSupplierGN_ProductA_1\">\n<td class=\"td12\">Sistema de Registo de Subst\u00e2ncias da EPA<\/td>\n<td bgcolor=\"#fafafa\"><span style=\"color: #0066cc;\">Monobenzone (103-16-2)<\/span><\/td>\n<\/tr>\n<\/tbody>\n<\/table>\n<\/div>\n<div id=\"ContentPlaceHolder1_ProductChemSafePropertyA\">\n<table border=\"0\" width=\"100%\" cellspacing=\"0\" cellpadding=\"0\" align=\"center\">\n<tbody>\n<tr>\n<td bgcolor=\"64B7D7\" height=\"1\"><\/td>\n<\/tr>\n<tr>\n<td class=\"td6\" bgcolor=\"DEEEF4\" width=\"611\" height=\"23\">Informa\u00e7\u00f5es de seguran\u00e7a<\/td>\n<\/tr>\n<\/tbody>\n<\/table>\n<table border=\"0\" width=\"100%\" cellspacing=\"1\" cellpadding=\"2\" bgcolor=\"d5d5d5\">\n<tbody>\n<tr class=\"ProdSupplierGN_ProductA_1\">\n<td class=\"td12\">Hazard Codes<\/td>\n<td bgcolor=\"#fafafa\"><span style=\"color: #0066cc;\">Xi<\/span><\/td>\n<\/tr>\n<tr class=\"ProdSupplierGN_ProductA_2\">\n<td bgcolor=\"#FFFFFF\">Risk Statements<\/td>\n<td bgcolor=\"#FFFFFF\"><span style=\"color: #0066cc;\">36-43<\/span><\/td>\n<\/tr>\n<tr class=\"ProdSupplierGN_ProductA_1\">\n<td class=\"td12\">Safety Statements<\/td>\n<td bgcolor=\"#fafafa\"><span style=\"color: #0066cc;\">24\/25-26-37<\/span><\/td>\n<\/tr>\n<tr class=\"ProdSupplierGN_ProductA_2\">\n<td bgcolor=\"#FFFFFF\">WGK Germany<\/td>\n<td bgcolor=\"#FFFFFF\"><span style=\"color: #0066cc;\">2<\/span><\/td>\n<\/tr>\n<tr class=\"ProdSupplierGN_ProductA_1\">\n<td class=\"td12\">RTECS<\/td>\n<td bgcolor=\"#fafafa\"><span style=\"color: #0066cc;\">SJ7700000<\/span><\/td>\n<\/tr>\n<tr class=\"ProdSupplierGN_ProductA_2\">\n<td bgcolor=\"#FFFFFF\">Hazard Note<\/td>\n<td bgcolor=\"#FFFFFF\"><span style=\"color: #0066cc;\">Irritant<\/span><\/td>\n<\/tr>\n<tr class=\"ProdSupplierGN_ProductA_1\">\n<td class=\"td12\">TSCA<\/td>\n<td bgcolor=\"#fafafa\"><span style=\"color: #0066cc;\">Yes<\/span><\/td>\n<\/tr>\n<tr class=\"ProdSupplierGN_ProductA_2\">\n<td bgcolor=\"#FFFFFF\">HS Code<\/td>\n<td bgcolor=\"#FFFFFF\"><span style=\"color: #0066cc;\">29095090<\/span><\/td>\n<\/tr>\n<tr class=\"ProdSupplierGN_ProductA_1\">\n<td class=\"td12\">Hazardous Substances Data<\/td>\n<td bgcolor=\"#fafafa\"><span style=\"color: #0066cc;\">103-16-2(Hazardous Substances Data)<\/span><\/td>\n<\/tr>\n<tr class=\"ProdSupplierGN_ProductA_2\">\n<td bgcolor=\"#FFFFFF\">Toxicidade<\/td>\n<td bgcolor=\"#FFFFFF\"><span style=\"color: #0066cc;\">LD50 i.p. in mice: &gt;600 mg\/kg (Takahashi)<\/span><\/td>\n<\/tr>\n<\/tbody>\n<\/table>\n<\/div>","protected":false},"excerpt":{"rendered":"<p>Monobenzona, nome qu\u00edmico \u00e9 4- (Benzyloxy) fenol, Monobenzona \u00e9 um representante despigmentante, que tem o efeito de melhorar a velocidade de elimina\u00e7\u00e3o da melanina secretada pelas c\u00e9lulas da pele, estudo de pesquisa Recomenda-se que o dispositivo molecular de sua a\u00e7\u00e3o possa estar ligado \u00e0 tirosinase. Al\u00e9m disso, experi\u00eancias m\u00e9dicas provaram adicionalmente que a monobenzona pode lidar eficazmente com doen\u00e7as como vitiligo, pigmenta\u00e7\u00e3o e pigmenta\u00e7\u00e3o. Monobenzona \u00e9 um representante despigmentante t\u00f3pico utilizado para lidar com a hiperpigmenta\u00e7\u00e3o que obstrui a produ\u00e7\u00e3o de melanina na pele sem destruir os melan\u00f3citos.<\/p>","protected":false},"featured_media":4152,"comment_status":"closed","ping_status":"closed","template":"","meta":[],"product_brand":[],"product_cat":[22],"product_tag":[24],"class_list":{"0":"post-4098","1":"product","2":"type-product","3":"status-publish","4":"has-post-thumbnail","6":"product_cat-daily-chemicals","7":"product_tag-daily-chemicals","9":"first","10":"instock","11":"shipping-taxable","12":"product-type-simple"},"_links":{"self":[{"href":"https:\/\/chemneo.com\/pt\/wp-json\/wp\/v2\/product\/4098","targetHints":{"allow":["GET"]}}],"collection":[{"href":"https:\/\/chemneo.com\/pt\/wp-json\/wp\/v2\/product"}],"about":[{"href":"https:\/\/chemneo.com\/pt\/wp-json\/wp\/v2\/types\/product"}],"replies":[{"embeddable":true,"href":"https:\/\/chemneo.com\/pt\/wp-json\/wp\/v2\/comments?post=4098"}],"wp:featuredmedia":[{"embeddable":true,"href":"https:\/\/chemneo.com\/pt\/wp-json\/wp\/v2\/media\/4152"}],"wp:attachment":[{"href":"https:\/\/chemneo.com\/pt\/wp-json\/wp\/v2\/media?parent=4098"}],"wp:term":[{"taxonomy":"product_brand","embeddable":true,"href":"https:\/\/chemneo.com\/pt\/wp-json\/wp\/v2\/product_brand?post=4098"},{"taxonomy":"product_cat","embeddable":true,"href":"https:\/\/chemneo.com\/pt\/wp-json\/wp\/v2\/product_cat?post=4098"},{"taxonomy":"product_tag","embeddable":true,"href":"https:\/\/chemneo.com\/pt\/wp-json\/wp\/v2\/product_tag?post=4098"}],"curies":[{"name":"wp","href":"https:\/\/api.w.org\/{rel}","templated":true}]}}