{"id":4125,"date":"2024-08-28T03:05:29","date_gmt":"2024-08-28T03:05:29","guid":{"rendered":"https:\/\/chemneo.com\/?post_type=product&#038;p=4125"},"modified":"2024-08-28T03:06:27","modified_gmt":"2024-08-28T03:06:27","slug":"l-arginine-cas-74-79-3","status":"publish","type":"product","link":"https:\/\/chemneo.com\/pt\/product\/4125.html","title":{"rendered":"L(+)-Arginina CAS# 74-79-3"},"content":{"rendered":"<p>L(+)-Arginine CAS #74-79-3<\/p>\n<div id=\"ContentPlaceHolder1_ProductProperty\">\n<table border=\"0\" width=\"100%\" cellspacing=\"0\" cellpadding=\"0\" align=\"center\">\n<tbody>\n<tr>\n<td class=\"td6\" bgcolor=\"DEEEF4\" width=\"611\" height=\"23\">L(+)-Arginine Basic information<\/td>\n<\/tr>\n<tr>\n<td class=\"TDAmarginR10\" align=\"left\" bgcolor=\"#FFFFFF\">Indications and Usage\u00a0Mechanisms of Action\u00a0Adverse reactions\u00a0Toxicity Level\u00a0Acute Toxicity\u00a0Flammability Characteristics\u00a0Handling\u00a0Extinguishers<\/td>\n<\/tr>\n<\/tbody>\n<\/table>\n<table border=\"0\" width=\"100%\" cellspacing=\"1\" cellpadding=\"2\" bgcolor=\"d5d5d5\">\n<tbody>\n<tr class=\"ProdSupplierGN_ProductA_2\">\n<td class=\"td1\">Product Name:<\/td>\n<td bgcolor=\"#fafafa\">L(+)-Arginine<\/td>\n<\/tr>\n<tr class=\"ProdSupplierGN_ProductA_2\">\n<td bgcolor=\"#FFFFFF\">Synonyms:<\/td>\n<td bgcolor=\"#FFFFFF\"><span>L-Arginine BioUltra, &gt;=99.5% (NT)<\/span>;<span>L-Arginine Vetec(TM) reagent grade, &gt;=98%<\/span>;<span>L-Arginine, Animal-Free<\/span>;<span>L-ArginineUSP, 98.5-101.5% (Assay)<\/span>;<span>L-Arginine,99%e.e.<\/span>;<span>L-Arginine, 99%, Free Base<\/span>;<span>L-Aarginine<\/span>;<span>L(+)-ARGININE<\/span><\/td>\n<\/tr>\n<tr class=\"ProdSupplierGN_ProductA_1\">\n<td class=\"td1\">CAS:<\/td>\n<td bgcolor=\"#fafafa\"><b>74-79-3<\/b><\/td>\n<\/tr>\n<tr class=\"ProdSupplierGN_ProductA_2\">\n<td bgcolor=\"#FFFFFF\">MF:<\/td>\n<td bgcolor=\"#FFFFFF\">C6H14N4O2<\/td>\n<\/tr>\n<tr class=\"ProdSupplierGN_ProductA_1\">\n<td class=\"td1\">MW:<\/td>\n<td bgcolor=\"#fafafa\">174.2<\/td>\n<\/tr>\n<tr class=\"ProdSupplierGN_ProductA_2\">\n<td bgcolor=\"#FFFFFF\">EINECS:<\/td>\n<td bgcolor=\"#FFFFFF\">200-811-1<\/td>\n<\/tr>\n<tr class=\"ProdSupplierGN_ProductA_1\">\n<td class=\"td1\">Product Categories:<\/td>\n<td bgcolor=\"#fafafa\">Amino Acids;pharmacetical;chiral;Arginine [Arg, R];Amino Acids;Amino Acids and Derivatives;for Resolution of Acids;Optical Resolution;alpha-Amino Acids;Biochemistry;Synthetic Organic Chemistry;L-Amino Acids;Nitric Oxide;amino;API;bc0001;74-79-3<\/td>\n<\/tr>\n<tr class=\"ProdSupplierGN_ProductA_1\">\n<td class=\"td1\">Mol File:<\/td>\n<td bgcolor=\"#fafafa\">74-79-3.mol<\/td>\n<\/tr>\n<tr class=\"ProdSupplierGN_ProductA_2\">\n<td colspan=\"2\" align=\"center\" bgcolor=\"#FFFFFF\"><img decoding=\"async\" src=\"https:\/\/www.chemicalbook.com\/CAS\/GIF\/74-79-3.gif\" alt=\"L(+)-Arginine Structure\" title=\"\"><\/td>\n<\/tr>\n<\/tbody>\n<\/table>\n<\/div>\n<div id=\"ContentPlaceHolder1_ProductChemPropertyA\">\n<table border=\"0\" width=\"100%\" cellspacing=\"0\" cellpadding=\"0\" align=\"center\">\n<tbody>\n<tr>\n<td bgcolor=\"64B7D7\" height=\"1\"><\/td>\n<\/tr>\n<tr>\n<td class=\"td6\" bgcolor=\"DEEEF4\" width=\"611\" height=\"23\">L(+)-Arginine Chemical Properties<\/td>\n<\/tr>\n<\/tbody>\n<\/table>\n<table border=\"0\" width=\"100%\" cellspacing=\"1\" cellpadding=\"2\" bgcolor=\"d5d5d5\">\n<tbody>\n<tr class=\"ProdSupplierGN_ProductA_1\">\n<td class=\"td12\">Melting point<\/td>\n<td bgcolor=\"#fafafa\"><span style=\"color: #0066cc;\">222 \u00b0C (dec.) (lit.)<\/span><\/td>\n<\/tr>\n<tr class=\"ProdSupplierGN_ProductA_2\">\n<td bgcolor=\"#FFFFFF\">alpha<\/td>\n<td bgcolor=\"#FFFFFF\"><span style=\"color: #0066cc;\">27.1 \u00ba (c=8, 6N HCl)<\/span><\/td>\n<\/tr>\n<tr class=\"ProdSupplierGN_ProductA_1\">\n<td class=\"td12\">Boiling point<\/td>\n<td bgcolor=\"#fafafa\"><span style=\"color: #0066cc;\">305.18\u00b0C (rough estimate)<\/span><\/td>\n<\/tr>\n<tr class=\"ProdSupplierGN_ProductA_2\">\n<td bgcolor=\"#FFFFFF\">density<\/td>\n<td bgcolor=\"#FFFFFF\"><span style=\"color: #0066cc;\">1.2297 (rough estimate)<\/span><\/td>\n<\/tr>\n<tr class=\"ProdSupplierGN_ProductA_1\">\n<td class=\"td12\">FEMA<\/td>\n<td bgcolor=\"#fafafa\"><span style=\"color: #0066cc;\">3819 | L-ARGININE<\/span><\/td>\n<\/tr>\n<tr class=\"ProdSupplierGN_ProductA_2\">\n<td bgcolor=\"#FFFFFF\">refractive index<\/td>\n<td bgcolor=\"#FFFFFF\"><span style=\"color: #0066cc;\">27 \u00b0 (C=8, 6mol\/L HCl)<\/span><\/td>\n<\/tr>\n<tr class=\"ProdSupplierGN_ProductA_1\">\n<td class=\"td12\">storage temp.<\/td>\n<td bgcolor=\"#fafafa\"><span style=\"color: #0066cc;\">2-8\u00b0C<\/span><\/td>\n<\/tr>\n<tr class=\"ProdSupplierGN_ProductA_2\">\n<td bgcolor=\"#FFFFFF\">solubility<\/td>\n<td bgcolor=\"#FFFFFF\"><span style=\"color: #0066cc;\">H<sub>2<\/sub>O: 100\u00a0mg\/mL<\/span><\/td>\n<\/tr>\n<tr class=\"ProdSupplierGN_ProductA_1\">\n<td class=\"td12\">form<\/td>\n<td bgcolor=\"#fafafa\"><span style=\"color: #0066cc;\">powder<\/span><\/td>\n<\/tr>\n<tr class=\"ProdSupplierGN_ProductA_2\">\n<td bgcolor=\"#FFFFFF\">pka<\/td>\n<td bgcolor=\"#FFFFFF\"><span style=\"color: #0066cc;\">1.82, 8.99, 12.5(at 25\u2103)<\/span><\/td>\n<\/tr>\n<tr class=\"ProdSupplierGN_ProductA_1\">\n<td class=\"td12\">color<\/td>\n<td bgcolor=\"#fafafa\"><span style=\"color: #0066cc;\">white<\/span><\/td>\n<\/tr>\n<tr class=\"ProdSupplierGN_ProductA_2\">\n<td bgcolor=\"#FFFFFF\">PH<\/td>\n<td bgcolor=\"#FFFFFF\"><span style=\"color: #0066cc;\">10.5-12.0 (25\u2103, 0.5M in H2O)<\/span><\/td>\n<\/tr>\n<tr class=\"ProdSupplierGN_ProductA_1\">\n<td class=\"td12\">PH Range<\/td>\n<td bgcolor=\"#fafafa\"><span style=\"color: #0066cc;\">10.5 - 12<\/span><\/td>\n<\/tr>\n<tr class=\"ProdSupplierGN_ProductA_2\">\n<td bgcolor=\"#FFFFFF\">Odor<\/td>\n<td bgcolor=\"#FFFFFF\"><span style=\"color: #0066cc;\">Faint<\/span><\/td>\n<\/tr>\n<tr class=\"ProdSupplierGN_ProductA_1\">\n<td class=\"td12\">Odor Type<\/td>\n<td bgcolor=\"#fafafa\"><span style=\"color: #0066cc;\">bland<\/span><\/td>\n<\/tr>\n<tr class=\"ProdSupplierGN_ProductA_2\">\n<td bgcolor=\"#FFFFFF\">optical activity<\/td>\n<td bgcolor=\"#FFFFFF\"><span style=\"color: #0066cc;\">[\u03b1]20\/D +27\u00b0, c = 8 in 6 M HCl<\/span><\/td>\n<\/tr>\n<tr class=\"ProdSupplierGN_ProductA_1\">\n<td class=\"td12\">Water Solubility<\/td>\n<td bgcolor=\"#fafafa\"><span style=\"color: #0066cc;\">148.7 g\/L (20 \u00baC)<\/span><\/td>\n<\/tr>\n<tr class=\"ProdSupplierGN_ProductA_2\">\n<td bgcolor=\"#FFFFFF\">Sensitive<\/td>\n<td bgcolor=\"#FFFFFF\"><span style=\"color: #0066cc;\">Air Sensitive<\/span><\/td>\n<\/tr>\n<tr class=\"ProdSupplierGN_ProductA_1\">\n<td class=\"td12\">\u03bbmax<\/td>\n<td bgcolor=\"#fafafa\"><span style=\"color: #0066cc;\">\u03bb: 260 nm Amax: \u22640.2<br \/>\n\u03bb: 280 nm Amax: \u22640.1<\/span><\/td>\n<\/tr>\n<tr class=\"ProdSupplierGN_ProductA_2\">\n<td bgcolor=\"#FFFFFF\">JECFA Number<\/td>\n<td bgcolor=\"#FFFFFF\"><span style=\"color: #0066cc;\">1438<\/span><\/td>\n<\/tr>\n<tr class=\"ProdSupplierGN_ProductA_1\">\n<td class=\"td12\">Merck<\/td>\n<td bgcolor=\"#fafafa\"><span style=\"color: #0066cc;\">14,780<\/span><\/td>\n<\/tr>\n<tr class=\"ProdSupplierGN_ProductA_2\">\n<td bgcolor=\"#FFFFFF\">BRN<\/td>\n<td bgcolor=\"#FFFFFF\"><span style=\"color: #0066cc;\">1725413<\/span><\/td>\n<\/tr>\n<tr class=\"ProdSupplierGN_ProductA_1\">\n<td class=\"td12\">Stability:<\/td>\n<td bgcolor=\"#fafafa\"><span style=\"color: #0066cc;\">Stable. Incompatible with strong oxidizing agents.<\/span><\/td>\n<\/tr>\n<tr class=\"ProdSupplierGN_ProductA_2\">\n<td bgcolor=\"#FFFFFF\">InChIKey<\/td>\n<td bgcolor=\"#FFFFFF\"><span style=\"color: #0066cc;\">ODKSFYDXXFIFQN-BYPYZUCNSA-N<\/span><\/td>\n<\/tr>\n<tr class=\"ProdSupplierGN_ProductA_1\">\n<td class=\"td12\">LogP<\/td>\n<td bgcolor=\"#fafafa\"><span style=\"color: #0066cc;\">-4.20<\/span><\/td>\n<\/tr>\n<tr class=\"ProdSupplierGN_ProductA_2\">\n<td bgcolor=\"#FFFFFF\">CAS DataBase Reference<\/td>\n<td bgcolor=\"#FFFFFF\"><span style=\"color: #0066cc;\">74-79-3(CAS DataBase Reference)<\/span><\/td>\n<\/tr>\n<tr class=\"ProdSupplierGN_ProductA_1\">\n<td class=\"td12\">NIST Chemistry Reference<\/td>\n<td bgcolor=\"#fafafa\"><span style=\"color: #0066cc;\">L-Arginine(74-79-3)<\/span><\/td>\n<\/tr>\n<tr class=\"ProdSupplierGN_ProductA_2\">\n<td bgcolor=\"#FFFFFF\">EPA Substance Registry System<\/td>\n<td bgcolor=\"#FFFFFF\"><span style=\"color: #0066cc;\">L-Arginine (74-79-3)<\/span><\/td>\n<\/tr>\n<\/tbody>\n<\/table>\n<\/div>\n","protected":false},"excerpt":{"rendered":"<p><strong>A L-arginina (ou arginina) \u00e9 um amino\u00e1cido reconhecido como sendo os \"blocos de constru\u00e7\u00e3o\" das prote\u00ednas saud\u00e1veis.<\/strong>\u00a0Obtemos arginina do nosso plano de dieta, especialmente de alimentos proteicos saud\u00e1veis derivados de animais, consistindo em carne bovina e v\u00e1rios outros tipos de carne vermelha, frango, peixe, ovos e tamb\u00e9m latic\u00ednios.<\/p>\n<p>Para al\u00e9m de estar normalmente presente numa \"prote\u00edna inteira saud\u00e1vel\" que fornece todos os amino\u00e1cidos importantes de que necessitamos, \u00e9 tamb\u00e9m produzida num laborat\u00f3rio de investiga\u00e7\u00e3o para que possa ser utilizada no desenvolvimento de suplementos que beneficiam a sa\u00fade do cora\u00e7\u00e3o, a efici\u00eancia desportiva, o desempenho psicol\u00f3gico, bem como outros.<\/p>","protected":false},"featured_media":4182,"comment_status":"closed","ping_status":"closed","template":"","meta":[],"product_brand":[],"product_cat":[22],"product_tag":[24],"class_list":{"0":"post-4125","1":"product","2":"type-product","3":"status-publish","4":"has-post-thumbnail","6":"product_cat-daily-chemicals","7":"product_tag-daily-chemicals","9":"first","10":"instock","11":"shipping-taxable","12":"product-type-simple"},"_links":{"self":[{"href":"https:\/\/chemneo.com\/pt\/wp-json\/wp\/v2\/product\/4125","targetHints":{"allow":["GET"]}}],"collection":[{"href":"https:\/\/chemneo.com\/pt\/wp-json\/wp\/v2\/product"}],"about":[{"href":"https:\/\/chemneo.com\/pt\/wp-json\/wp\/v2\/types\/product"}],"replies":[{"embeddable":true,"href":"https:\/\/chemneo.com\/pt\/wp-json\/wp\/v2\/comments?post=4125"}],"wp:featuredmedia":[{"embeddable":true,"href":"https:\/\/chemneo.com\/pt\/wp-json\/wp\/v2\/media\/4182"}],"wp:attachment":[{"href":"https:\/\/chemneo.com\/pt\/wp-json\/wp\/v2\/media?parent=4125"}],"wp:term":[{"taxonomy":"product_brand","embeddable":true,"href":"https:\/\/chemneo.com\/pt\/wp-json\/wp\/v2\/product_brand?post=4125"},{"taxonomy":"product_cat","embeddable":true,"href":"https:\/\/chemneo.com\/pt\/wp-json\/wp\/v2\/product_cat?post=4125"},{"taxonomy":"product_tag","embeddable":true,"href":"https:\/\/chemneo.com\/pt\/wp-json\/wp\/v2\/product_tag?post=4125"}],"curies":[{"name":"wp","href":"https:\/\/api.w.org\/{rel}","templated":true}]}}