{"id":4230,"date":"2024-08-28T03:07:09","date_gmt":"2024-08-28T03:07:09","guid":{"rendered":"https:\/\/chemneo.com\/?post_type=product&#038;p=4230"},"modified":"2024-08-28T03:08:02","modified_gmt":"2024-08-28T03:08:02","slug":"coenzyme-a-sodium-salt-cas-55672-92-9","status":"publish","type":"product","link":"https:\/\/chemneo.com\/pt\/product\/4230.html","title":{"rendered":"SAL DE S\u00d3DIO DA COENZIMA A CAS# 55672-92-9"},"content":{"rendered":"<p>SAL DE S\u00d3DIO DA COENZIMA A CAS# 55672-92-9<\/p>\n<div id=\"ContentPlaceHolder1_ProductProperty\">\n<table border=\"0\" width=\"100%\" cellspacing=\"0\" cellpadding=\"0\" align=\"center\">\n<tbody>\n<tr>\n<td class=\"td6\" bgcolor=\"DEEEF4\" width=\"611\" height=\"23\">COENZYME A SODIUM SALT Basic information<\/td>\n<\/tr>\n<\/tbody>\n<\/table>\n<table border=\"0\" width=\"100%\" cellspacing=\"1\" cellpadding=\"2\" bgcolor=\"d5d5d5\">\n<tbody>\n<tr class=\"ProdSupplierGN_ProductA_2\">\n<td class=\"td1\">Product Name:<\/td>\n<td bgcolor=\"#fafafa\">COENZYME A SODIUM SALT<\/td>\n<\/tr>\n<tr class=\"ProdSupplierGN_ProductA_2\">\n<td bgcolor=\"#FFFFFF\">Synonyms:<\/td>\n<td bgcolor=\"#FFFFFF\"><span>CoenzymeA hydrate sodium salt<\/span>;<span>coenzyme A sodium from yeast<\/span>;<span>COENZYME A, SODIUM CELL CULTURE TESTED<\/span>;<span>COENZYME A DISODIUM SALT<\/span>;<span>COENZYME A SODIUM SALT<\/span>;<span>COENZYME A SODIUM SALT HYDRATE<\/span>;<span>COENZYME A TRISODIUM SALT<\/span>;<span>COA NA2<\/span><\/td>\n<\/tr>\n<tr class=\"ProdSupplierGN_ProductA_1\">\n<td class=\"td1\">CAS:<\/td>\n<td bgcolor=\"#fafafa\"><b>55672-92-9<\/b><\/td>\n<\/tr>\n<tr class=\"ProdSupplierGN_ProductA_2\">\n<td bgcolor=\"#FFFFFF\">MF:<\/td>\n<td bgcolor=\"#FFFFFF\">C21H35N7NaO16P3S<\/td>\n<\/tr>\n<tr class=\"ProdSupplierGN_ProductA_1\">\n<td class=\"td1\">MW:<\/td>\n<td bgcolor=\"#fafafa\">789.52<\/td>\n<\/tr>\n<tr class=\"ProdSupplierGN_ProductA_2\">\n<td bgcolor=\"#FFFFFF\">EINECS:<\/td>\n<td bgcolor=\"#FFFFFF\">259-747-8<\/td>\n<\/tr>\n<tr class=\"ProdSupplierGN_ProductA_1\">\n<td class=\"td1\">Product Categories:<\/td>\n<td bgcolor=\"#fafafa\"><\/td>\n<\/tr>\n<tr class=\"ProdSupplierGN_ProductA_1\">\n<td class=\"td1\">Mol File:<\/td>\n<td bgcolor=\"#fafafa\">55672-92-9.mol<\/td>\n<\/tr>\n<tr class=\"ProdSupplierGN_ProductA_2\">\n<td colspan=\"2\" align=\"center\" bgcolor=\"#FFFFFF\"><img decoding=\"async\" src=\"https:\/\/www.chemicalbook.com\/CAS\/GIF\/55672-92-9.gif\" alt=\"COENZYME A SODIUM SALT Structure\" title=\"\"><\/td>\n<\/tr>\n<\/tbody>\n<\/table>\n<\/div>\n<div id=\"ContentPlaceHolder1_ProductChemPropertyA\">\n<table border=\"0\" width=\"100%\" cellspacing=\"0\" cellpadding=\"0\" align=\"center\">\n<tbody>\n<tr>\n<td bgcolor=\"64B7D7\" height=\"1\"><\/td>\n<\/tr>\n<tr>\n<td class=\"td6\" bgcolor=\"DEEEF4\" width=\"611\" height=\"23\">COENZYME A SODIUM SALT Chemical Properties<\/td>\n<\/tr>\n<\/tbody>\n<\/table>\n<table border=\"0\" width=\"100%\" cellspacing=\"1\" cellpadding=\"2\" bgcolor=\"d5d5d5\">\n<tbody>\n<tr class=\"ProdSupplierGN_ProductA_1\">\n<td class=\"td12\">storage temp.<\/td>\n<td bgcolor=\"#fafafa\"><span style=\"color: #0066cc;\">\u221220\u00b0C<\/span><\/td>\n<\/tr>\n<tr class=\"ProdSupplierGN_ProductA_2\">\n<td bgcolor=\"#FFFFFF\">solubility<\/td>\n<td bgcolor=\"#FFFFFF\"><span style=\"color: #0066cc;\">H2O: soluble50mg\/mL, clear, colorless to faintly yellow<\/span><\/td>\n<\/tr>\n<\/tbody>\n<\/table>\n<\/div>\n<div id=\"ContentPlaceHolder1_ProductChemSafePropertyA\">\n<table border=\"0\" width=\"100%\" cellspacing=\"0\" cellpadding=\"0\" align=\"center\">\n<tbody>\n<tr>\n<td bgcolor=\"64B7D7\" height=\"1\"><\/td>\n<\/tr>\n<tr>\n<td class=\"td6\" bgcolor=\"DEEEF4\" width=\"611\" height=\"23\">Informa\u00e7\u00f5es de seguran\u00e7a<\/td>\n<\/tr>\n<\/tbody>\n<\/table>\n<table border=\"0\" width=\"100%\" cellspacing=\"1\" cellpadding=\"2\" bgcolor=\"d5d5d5\">\n<tbody>\n<tr class=\"ProdSupplierGN_ProductA_1\">\n<td class=\"td12\">Safety Statements<\/td>\n<td bgcolor=\"#fafafa\"><span style=\"color: #0066cc;\">22-24\/25<\/span><\/td>\n<\/tr>\n<tr class=\"ProdSupplierGN_ProductA_2\">\n<td bgcolor=\"#FFFFFF\">WGK Germany<\/td>\n<td bgcolor=\"#FFFFFF\"><span style=\"color: #0066cc;\">3<\/span><\/td>\n<\/tr>\n<tr class=\"ProdSupplierGN_ProductA_1\">\n<td class=\"td12\">F<\/td>\n<td bgcolor=\"#fafafa\"><span style=\"color: #0066cc;\">3-10-23<\/span><\/td>\n<\/tr>\n<\/tbody>\n<\/table>\n<\/div>\n<div id=\"ContentPlaceHolder1_ProductMSDS\">\n<table border=\"0\" width=\"100%\" cellspacing=\"0\" cellpadding=\"0\" align=\"center\">\n<tbody>\n<tr>\n<td bgcolor=\"64B7D7\" height=\"1\"><\/td>\n<\/tr>\n<tr>\n<td class=\"td6\" bgcolor=\"DEEEF4\" width=\"611\" height=\"23\"><span id=\"ContentPlaceHolder1_MSDStitle\">Informa\u00e7\u00e3o MSDS<\/span><\/td>\n<\/tr>\n<\/tbody>\n<\/table>\n<div>\n<table id=\"ContentPlaceHolder1_GridView1\" cellspacing=\"0\" cellpadding=\"4\">\n<tbody>\n<tr>\n<th scope=\"col\">Provider<\/th>\n<th scope=\"col\">Language<\/th>\n<\/tr>\n<tr align=\"center\">\n<td>SigmaAldrich<\/td>\n<td>English<\/td>\n<\/tr>\n<\/tbody>\n<\/table>\n<\/div>\n<\/div>\n<div id=\"ContentPlaceHolder1_ProductApplication\">\n<table border=\"0\" width=\"100%\" cellspacing=\"0\" cellpadding=\"0\" align=\"center\">\n<tbody>\n<tr>\n<td bgcolor=\"64B7D7\" height=\"1\"><\/td>\n<\/tr>\n<tr>\n<td class=\"td6\" bgcolor=\"DEEEF4\" width=\"611\" height=\"23\">COENZYME A SODIUM SALT Usage And Synthesis<\/td>\n<\/tr>\n<\/tbody>\n<\/table>\n<table border=\"0\" width=\"100%\" cellspacing=\"1\" cellpadding=\"2\" bgcolor=\"d5d5d5\">\n<tbody>\n<tr class=\"ProdSupplierGN_ProductA_1\">\n<td class=\"td12\" valign=\"top\">Utiliza\u00e7\u00f5es<\/td>\n<td bgcolor=\"#fafafa\"><span style=\"color: #0066cc;\">Coenzyme A is suitable for use in:<br \/>\n<\/span><\/p>\n<ul>\n<li>gylcerolipid biosynthesis in porcine adipose tissue<\/li>\n<li>an assay to measure the level of Alpha-methylacyl-CoA racemase (AMACR) in human blood samples using a nanoparticle electrochemical biosensor<\/li>\n<li>chloramphenicol acetyltransferase (CAT) assay<\/li>\n<li>the synthesis of palmitoyl-CoA, which is required for palmitoylation and activation of proteins for regulated membrane fusion<\/li>\n<\/ul>\n<\/td>\n<\/tr>\n<tr class=\"ProdSupplierGN_ProductA_2\">\n<td valign=\"top\" bgcolor=\"\">General Description<\/td>\n<td bgcolor=\"#FFFFFF\"><span style=\"color: #0066cc;\">Coenzyme A (CoA) is an essential cofactor in living systems and is synthesized from pantothenic acid (vitamin B5), The CoA levels in mitochondria and peroxisomes correspond to 2-5 mM and 0.7 mM, respectively. Cytosolic CoA is in the range of 0.05 mM to 0.14 mM<\/span><\/td>\n<\/tr>\n<tr class=\"ProdSupplierGN_ProductA_1\">\n<td class=\"td12\" valign=\"top\">Biochem\/physiol Actions<\/td>\n<td bgcolor=\"#fafafa\"><span style=\"color: #0066cc;\">Coenzyme A (CoA, CoASH, HSCoA) is a coenzyme that facilitates enzymatic acyl-group transfer reactions and supports the synthesis and oxidation of fatty acids. CoA is involved in the mechanisms of a wide variety of enzymes. In the presence of CoASH, organic carboxylic acids form acyl-CoA thioesters, which facilitates enzyme recognition. The acyl-CoA formed from xenobiotic carboxylic acids can add to the compound\u2032s toxicity, which can lead to cellular metabolic dysfunction. It is involved in the oxidation of pyruvate in the Kreb\u2032s cycle. CoA is needed for metabolic events. The bacterial CoA pathway is targeted for antimicrobial development. It mediates acyl group transfer and carbonyl activation. The CoA and its thioester levels are crucial for cellular homeostasis. CoA is also involved in regulating platelet aggregation and vasoconstriction. It acts as an essential cofactor in enzymatic acetyl transfer reactions.<\/span><\/td>\n<\/tr>\n<\/tbody>\n<\/table>\n<\/div>","protected":false},"excerpt":{"rendered":"<p>O sal de s\u00f3dio hidratado da coenzima A (CAS 55672-92-9) \u00e9 uma importante subst\u00e2ncia biologicamente ativa.<br \/>\nAspeto: Normalmente p\u00f3 branco ou esbranqui\u00e7ado. Solubilidade: Facilmente sol\u00favel em \u00e1gua, formando uma solu\u00e7\u00e3o l\u00edmpida em \u00e1gua.<br \/>\nFun\u00e7\u00e3o: No organismo, o sal s\u00f3dico hidratado da coenzima A \u00e9 uma coenzima importante que participa numa variedade de reac\u00e7\u00f5es bioqu\u00edmicas. Desempenha um papel fundamental no metabolismo dos \u00e1cidos gordos, promovendo a ativa\u00e7\u00e3o e a decomposi\u00e7\u00e3o oxidativa dos \u00e1cidos gordos. Participa no ciclo do \u00e1cido tricarbox\u00edlico e fornece energia \u00e0s c\u00e9lulas. \u00c9 tamb\u00e9m importante para o metabolismo de certos amino\u00e1cidos.<br \/>\nAplica\u00e7\u00e3o: Utilizado habitualmente na investiga\u00e7\u00e3o em bioqu\u00edmica e biologia molecular como cofator para reac\u00e7\u00f5es enzim\u00e1ticas.<br \/>\nNo dom\u00ednio da medicina, pode ser utilizado no tratamento ou no tratamento adjuvante de certas doen\u00e7as.<\/p>","protected":false},"featured_media":4280,"comment_status":"closed","ping_status":"closed","template":"","meta":[],"product_brand":[],"product_cat":[18],"product_tag":[19],"class_list":{"0":"post-4230","1":"product","2":"type-product","3":"status-publish","4":"has-post-thumbnail","6":"product_cat-petroleum-additives","7":"product_tag-petroleum-additives","9":"first","10":"instock","11":"shipping-taxable","12":"product-type-simple"},"_links":{"self":[{"href":"https:\/\/chemneo.com\/pt\/wp-json\/wp\/v2\/product\/4230","targetHints":{"allow":["GET"]}}],"collection":[{"href":"https:\/\/chemneo.com\/pt\/wp-json\/wp\/v2\/product"}],"about":[{"href":"https:\/\/chemneo.com\/pt\/wp-json\/wp\/v2\/types\/product"}],"replies":[{"embeddable":true,"href":"https:\/\/chemneo.com\/pt\/wp-json\/wp\/v2\/comments?post=4230"}],"wp:featuredmedia":[{"embeddable":true,"href":"https:\/\/chemneo.com\/pt\/wp-json\/wp\/v2\/media\/4280"}],"wp:attachment":[{"href":"https:\/\/chemneo.com\/pt\/wp-json\/wp\/v2\/media?parent=4230"}],"wp:term":[{"taxonomy":"product_brand","embeddable":true,"href":"https:\/\/chemneo.com\/pt\/wp-json\/wp\/v2\/product_brand?post=4230"},{"taxonomy":"product_cat","embeddable":true,"href":"https:\/\/chemneo.com\/pt\/wp-json\/wp\/v2\/product_cat?post=4230"},{"taxonomy":"product_tag","embeddable":true,"href":"https:\/\/chemneo.com\/pt\/wp-json\/wp\/v2\/product_tag?post=4230"}],"curies":[{"name":"wp","href":"https:\/\/api.w.org\/{rel}","templated":true}]}}