{"id":4259,"date":"2024-08-28T03:07:38","date_gmt":"2024-08-28T03:07:38","guid":{"rendered":"https:\/\/chemneo.com\/?post_type=product&#038;p=4259"},"modified":"2024-08-28T03:08:38","modified_gmt":"2024-08-28T03:08:38","slug":"ethylene-glycol-cas107-21-1","status":"publish","type":"product","link":"https:\/\/chemneo.com\/pt\/product\/4259.html","title":{"rendered":"Etilenoglicol CAS#107-21-1"},"content":{"rendered":"<p>Ethylene glycol CAS#107-21-1<\/p>\n<div id=\"ContentPlaceHolder1_ProductProperty\">\n<table border=\"0\" width=\"100%\" cellspacing=\"0\" cellpadding=\"0\" align=\"center\">\n<tbody>\n<tr>\n<td class=\"td6\" bgcolor=\"DEEEF4\" width=\"611\" height=\"23\">Ethylene glycol Basic information<\/td>\n<\/tr>\n<tr>\n<td class=\"TDAmarginR10\" align=\"left\" bgcolor=\"#FFFFFF\">Odor\u00a0Dihydric alcohol\u00a0Poisoning and first aid\u00a0Chemical Properties\u00a0Uses\u00a0Production method\u00a0Category\u00a0Toxicity grading\u00a0Acute toxicity\u00a0Irritation data\u00a0Hazardous characteristics of explosive\u00a0Flammability and hazard characteristics\u00a0Storage characteristics\u00a0Extinguishing agents\u00a0Professional standards<\/td>\n<\/tr>\n<\/tbody>\n<\/table>\n<table border=\"0\" width=\"100%\" cellspacing=\"1\" cellpadding=\"2\" bgcolor=\"d5d5d5\">\n<tbody>\n<tr class=\"ProdSupplierGN_ProductA_2\">\n<td class=\"td1\">Product Name:<\/td>\n<td bgcolor=\"#fafafa\">Ethylene glycol<\/td>\n<\/tr>\n<tr class=\"ProdSupplierGN_ProductA_2\">\n<td bgcolor=\"#FFFFFF\">Synonyms:<\/td>\n<td bgcolor=\"#FFFFFF\"><span>Ethylene glycol, extra pure, packed in UHDPE bottles<\/span>;<span>Ethylene glycol 5g [107-21-1]<\/span>;<span>Ethylene Glycol (0.5 mL)<\/span>;<span>Ethylene glycol, extra pure, 99+% 1LT<\/span>;<span>Ethylene glycol, extra pure, 99+% 2.5LT<\/span>;<span>Ethylene glycol, for analysis, 99.5% 1LT<\/span>;<span>Ethylene glycol, for analysis, 99.5% 2.5LT<\/span>;<span>Ethylene glycol, 99%, SpcDry, with Molecular sieves, Water\u226450 ppM (by K.F.), SpcSeal<\/span><\/td>\n<\/tr>\n<tr class=\"ProdSupplierGN_ProductA_1\">\n<td class=\"td1\">CAS:<\/td>\n<td bgcolor=\"#fafafa\"><b>107-21-1<\/b><\/td>\n<\/tr>\n<tr class=\"ProdSupplierGN_ProductA_2\">\n<td bgcolor=\"#FFFFFF\">MF:<\/td>\n<td bgcolor=\"#FFFFFF\">C2H6O2<\/td>\n<\/tr>\n<tr class=\"ProdSupplierGN_ProductA_1\">\n<td class=\"td1\">MW:<\/td>\n<td bgcolor=\"#fafafa\">62.07<\/td>\n<\/tr>\n<tr class=\"ProdSupplierGN_ProductA_2\">\n<td bgcolor=\"#FFFFFF\">EINECS:<\/td>\n<td bgcolor=\"#FFFFFF\">203-473-3<\/td>\n<\/tr>\n<tr class=\"ProdSupplierGN_ProductA_1\">\n<td class=\"td1\">Product Categories:<\/td>\n<td bgcolor=\"#fafafa\">ACS and Reagent Grade Solvents;Amber Glass Bottles;Carbon Steel Flex-Spout Cans;ReagentPlus;ReagentPlus Solvent Grade Products;Semi-Bulk Solvents;NMR;Spectrophotometric Grade;Spectrophotometric Solvents;Spectroscopy Solvents (IR;UV\/Vis);Analytical Reagents;Analytical\/Chromatography;Microscopy Reagents;Puriss p.a.;Various Chemicals;Polyhydroxy compounds;Alcohols;Analytical Standards;Chemical Class;Solvent by Application;Solvent Packaging Options;Solvents;Sure\/Seal Bottles;Synthetic Reagents;Essential Chemicals;Inorganic Salts;Plastic Bottles;Research Essentials;Solutions and Reagents;Technical Grade;Anhydrous Solvents;Chemical Synthesis;Others;Protecting and Derivatizing Reagents;Protection and Derivatization;Solvent Bottles;Carbazoles;Hematology and Histology;Routine Histology Stains;Chemistry;alpha,omega-Alkanediols;alpha,omega-Bifunctional Alkanes;Ethylene Glycols;Ethylene Glycols &amp; Monofunctional Ethylene Glycols;Monofunctional &amp; alpha,omega-Bifunctional Alkanes;107-21-1<\/td>\n<\/tr>\n<tr class=\"ProdSupplierGN_ProductA_1\">\n<td class=\"td1\">Mol File:<\/td>\n<td bgcolor=\"#fafafa\">107-21-1.mol<\/td>\n<\/tr>\n<tr class=\"ProdSupplierGN_ProductA_2\">\n<td colspan=\"2\" align=\"center\" bgcolor=\"#FFFFFF\"><img decoding=\"async\" src=\"https:\/\/www.chemicalbook.com\/CAS\/GIF\/107-21-1.gif\" alt=\"Ethylene glycol Structure\" title=\"\"><\/td>\n<\/tr>\n<\/tbody>\n<\/table>\n<\/div>\n<div id=\"ContentPlaceHolder1_ProductChemPropertyA\">\n<table border=\"0\" width=\"100%\" cellspacing=\"0\" cellpadding=\"0\" align=\"center\">\n<tbody>\n<tr>\n<td bgcolor=\"64B7D7\" height=\"1\"><\/td>\n<\/tr>\n<tr>\n<td class=\"td6\" bgcolor=\"DEEEF4\" width=\"611\" height=\"23\">Ethylene glycol Chemical Properties<\/td>\n<\/tr>\n<\/tbody>\n<\/table>\n<table border=\"0\" width=\"100%\" cellspacing=\"1\" cellpadding=\"2\" bgcolor=\"d5d5d5\">\n<tbody>\n<tr class=\"ProdSupplierGN_ProductA_1\">\n<td class=\"td12\">Melting point<\/td>\n<td bgcolor=\"#fafafa\"><span style=\"color: #0066cc;\">-13 \u00b0C (lit.)<\/span><\/td>\n<\/tr>\n<tr class=\"ProdSupplierGN_ProductA_2\">\n<td bgcolor=\"#FFFFFF\">Boiling point<\/td>\n<td bgcolor=\"#FFFFFF\"><span style=\"color: #0066cc;\">195-198 \u00b0C<\/span><\/td>\n<\/tr>\n<tr class=\"ProdSupplierGN_ProductA_1\">\n<td class=\"td12\">density<\/td>\n<td bgcolor=\"#fafafa\"><span style=\"color: #0066cc;\">1.113 g\/mL at 25 \u00b0C (lit.)<\/span><\/td>\n<\/tr>\n<tr class=\"ProdSupplierGN_ProductA_2\">\n<td bgcolor=\"#FFFFFF\">vapor density<\/td>\n<td bgcolor=\"#FFFFFF\"><span style=\"color: #0066cc;\">2.1 (vs air)<\/span><\/td>\n<\/tr>\n<tr class=\"ProdSupplierGN_ProductA_1\">\n<td class=\"td12\">vapor pressure<\/td>\n<td bgcolor=\"#fafafa\"><span style=\"color: #0066cc;\">0.08 mm Hg ( 20 \u00b0C)<\/span><\/td>\n<\/tr>\n<tr class=\"ProdSupplierGN_ProductA_2\">\n<td bgcolor=\"#FFFFFF\">refractive index<\/td>\n<td bgcolor=\"#FFFFFF\"><span style=\"color: #0066cc;\"><i>n<\/i>20\/D\u00a01.431(lit.)<\/span><\/td>\n<\/tr>\n<tr class=\"ProdSupplierGN_ProductA_1\">\n<td class=\"td12\">Fp<\/td>\n<td bgcolor=\"#fafafa\"><span style=\"color: #0066cc;\">230\u00a0\u00b0F<\/span><\/td>\n<\/tr>\n<tr class=\"ProdSupplierGN_ProductA_2\">\n<td bgcolor=\"#FFFFFF\">storage temp.<\/td>\n<td bgcolor=\"#FFFFFF\"><span style=\"color: #0066cc;\">2-8\u00b0C<\/span><\/td>\n<\/tr>\n<tr class=\"ProdSupplierGN_ProductA_1\">\n<td class=\"td12\">solubility<\/td>\n<td bgcolor=\"#fafafa\"><span style=\"color: #0066cc;\">water: miscible<\/span><\/td>\n<\/tr>\n<tr class=\"ProdSupplierGN_ProductA_2\">\n<td bgcolor=\"#FFFFFF\">form<\/td>\n<td bgcolor=\"#FFFFFF\"><span style=\"color: #0066cc;\">Viscous Liquid<\/span><\/td>\n<\/tr>\n<tr class=\"ProdSupplierGN_ProductA_1\">\n<td class=\"td12\">pka<\/td>\n<td bgcolor=\"#fafafa\"><span style=\"color: #0066cc;\">14.22(at 25\u2103)<\/span><\/td>\n<\/tr>\n<tr class=\"ProdSupplierGN_ProductA_2\">\n<td bgcolor=\"#FFFFFF\">color<\/td>\n<td bgcolor=\"#FFFFFF\"><span style=\"color: #0066cc;\">blue<\/span><\/td>\n<\/tr>\n<tr class=\"ProdSupplierGN_ProductA_1\">\n<td class=\"td12\">Odor<\/td>\n<td bgcolor=\"#fafafa\"><span style=\"color: #0066cc;\">Odorless<\/span><\/td>\n<\/tr>\n<tr class=\"ProdSupplierGN_ProductA_2\">\n<td bgcolor=\"#FFFFFF\">Relative polarity<\/td>\n<td bgcolor=\"#FFFFFF\"><span style=\"color: #0066cc;\">0.79<\/span><\/td>\n<\/tr>\n<tr class=\"ProdSupplierGN_ProductA_1\">\n<td class=\"td12\">PH<\/td>\n<td bgcolor=\"#fafafa\"><span style=\"color: #0066cc;\">6-7.5 (100g\/l, H2O, 20\u2103)<\/span><\/td>\n<\/tr>\n<tr class=\"ProdSupplierGN_ProductA_2\">\n<td bgcolor=\"#FFFFFF\">explosive limit<\/td>\n<td bgcolor=\"#FFFFFF\"><span style=\"color: #0066cc;\">3.2%(V)<\/span><\/td>\n<\/tr>\n<tr class=\"ProdSupplierGN_ProductA_1\">\n<td class=\"td12\">Water Solubility<\/td>\n<td bgcolor=\"#fafafa\"><span style=\"color: #0066cc;\">miscible<\/span><\/td>\n<\/tr>\n<tr class=\"ProdSupplierGN_ProductA_2\">\n<td bgcolor=\"#FFFFFF\">FreezingPoint<\/td>\n<td bgcolor=\"#FFFFFF\"><span style=\"color: #0066cc;\">-11.5\u2103<\/span><\/td>\n<\/tr>\n<tr class=\"ProdSupplierGN_ProductA_1\">\n<td class=\"td12\">Sensitive<\/td>\n<td bgcolor=\"#fafafa\"><span style=\"color: #0066cc;\">Hygroscopic<\/span><\/td>\n<\/tr>\n<tr class=\"ProdSupplierGN_ProductA_2\">\n<td bgcolor=\"#FFFFFF\">\u03bbmax<\/td>\n<td bgcolor=\"#FFFFFF\"><span style=\"color: #0066cc;\">\u03bb: 260 nm Amax: \u22640.03<br \/>\n\u03bb: 280 nm Amax: \u22640.01<\/span><\/td>\n<\/tr>\n<tr class=\"ProdSupplierGN_ProductA_1\">\n<td class=\"td12\">Merck<\/td>\n<td bgcolor=\"#fafafa\"><span style=\"color: #0066cc;\">14,3798<\/span><\/td>\n<\/tr>\n<tr class=\"ProdSupplierGN_ProductA_2\">\n<td bgcolor=\"#FFFFFF\">BRN<\/td>\n<td bgcolor=\"#FFFFFF\"><span style=\"color: #0066cc;\">505945<\/span><\/td>\n<\/tr>\n<tr class=\"ProdSupplierGN_ProductA_1\">\n<td class=\"td12\">Exposure limits<\/td>\n<td bgcolor=\"#fafafa\"><span style=\"color: #0066cc;\">Ceiling limit in air for vapor and mist 50 ppm (~125 mg\/m<sup>3<\/sup>) (ACGIH); TWA 10 mg\/m<sup>3<\/sup>\u00a0(particulates) (MSHA).<\/span><\/td>\n<\/tr>\n<tr class=\"ProdSupplierGN_ProductA_2\">\n<td bgcolor=\"#FFFFFF\">Dielectric constant<\/td>\n<td bgcolor=\"#FFFFFF\"><span style=\"color: #0066cc;\">37.0\uff0820\u2103\uff09<\/span><\/td>\n<\/tr>\n<tr class=\"ProdSupplierGN_ProductA_1\">\n<td class=\"td12\">LogP<\/td>\n<td bgcolor=\"#fafafa\"><span style=\"color: #0066cc;\">-1.36 at 25\u2103<\/span><\/td>\n<\/tr>\n<tr class=\"ProdSupplierGN_ProductA_2\">\n<td bgcolor=\"#FFFFFF\">CAS DataBase Reference<\/td>\n<td bgcolor=\"#FFFFFF\"><span style=\"color: #0066cc;\">107-21-1(CAS DataBase Reference)<\/span><\/td>\n<\/tr>\n<tr class=\"ProdSupplierGN_ProductA_1\">\n<td class=\"td12\">NIST Chemistry Reference<\/td>\n<td bgcolor=\"#fafafa\"><span style=\"color: #0066cc;\">1,2-Ethanediol(107-21-1)<\/span><\/td>\n<\/tr>\n<tr class=\"ProdSupplierGN_ProductA_2\">\n<td bgcolor=\"#FFFFFF\">EPA Substance Registry System<\/td>\n<td bgcolor=\"#FFFFFF\"><span style=\"color: #0066cc;\">Ethylene glycol (107-21-1)<\/span><\/td>\n<\/tr>\n<\/tbody>\n<\/table>\n<\/div>\n","protected":false},"excerpt":{"rendered":"<p>O etilenoglicol \u00e9 o \u00e1lcool di-h\u00eddrico alif\u00e1tico mais simples, com propriedades qu\u00edmicas dos \u00e1lcoois, como a capacidade de gerar \u00e9ter, \u00e9ster ou ser oxidado em \u00e1cido ou alde\u00eddo, bem como ser condensado para formar \u00e9ter ou ser substitu\u00eddo por halog\u00e9neo. A sua rea\u00e7\u00e3o com cloreto de acilo ou anidrido \u00e1cido forma geralmente di\u00e9steres. Sob aquecimento na presen\u00e7a de catalisador (di\u00f3xido de mangan\u00eas, \u00f3xido de alum\u00ednio, \u00f3xido de zinco ou \u00e1cido sulf\u00farico), pode sofrer desidrata\u00e7\u00e3o intermolecular ou intramolecular para formar os acetais c\u00edclicos de etileno, que podem reagir com \u00e1cido n\u00edtrico para gerar dinitrato de glicol (um explosivo). O etileno glicol \u00e9 a mat\u00e9ria-prima para a produ\u00e7\u00e3o de resinas de poli\u00e9ster, resinas alqu\u00eddicas e fibras de poli\u00e9ster. Pode tamb\u00e9m ser utilizado como agente refrigerante para motores de autom\u00f3veis e avi\u00f5es. Em 1980, a quantidade de glicol utilizada como agente refrigerante \u00e9 igual \u00e0 quantidade consumida para a produ\u00e7\u00e3o de poli\u00e9ster. Al\u00e9m disso, tamb\u00e9m pode ser utilizado para sintetizar pol\u00edmeros como as fibras de poli\u00e9ster. O dinitrato de etilenoglicol, quando utilizado em combina\u00e7\u00e3o com nitroglicerina, pode reduzir o ponto de congela\u00e7\u00e3o dos explosivos. O etilenoglicol tamb\u00e9m pode ser utilizado como mat\u00e9ria-prima de produtos farmac\u00eauticos, pl\u00e1sticos e solventes de alto ponto de ebuli\u00e7\u00e3o. A ind\u00fastria utiliza o etileno como mat\u00e9ria-prima, convertendo-o primeiro em \u00f3xido de etileno e hidrolisando-o depois para produzir etilenoglicol.<\/p>","protected":false},"featured_media":4310,"comment_status":"closed","ping_status":"closed","template":"","meta":[],"product_brand":[],"product_cat":[22],"product_tag":[24],"class_list":{"0":"post-4259","1":"product","2":"type-product","3":"status-publish","4":"has-post-thumbnail","6":"product_cat-daily-chemicals","7":"product_tag-daily-chemicals","9":"first","10":"instock","11":"shipping-taxable","12":"product-type-simple"},"_links":{"self":[{"href":"https:\/\/chemneo.com\/pt\/wp-json\/wp\/v2\/product\/4259","targetHints":{"allow":["GET"]}}],"collection":[{"href":"https:\/\/chemneo.com\/pt\/wp-json\/wp\/v2\/product"}],"about":[{"href":"https:\/\/chemneo.com\/pt\/wp-json\/wp\/v2\/types\/product"}],"replies":[{"embeddable":true,"href":"https:\/\/chemneo.com\/pt\/wp-json\/wp\/v2\/comments?post=4259"}],"wp:featuredmedia":[{"embeddable":true,"href":"https:\/\/chemneo.com\/pt\/wp-json\/wp\/v2\/media\/4310"}],"wp:attachment":[{"href":"https:\/\/chemneo.com\/pt\/wp-json\/wp\/v2\/media?parent=4259"}],"wp:term":[{"taxonomy":"product_brand","embeddable":true,"href":"https:\/\/chemneo.com\/pt\/wp-json\/wp\/v2\/product_brand?post=4259"},{"taxonomy":"product_cat","embeddable":true,"href":"https:\/\/chemneo.com\/pt\/wp-json\/wp\/v2\/product_cat?post=4259"},{"taxonomy":"product_tag","embeddable":true,"href":"https:\/\/chemneo.com\/pt\/wp-json\/wp\/v2\/product_tag?post=4259"}],"curies":[{"name":"wp","href":"https:\/\/api.w.org\/{rel}","templated":true}]}}