{"id":4262,"date":"2024-08-28T03:07:40","date_gmt":"2024-08-28T03:07:40","guid":{"rendered":"https:\/\/chemneo.com\/?post_type=product&#038;p=4262"},"modified":"2024-08-28T03:08:43","modified_gmt":"2024-08-28T03:08:43","slug":"propylene-glycol-cas-57-55-6","status":"publish","type":"product","link":"https:\/\/chemneo.com\/pt\/product\/4262.html","title":{"rendered":"Propylene glycol CAS# 57-55-6"},"content":{"rendered":"<p>Propylene glycol CAS# 57-55-6<\/p>\n<div id=\"ContentPlaceHolder1_ProductProperty\">\n<table border=\"0\" width=\"100%\" cellspacing=\"0\" cellpadding=\"0\" align=\"center\">\n<tbody>\n<tr>\n<td class=\"td6\" bgcolor=\"DEEEF4\" width=\"611\" height=\"23\">Propylene glycol Basic information<\/td>\n<\/tr>\n<tr>\n<td class=\"TDAmarginR10\" align=\"left\" bgcolor=\"#FFFFFF\">Physical and Chemical Properties\u00a0Medicinal property and application\u00a0Content analysis\u00a0Toxicity\u00a0Use limitation\u00a0Uses\u00a0Synthesis method\u00a0Acute toxicity\u00a0Irritation data\u00a0Extinguishing agent<\/td>\n<\/tr>\n<\/tbody>\n<\/table>\n<table border=\"0\" width=\"100%\" cellspacing=\"1\" cellpadding=\"2\" bgcolor=\"d5d5d5\">\n<tbody>\n<tr class=\"ProdSupplierGN_ProductA_2\">\n<td class=\"td1\">Product Name:<\/td>\n<td bgcolor=\"#fafafa\">Propilenoglicol<\/td>\n<\/tr>\n<tr class=\"ProdSupplierGN_ProductA_2\">\n<td bgcolor=\"#FFFFFF\">Synonyms:<\/td>\n<td bgcolor=\"#FFFFFF\"><span>Sentry Propylene Glycol<\/span>;<span>Sirlene<\/span>;<span>Solar winter ban<\/span>;<span>Solargard P<\/span>;<span>solargardp<\/span>;<span>1,2-Propanediol,98+%<\/span>;<span>1,2-Propanediol,ACS,99.5%<\/span>;<span>1,2-Propanediol, 99+%<\/span><\/td>\n<\/tr>\n<tr class=\"ProdSupplierGN_ProductA_1\">\n<td class=\"td1\">CAS:<\/td>\n<td bgcolor=\"#fafafa\"><b>57-55-6<\/b><\/td>\n<\/tr>\n<tr class=\"ProdSupplierGN_ProductA_2\">\n<td bgcolor=\"#FFFFFF\">MF:<\/td>\n<td bgcolor=\"#FFFFFF\">C3H8O2<\/td>\n<\/tr>\n<tr class=\"ProdSupplierGN_ProductA_1\">\n<td class=\"td1\">MW:<\/td>\n<td bgcolor=\"#fafafa\">76.09<\/td>\n<\/tr>\n<tr class=\"ProdSupplierGN_ProductA_2\">\n<td bgcolor=\"#FFFFFF\">EINECS:<\/td>\n<td bgcolor=\"#FFFFFF\">200-338-0<\/td>\n<\/tr>\n<tr class=\"ProdSupplierGN_ProductA_1\">\n<td class=\"td1\">Product Categories:<\/td>\n<td bgcolor=\"#fafafa\">Medicine grade;INORGANIC &amp; ORGANIC CHEMICALS;57-55-6<\/td>\n<\/tr>\n<tr class=\"ProdSupplierGN_ProductA_1\">\n<td class=\"td1\">Mol File:<\/td>\n<td bgcolor=\"#fafafa\">57-55-6.mol<\/td>\n<\/tr>\n<tr class=\"ProdSupplierGN_ProductA_2\">\n<td colspan=\"2\" align=\"center\" bgcolor=\"#FFFFFF\"><img decoding=\"async\" src=\"https:\/\/www.chemicalbook.com\/CAS\/GIF\/57-55-6.gif\" alt=\"Propylene glycol Structure\" title=\"\"><\/td>\n<\/tr>\n<\/tbody>\n<\/table>\n<\/div>\n<div id=\"ContentPlaceHolder1_ProductChemPropertyA\">\n<table border=\"0\" width=\"100%\" cellspacing=\"0\" cellpadding=\"0\" align=\"center\">\n<tbody>\n<tr>\n<td bgcolor=\"64B7D7\" height=\"1\"><\/td>\n<\/tr>\n<tr>\n<td class=\"td6\" bgcolor=\"DEEEF4\" width=\"611\" height=\"23\">Propylene glycol Chemical Properties<\/td>\n<\/tr>\n<\/tbody>\n<\/table>\n<table border=\"0\" width=\"100%\" cellspacing=\"1\" cellpadding=\"2\" bgcolor=\"d5d5d5\">\n<tbody>\n<tr class=\"ProdSupplierGN_ProductA_1\">\n<td class=\"td12\">Melting point<\/td>\n<td bgcolor=\"#fafafa\"><span style=\"color: #0066cc;\">-60 \u00b0C (lit.)<\/span><\/td>\n<\/tr>\n<tr class=\"ProdSupplierGN_ProductA_2\">\n<td bgcolor=\"#FFFFFF\">Ponto de ebuli\u00e7\u00e3o<\/td>\n<td bgcolor=\"#FFFFFF\"><span style=\"color: #0066cc;\">187 \u00b0C (lit.)<\/span><\/td>\n<\/tr>\n<tr class=\"ProdSupplierGN_ProductA_1\">\n<td class=\"td12\">densidade<\/td>\n<td bgcolor=\"#fafafa\"><span style=\"color: #0066cc;\">1.036 g\/mL at 25 \u00b0C (lit.)<\/span><\/td>\n<\/tr>\n<tr class=\"ProdSupplierGN_ProductA_2\">\n<td bgcolor=\"#FFFFFF\">vapor density<\/td>\n<td bgcolor=\"#FFFFFF\"><span style=\"color: #0066cc;\">2.62 (vs air)<\/span><\/td>\n<\/tr>\n<tr class=\"ProdSupplierGN_ProductA_1\">\n<td class=\"td12\">vapor pressure<\/td>\n<td bgcolor=\"#fafafa\"><span style=\"color: #0066cc;\">0.08 mm Hg ( 20 \u00b0C)<\/span><\/td>\n<\/tr>\n<tr class=\"ProdSupplierGN_ProductA_2\">\n<td bgcolor=\"#FFFFFF\">\u00edndice de refra\u00e7\u00e3o<\/td>\n<td bgcolor=\"#FFFFFF\"><span style=\"color: #0066cc;\"><i>n<\/i>20\/D\u00a01.432(lit.)<\/span><\/td>\n<\/tr>\n<tr class=\"ProdSupplierGN_ProductA_1\">\n<td class=\"td12\">FEMA<\/td>\n<td bgcolor=\"#fafafa\"><span style=\"color: #0066cc;\">2940 | PROPYLENE GLYCOL<\/span><\/td>\n<\/tr>\n<tr class=\"ProdSupplierGN_ProductA_2\">\n<td bgcolor=\"#FFFFFF\">Fp<\/td>\n<td bgcolor=\"#FFFFFF\"><span style=\"color: #0066cc;\">225\u00a0\u00b0F<\/span><\/td>\n<\/tr>\n<tr class=\"ProdSupplierGN_ProductA_1\">\n<td class=\"td12\">storage temp.<\/td>\n<td bgcolor=\"#fafafa\"><span style=\"color: #0066cc;\">Store at +5\u00b0C to +30\u00b0C.<\/span><\/td>\n<\/tr>\n<tr class=\"ProdSupplierGN_ProductA_2\">\n<td bgcolor=\"#FFFFFF\">solubility<\/td>\n<td bgcolor=\"#FFFFFF\"><span style=\"color: #0066cc;\">Chloroform (Slightly), Ethyl Acetate (Slightly), Methanol (Slightly)<\/span><\/td>\n<\/tr>\n<tr class=\"ProdSupplierGN_ProductA_1\">\n<td class=\"td12\">pka<\/td>\n<td bgcolor=\"#fafafa\"><span style=\"color: #0066cc;\">14.49\u00b10.20(Predicted)<\/span><\/td>\n<\/tr>\n<tr class=\"ProdSupplierGN_ProductA_2\">\n<td bgcolor=\"#FFFFFF\">forma<\/td>\n<td bgcolor=\"#FFFFFF\"><span style=\"color: #0066cc;\">Viscous Liquid<\/span><\/td>\n<\/tr>\n<tr class=\"ProdSupplierGN_ProductA_1\">\n<td class=\"td12\">Gravidade espec\u00edfica<\/td>\n<td bgcolor=\"#fafafa\"><span style=\"color: #0066cc;\">1.038 (20\/20\u2103)1.036\uff5e1.040<\/span><\/td>\n<\/tr>\n<tr class=\"ProdSupplierGN_ProductA_2\">\n<td bgcolor=\"#FFFFFF\">color<\/td>\n<td bgcolor=\"#FFFFFF\"><span style=\"color: #0066cc;\">APHA: \u226410<\/span><\/td>\n<\/tr>\n<tr class=\"ProdSupplierGN_ProductA_1\">\n<td class=\"td12\">PH<\/td>\n<td bgcolor=\"#fafafa\"><span style=\"color: #0066cc;\">6-8 (100g\/l, H2O, 20\u2103)<\/span><\/td>\n<\/tr>\n<tr class=\"ProdSupplierGN_ProductA_2\">\n<td bgcolor=\"#FFFFFF\">Odor<\/td>\n<td bgcolor=\"#FFFFFF\"><span style=\"color: #0066cc;\">at 100.00 %. odorless very slight alcoholic<\/span><\/td>\n<\/tr>\n<tr class=\"ProdSupplierGN_ProductA_1\">\n<td class=\"td12\">Odor Type<\/td>\n<td bgcolor=\"#fafafa\"><span style=\"color: #0066cc;\">odorless<\/span><\/td>\n<\/tr>\n<tr class=\"ProdSupplierGN_ProductA_2\">\n<td bgcolor=\"#FFFFFF\">explosive limit<\/td>\n<td bgcolor=\"#FFFFFF\"><span style=\"color: #0066cc;\">2.4-17.4%(V)<\/span><\/td>\n<\/tr>\n<tr class=\"ProdSupplierGN_ProductA_1\">\n<td class=\"td12\">Water Solubility<\/td>\n<td bgcolor=\"#fafafa\"><span style=\"color: #0066cc;\">miscible<\/span><\/td>\n<\/tr>\n<tr class=\"ProdSupplierGN_ProductA_2\">\n<td bgcolor=\"#FFFFFF\">Sensitive<\/td>\n<td bgcolor=\"#FFFFFF\"><span style=\"color: #0066cc;\">Hygroscopic<\/span><\/td>\n<\/tr>\n<tr class=\"ProdSupplierGN_ProductA_1\">\n<td class=\"td12\">JECFA Number<\/td>\n<td bgcolor=\"#fafafa\"><span style=\"color: #0066cc;\">925<\/span><\/td>\n<\/tr>\n<tr class=\"ProdSupplierGN_ProductA_2\">\n<td bgcolor=\"#FFFFFF\">Merck<\/td>\n<td bgcolor=\"#FFFFFF\"><span style=\"color: #0066cc;\">14,7855<\/span><\/td>\n<\/tr>\n<tr class=\"ProdSupplierGN_ProductA_1\">\n<td class=\"td12\">BRN<\/td>\n<td bgcolor=\"#fafafa\"><span style=\"color: #0066cc;\">1340498<\/span><\/td>\n<\/tr>\n<tr class=\"ProdSupplierGN_ProductA_2\">\n<td bgcolor=\"#FFFFFF\">Constante diel\u00e9ctrica<\/td>\n<td bgcolor=\"#FFFFFF\"><span style=\"color: #0066cc;\">32.0<\/span><\/td>\n<\/tr>\n<tr class=\"ProdSupplierGN_ProductA_1\">\n<td class=\"td12\">InChIKey<\/td>\n<td bgcolor=\"#fafafa\"><span style=\"color: #0066cc;\">DNIAPMSPPWPWGF-UHFFFAOYSA-N<\/span><\/td>\n<\/tr>\n<tr class=\"ProdSupplierGN_ProductA_2\">\n<td bgcolor=\"#FFFFFF\">LogP<\/td>\n<td bgcolor=\"#FFFFFF\"><span style=\"color: #0066cc;\">-0.92<\/span><\/td>\n<\/tr>\n<tr class=\"ProdSupplierGN_ProductA_1\">\n<td class=\"td12\">CAS DataBase Reference<\/td>\n<td bgcolor=\"#fafafa\"><span style=\"color: #0066cc;\">57-55-6(CAS DataBase Reference)<\/span><\/td>\n<\/tr>\n<tr class=\"ProdSupplierGN_ProductA_2\">\n<td bgcolor=\"#FFFFFF\">NIST Chemistry Reference<\/td>\n<td bgcolor=\"#FFFFFF\"><span style=\"color: #0066cc;\">Propylene glycol(57-55-6)<\/span><\/td>\n<\/tr>\n<tr class=\"ProdSupplierGN_ProductA_1\">\n<td class=\"td12\">Sistema de Registo de Subst\u00e2ncias da EPA<\/td>\n<td bgcolor=\"#fafafa\"><span style=\"color: #0066cc;\">Propylene glycol (57-55-6)<\/span><\/td>\n<\/tr>\n<\/tbody>\n<\/table>\n<\/div>\n<div id=\"ContentPlaceHolder1_ProductChemSafePropertyA\">\n<table border=\"0\" width=\"100%\" cellspacing=\"0\" cellpadding=\"0\" align=\"center\">\n<tbody>\n<tr>\n<td bgcolor=\"64B7D7\" height=\"1\"><\/td>\n<\/tr>\n<tr>\n<td class=\"td6\" bgcolor=\"DEEEF4\" width=\"611\" height=\"23\">Informa\u00e7\u00f5es de seguran\u00e7a<\/td>\n<\/tr>\n<\/tbody>\n<\/table>\n<table border=\"0\" width=\"100%\" cellspacing=\"1\" cellpadding=\"2\" bgcolor=\"d5d5d5\">\n<tbody>\n<tr class=\"ProdSupplierGN_ProductA_1\">\n<td class=\"td12\">Safety Statements<\/td>\n<td bgcolor=\"#fafafa\"><span style=\"color: #0066cc;\">24\/25<\/span><\/td>\n<\/tr>\n<tr class=\"ProdSupplierGN_ProductA_2\">\n<td bgcolor=\"#FFFFFF\">WGK Germany<\/td>\n<td bgcolor=\"#FFFFFF\"><span style=\"color: #0066cc;\">1<\/span><\/td>\n<\/tr>\n<tr class=\"ProdSupplierGN_ProductA_1\">\n<td class=\"td12\">RTECS<\/td>\n<td bgcolor=\"#fafafa\"><span style=\"color: #0066cc;\">TY2000000<\/span><\/td>\n<\/tr>\n<tr class=\"ProdSupplierGN_ProductA_2\">\n<td bgcolor=\"#FFFFFF\">Autoignition Temperature<\/td>\n<td bgcolor=\"#FFFFFF\"><span style=\"color: #0066cc;\">779 \u00b0F<\/span><\/td>\n<\/tr>\n<tr class=\"ProdSupplierGN_ProductA_1\">\n<td class=\"td12\">TSCA<\/td>\n<td bgcolor=\"#fafafa\"><span style=\"color: #0066cc;\">Yes<\/span><\/td>\n<\/tr>\n<tr class=\"ProdSupplierGN_ProductA_2\">\n<td bgcolor=\"#FFFFFF\">HS Code<\/td>\n<td bgcolor=\"#FFFFFF\"><span style=\"color: #0066cc;\">29053200<\/span><\/td>\n<\/tr>\n<tr class=\"ProdSupplierGN_ProductA_1\">\n<td class=\"td12\">Hazardous Substances Data<\/td>\n<td bgcolor=\"#fafafa\"><span style=\"color: #0066cc;\">57-55-6(Hazardous Substances Data)<\/span><\/td>\n<\/tr>\n<tr class=\"ProdSupplierGN_ProductA_2\">\n<td bgcolor=\"#FFFFFF\">Toxicidade<\/td>\n<td bgcolor=\"#FFFFFF\"><span style=\"color: #0066cc;\">LD50 orally in Rabbit: 19400 - 36000 mg\/kg LD50 dermal Rabbit 20800 mg\/kg<\/span><\/td>\n<\/tr>\n<\/tbody>\n<\/table>\n<\/div>","protected":false},"excerpt":{"rendered":"<p>Propylene glycol is scientifically named as \u201c1,2-propanediol\u201d, and has a chemical formula of CH3CHOHCH2OH and a molecular weight of 76.10. There is a chiral carbon atom in the molecule. Its racemate is a hygroscopic viscous liquid and is slightly spicy. It has a specific gravity of 1.036 (25\/4 \u00b0C), a freezing point of-59 \u00b0C, and a boiling point of 188.2 \u00b0C, respectively 83.2 \u00b0C (1,333 Pa). It is miscible with water, acetone, ethyl acetate and chloroform, and is soluble in ether. It is soluble in many essential oils, but is not miscible with petroleum ether and paraffin oil. It is relatively stable to heat and light, and is more stable at low temperatures. Its L-isomer has a boiling point of 187 to 189 \u00b0C and a specific optical rotation [\u03b1] of D20-15.0\u00b0. It can be oxidized at high temperatures to propionaldehyde, lactic acid, pyruvic acid and acetic acid.<\/p>\n","protected":false},"featured_media":4316,"comment_status":"closed","ping_status":"closed","template":"","meta":[],"product_brand":[],"product_cat":[22],"product_tag":[24],"class_list":{"0":"post-4262","1":"product","2":"type-product","3":"status-publish","4":"has-post-thumbnail","6":"product_cat-daily-chemicals","7":"product_tag-daily-chemicals","9":"first","10":"instock","11":"shipping-taxable","12":"product-type-simple"},"_links":{"self":[{"href":"https:\/\/chemneo.com\/pt\/wp-json\/wp\/v2\/product\/4262","targetHints":{"allow":["GET"]}}],"collection":[{"href":"https:\/\/chemneo.com\/pt\/wp-json\/wp\/v2\/product"}],"about":[{"href":"https:\/\/chemneo.com\/pt\/wp-json\/wp\/v2\/types\/product"}],"replies":[{"embeddable":true,"href":"https:\/\/chemneo.com\/pt\/wp-json\/wp\/v2\/comments?post=4262"}],"wp:featuredmedia":[{"embeddable":true,"href":"https:\/\/chemneo.com\/pt\/wp-json\/wp\/v2\/media\/4316"}],"wp:attachment":[{"href":"https:\/\/chemneo.com\/pt\/wp-json\/wp\/v2\/media?parent=4262"}],"wp:term":[{"taxonomy":"product_brand","embeddable":true,"href":"https:\/\/chemneo.com\/pt\/wp-json\/wp\/v2\/product_brand?post=4262"},{"taxonomy":"product_cat","embeddable":true,"href":"https:\/\/chemneo.com\/pt\/wp-json\/wp\/v2\/product_cat?post=4262"},{"taxonomy":"product_tag","embeddable":true,"href":"https:\/\/chemneo.com\/pt\/wp-json\/wp\/v2\/product_tag?post=4262"}],"curies":[{"name":"wp","href":"https:\/\/api.w.org\/{rel}","templated":true}]}}