{"id":4293,"date":"2024-08-28T03:08:18","date_gmt":"2024-08-28T03:08:18","guid":{"rendered":"https:\/\/chemneo.com\/?post_type=product&#038;p=4293"},"modified":"2024-08-28T03:09:11","modified_gmt":"2024-08-28T03:09:11","slug":"2334-biphenyl-tetracarboxylic-dianhydride-cas36978-41-3","status":"publish","type":"product","link":"https:\/\/chemneo.com\/pt\/product\/4293.html","title":{"rendered":"Dianidrido tetracarbox\u00edlico de 2,3,3,4-bifenilo CAS#36978-41-3"},"content":{"rendered":"<p><strong>2,3,3,4-biphenyl tetracarboxylic dianhydride CAS#36978-41-3<br \/>\n<\/strong><\/p>\n<div id=\"ContentPlaceHolder1_ProductChemPropertyA\">\n<table border=\"0\" width=\"100%\" cellspacing=\"0\" cellpadding=\"0\" align=\"center\">\n<tbody>\n<tr>\n<td class=\"td6\" bgcolor=\"DEEEF4\" width=\"611\" height=\"23\">2,3,3,4-biphenyl tetracarboxylic dianhydride Chemical Properties<\/td>\n<\/tr>\n<\/tbody>\n<\/table>\n<table border=\"0\" width=\"100%\" cellspacing=\"1\" cellpadding=\"2\" bgcolor=\"d5d5d5\">\n<tbody>\n<tr class=\"ProdSupplierGN_ProductA_1\">\n<td class=\"td12\">Melting point<\/td>\n<td bgcolor=\"#fafafa\"><span style=\"color: #0066cc;\">199 \u00b0C<\/span><\/td>\n<\/tr>\n<tr class=\"ProdSupplierGN_ProductA_2\">\n<td bgcolor=\"#FFFFFF\">Boiling point<\/td>\n<td bgcolor=\"#FFFFFF\"><span style=\"color: #0066cc;\">609.3\u00b148.0 \u00b0C(Predicted)<\/span><\/td>\n<\/tr>\n<tr class=\"ProdSupplierGN_ProductA_1\">\n<td class=\"td12\">density<\/td>\n<td bgcolor=\"#fafafa\"><span style=\"color: #0066cc;\">1.625\u00b10.06 g\/cm3(Predicted)<\/span><\/td>\n<\/tr>\n<tr class=\"ProdSupplierGN_ProductA_2\">\n<td bgcolor=\"#FFFFFF\">storage temp.<\/td>\n<td bgcolor=\"#FFFFFF\"><span style=\"color: #0066cc;\">Inert atmosphere,Room Temperature<\/span><\/td>\n<\/tr>\n<tr class=\"ProdSupplierGN_ProductA_1\">\n<td class=\"td12\">form<\/td>\n<td bgcolor=\"#fafafa\"><span style=\"color: #0066cc;\">powder to crystal<\/span><\/td>\n<\/tr>\n<tr class=\"ProdSupplierGN_ProductA_2\">\n<td bgcolor=\"#FFFFFF\">color<\/td>\n<td bgcolor=\"#FFFFFF\"><span style=\"color: #0066cc;\">White to Almost white<\/span><\/td>\n<\/tr>\n<tr class=\"ProdSupplierGN_ProductA_1\">\n<td class=\"td12\">InChI<\/td>\n<td bgcolor=\"#fafafa\"><span style=\"color: #0066cc;\">InChI=1S\/C16H6O6\/c17-13-9-5-4-7(6-11(9)15(19)21-13)8-2-1-3-10-12(8)16(20)22-14(10)18\/h1-6H<\/span><\/td>\n<\/tr>\n<tr class=\"ProdSupplierGN_ProductA_2\">\n<td bgcolor=\"#FFFFFF\">InChIKey<\/td>\n<td bgcolor=\"#FFFFFF\"><span style=\"color: #0066cc;\">FYYYKXFEKMGYLZ-UHFFFAOYSA-N<\/span><\/td>\n<\/tr>\n<tr class=\"ProdSupplierGN_ProductA_1\">\n<td class=\"td12\">SMILES<\/td>\n<td bgcolor=\"#fafafa\"><span style=\"color: #0066cc;\">C1(=O)C2=C(C(C3C=CC4C(=O)OC(=O)C=4C=3)=CC=C2)C(=O)O1<\/span><\/td>\n<\/tr>\n<tr class=\"ProdSupplierGN_ProductA_2\">\n<td bgcolor=\"#FFFFFF\">CAS DataBase Reference<\/td>\n<td bgcolor=\"#FFFFFF\"><span style=\"color: #0066cc;\">36978-41-3(CAS DataBase Reference)<\/span><\/td>\n<\/tr>\n<tr class=\"ProdSupplierGN_ProductA_1\">\n<td class=\"td12\">EPA Substance Registry System<\/td>\n<td bgcolor=\"#fafafa\"><span style=\"color: #0066cc;\">[4,5'-Biisobenzofuran]-1,1',3,3'-tetrone (36978-41-3)<\/span><\/td>\n<\/tr>\n<\/tbody>\n<\/table>\n<\/div>\n<div id=\"ContentPlaceHolder1_ProductChemSafePropertyA\">\n<table border=\"0\" width=\"100%\" cellspacing=\"0\" cellpadding=\"0\" align=\"center\">\n<tbody>\n<tr>\n<td bgcolor=\"64B7D7\" height=\"1\"><\/td>\n<\/tr>\n<tr>\n<td class=\"td6\" bgcolor=\"DEEEF4\" width=\"611\" height=\"23\">Safety Information<\/td>\n<\/tr>\n<\/tbody>\n<\/table>\n<table border=\"0\" width=\"100%\" cellspacing=\"1\" cellpadding=\"2\" bgcolor=\"d5d5d5\">\n<tbody>\n<tr class=\"ProdSupplierGN_ProductA_1\">\n<td class=\"td12\">HS Code<\/td>\n<td bgcolor=\"#fafafa\"><span style=\"color: #0066cc;\">2922498590<\/span><\/td>\n<\/tr>\n<\/tbody>\n<\/table>\n<\/div>\n<p><strong>\u00a0<\/strong><\/p>\n","protected":false},"excerpt":{"rendered":"<p>O Dianidrido de 2,3,3,4-bifenil tetracarbox\u00edlico (CAS# 36978-41-3) \u00e9 um s\u00f3lido cristalino branco utilizado como precursor essencial na produ\u00e7\u00e3o de pol\u00edmeros de poliimida de elevado desempenho para aplica\u00e7\u00f5es nas ind\u00fastrias eletr\u00f3nica, aeroespacial e autom\u00f3vel, conhecido pela sua estabilidade t\u00e9rmica e insolubilidade em \u00e1gua, dispon\u00edvel em v\u00e1rias op\u00e7\u00f5es de embalagem com servi\u00e7os de personaliza\u00e7\u00e3o para satisfazer as necessidades espec\u00edficas da ind\u00fastria.<\/p>","protected":false},"featured_media":4340,"comment_status":"closed","ping_status":"closed","template":"","meta":[],"product_brand":[],"product_cat":[22],"product_tag":[],"class_list":{"0":"post-4293","1":"product","2":"type-product","3":"status-publish","4":"has-post-thumbnail","6":"product_cat-daily-chemicals","8":"first","9":"instock","10":"shipping-taxable","11":"product-type-simple"},"_links":{"self":[{"href":"https:\/\/chemneo.com\/pt\/wp-json\/wp\/v2\/product\/4293","targetHints":{"allow":["GET"]}}],"collection":[{"href":"https:\/\/chemneo.com\/pt\/wp-json\/wp\/v2\/product"}],"about":[{"href":"https:\/\/chemneo.com\/pt\/wp-json\/wp\/v2\/types\/product"}],"replies":[{"embeddable":true,"href":"https:\/\/chemneo.com\/pt\/wp-json\/wp\/v2\/comments?post=4293"}],"wp:featuredmedia":[{"embeddable":true,"href":"https:\/\/chemneo.com\/pt\/wp-json\/wp\/v2\/media\/4340"}],"wp:attachment":[{"href":"https:\/\/chemneo.com\/pt\/wp-json\/wp\/v2\/media?parent=4293"}],"wp:term":[{"taxonomy":"product_brand","embeddable":true,"href":"https:\/\/chemneo.com\/pt\/wp-json\/wp\/v2\/product_brand?post=4293"},{"taxonomy":"product_cat","embeddable":true,"href":"https:\/\/chemneo.com\/pt\/wp-json\/wp\/v2\/product_cat?post=4293"},{"taxonomy":"product_tag","embeddable":true,"href":"https:\/\/chemneo.com\/pt\/wp-json\/wp\/v2\/product_tag?post=4293"}],"curies":[{"name":"wp","href":"https:\/\/api.w.org\/{rel}","templated":true}]}}