{"id":4516,"date":"2024-11-13T11:00:09","date_gmt":"2024-11-13T03:00:09","guid":{"rendered":"https:\/\/chemneo.com\/product\/4516.html"},"modified":"2024-11-13T11:00:10","modified_gmt":"2024-11-13T03:00:10","slug":"alpha-hexylcinnamaldehyde-cas-101-86-0","status":"publish","type":"product","link":"https:\/\/chemneo.com\/pt\/product\/4516.html","title":{"rendered":"alfa-hexilcinamalde\u00eddo CAS 101-86-0"},"content":{"rendered":"<p>Descri\u00e7\u00e3o<\/p>\n<p>\talpha-Hexylcinnamaldehyde Details<br \/>\nChemical Name: alpha-Hexylcinnamaldehyde<br \/>\nCAS No.: 101-86-0<br \/>\nMolecular Formula: C15H20O<br \/>\nMolecular Weight: 216.32<br \/>\nMolecular\u00a0Structure:<\/p>\n<p>Aspeto: L\u00edquido amarelo<br \/>\nTypical\u00a0Properties<\/p>\n<p>Flashpoint<br \/>\n200\u00a0\u00b0F<\/p>\n<p>Ponto de ebuli\u00e7\u00e3o<br \/>\n174-176 \u00b0C\/15 mmHg (lit.)<\/p>\n<p>Solubilidade<br \/>\nWater: soluble at 25\u00b0C 0.005g\/L<\/p>\n<p>Densidade<br \/>\n0.95 g\/mL at 25 \u00b0C (lit.)<\/p>\n<p>\u00cdndice de refra\u00e7\u00e3o<br \/>\nn20\/D 1.55(lit.)<\/p>\n<p>alpha-Hexylcinnamaldehyde Usage<br \/>\n\u03b1-Hexylcinnamaldehyde can be used in many daily chemical fragrance formulas, especially in floral fragrances such as jasmine and gardenia, and in soaps and detergents.<br \/>\nIt can be used in trace amounts in edible fragrances, such as honey fragrance and various fruity fragrances.<br \/>\nPackaging and Shipping<br \/>\nPacking: 25KG\/Drum<br \/>\nalpha-Hexylcinnamaldehyde Storage<br \/>\nKeep in a well-closed, light-resistant, dry and cool place.<\/p>","protected":false},"excerpt":{"rendered":"<p>Chemical Name: alpha-Hexylcinnamaldehyde<br \/>\nCAS No.: 101-86-0<br \/>\nMolecular Formula: C15H20O<br \/>\nMolecular Weight: 216.32<br \/>\nAspeto: L\u00edquido amarelo<\/p>","protected":false},"featured_media":4515,"comment_status":"open","ping_status":"closed","template":"","meta":[],"product_brand":[],"product_cat":[17],"product_tag":[],"class_list":{"0":"post-4516","1":"product","2":"type-product","3":"status-publish","4":"has-post-thumbnail","6":"product_cat-uncategorized","8":"first","9":"instock","10":"shipping-taxable","11":"product-type-simple"},"_links":{"self":[{"href":"https:\/\/chemneo.com\/pt\/wp-json\/wp\/v2\/product\/4516","targetHints":{"allow":["GET"]}}],"collection":[{"href":"https:\/\/chemneo.com\/pt\/wp-json\/wp\/v2\/product"}],"about":[{"href":"https:\/\/chemneo.com\/pt\/wp-json\/wp\/v2\/types\/product"}],"replies":[{"embeddable":true,"href":"https:\/\/chemneo.com\/pt\/wp-json\/wp\/v2\/comments?post=4516"}],"wp:featuredmedia":[{"embeddable":true,"href":"https:\/\/chemneo.com\/pt\/wp-json\/wp\/v2\/media\/4515"}],"wp:attachment":[{"href":"https:\/\/chemneo.com\/pt\/wp-json\/wp\/v2\/media?parent=4516"}],"wp:term":[{"taxonomy":"product_brand","embeddable":true,"href":"https:\/\/chemneo.com\/pt\/wp-json\/wp\/v2\/product_brand?post=4516"},{"taxonomy":"product_cat","embeddable":true,"href":"https:\/\/chemneo.com\/pt\/wp-json\/wp\/v2\/product_cat?post=4516"},{"taxonomy":"product_tag","embeddable":true,"href":"https:\/\/chemneo.com\/pt\/wp-json\/wp\/v2\/product_tag?post=4516"}],"curies":[{"name":"wp","href":"https:\/\/api.w.org\/{rel}","templated":true}]}}