{"id":4552,"date":"2024-11-13T11:00:41","date_gmt":"2024-11-13T03:00:41","guid":{"rendered":"https:\/\/chemneo.com\/product\/4552.html"},"modified":"2024-11-13T11:00:41","modified_gmt":"2024-11-13T03:00:41","slug":"eicosatetraynoic-acidetya-cas-1191-85-1","status":"publish","type":"product","link":"https:\/\/chemneo.com\/pt\/product\/4552.html","title":{"rendered":"\u00c1cido eicosatetrain\u00f3ico (ETYA) Cas 1191-85-1"},"content":{"rendered":"<p>Descri\u00e7\u00e3o<\/p>\n<p>\tChemical Name: Eicosatetraynoic acid<br \/>\nN.\u00ba CAS: 1191-85-1<br \/>\nF\u00f3rmula molecular: C20H24O2<br \/>\nChemical Structure:<br \/>\nPeso molecular: 296,4<br \/>\nEicosatetraynoic acid Typical Properties<\/p>\n<p>Items<br \/>\nEspecifica\u00e7\u00e3o<\/p>\n<p>Melting point<br \/>\n79-81\u00a0\u00b0C<\/p>\n<p>Ponto de ebuli\u00e7\u00e3o<br \/>\n490.3\u00b145.0 \u00b0C(Predicted)<\/p>\n<p>Densidade<br \/>\n1.034\u00b10.06 g\/cm3(Predicted)<\/p>","protected":false},"excerpt":{"rendered":"<p>Nome qu\u00edmico: \u00c1cido eicosatetrain\u00f3ico (ETYA)<br \/>\nN.\u00ba CAS: 1191-85-1<br \/>\nF\u00f3rmula molecular: C20H24O2<br \/>\nPeso molecular: 296,4<\/p>","protected":false},"featured_media":0,"comment_status":"open","ping_status":"closed","template":"","meta":[],"product_brand":[],"product_cat":[17],"product_tag":[],"class_list":{"0":"post-4552","1":"product","2":"type-product","3":"status-publish","5":"product_cat-uncategorized","7":"first","8":"instock","9":"shipping-taxable","10":"product-type-simple"},"_links":{"self":[{"href":"https:\/\/chemneo.com\/pt\/wp-json\/wp\/v2\/product\/4552","targetHints":{"allow":["GET"]}}],"collection":[{"href":"https:\/\/chemneo.com\/pt\/wp-json\/wp\/v2\/product"}],"about":[{"href":"https:\/\/chemneo.com\/pt\/wp-json\/wp\/v2\/types\/product"}],"replies":[{"embeddable":true,"href":"https:\/\/chemneo.com\/pt\/wp-json\/wp\/v2\/comments?post=4552"}],"wp:attachment":[{"href":"https:\/\/chemneo.com\/pt\/wp-json\/wp\/v2\/media?parent=4552"}],"wp:term":[{"taxonomy":"product_brand","embeddable":true,"href":"https:\/\/chemneo.com\/pt\/wp-json\/wp\/v2\/product_brand?post=4552"},{"taxonomy":"product_cat","embeddable":true,"href":"https:\/\/chemneo.com\/pt\/wp-json\/wp\/v2\/product_cat?post=4552"},{"taxonomy":"product_tag","embeddable":true,"href":"https:\/\/chemneo.com\/pt\/wp-json\/wp\/v2\/product_tag?post=4552"}],"curies":[{"name":"wp","href":"https:\/\/api.w.org\/{rel}","templated":true}]}}