{"id":4584,"date":"2024-11-13T11:01:15","date_gmt":"2024-11-13T03:01:15","guid":{"rendered":"https:\/\/chemneo.com\/product\/4584.html"},"modified":"2024-11-13T11:01:16","modified_gmt":"2024-11-13T03:01:16","slug":"hydroxypropyl-starch-cas-9049-76-7","status":"publish","type":"product","link":"https:\/\/chemneo.com\/pt\/product\/4584.html","title":{"rendered":"Amido hidroxiprop\u00edlico CAS 9049-76-7"},"content":{"rendered":"<p>Descri\u00e7\u00e3o<\/p>\n<p>\tHydroxypropyl starch Quick Details<br \/>\nChemical Name: Hydroxypropyl starch<br \/>\nCas No.: 9049-76-7<\/p>\n<p>Molecular Fomula: C24H42O21<br \/>\nChemical Structure:<\/p>\n<p>Molecular Weight: 666.57768<br \/>\nAspeto: P\u00f3 branco<br \/>\nTypical Properties<\/p>\n<p>Items<br \/>\nEspecifica\u00e7\u00e3o<\/p>\n<p>Solubilidade<br \/>\nAlmost insoluble in cold water and ethanol (96%)<\/p>\n<p>Hydroxypropyl starch Application:<br \/>\n1) Hydroxypropyl starch food industry: Hydroxypropyl starch can be used as a thickener, suspending agent, and adhesive.<br \/>\n2) Hydroxypropyl starch papermaking industry: Hydroxypropyl starch is used as internal sizing and surface sizing for paper. Hydroxypropyl starch makes the printing ink bright and uniform, reduces ink consumption, makes the film smooth, and has a certain ability to remove hair.<br \/>\n3) Hydroxypropyl starch textile industry: Hydroxypropyl starch can be used as warp yarn sizing to improve wear resistance and weaving efficiency during weaving. Hydroxypropyl starch with a high degree of substitution can be used as printing paste.<br \/>\n4) Hydroxypropyl starch pharmaceutical industry: Hydroxypropyl starch can be used as a disintegrant for tablets.<br \/>\nPackaging And Shipping\u00a0<br \/>\n5Kg\/Drum\uff0c25Kg\/Drum\uff0c50Kg\/Drum<\/p>","protected":false},"excerpt":{"rendered":"<p>Chemical Name: Hydroxypropyl starch<br \/>\nSynonyms: Starch 2-hydroxypropyl ether; Hydroxypropyl starch ether; 2-Hydroxypropyl starch<br \/>\nCas No.: 9049-76-7<br \/>\nMolecular Fomula: C24H42O21<br \/>\nMolecular Weight: 666.57768<br \/>\nAspeto: P\u00f3 branco<\/p>","protected":false},"featured_media":4583,"comment_status":"open","ping_status":"closed","template":"","meta":[],"product_brand":[],"product_cat":[17],"product_tag":[],"class_list":{"0":"post-4584","1":"product","2":"type-product","3":"status-publish","4":"has-post-thumbnail","6":"product_cat-uncategorized","8":"first","9":"instock","10":"shipping-taxable","11":"product-type-simple"},"_links":{"self":[{"href":"https:\/\/chemneo.com\/pt\/wp-json\/wp\/v2\/product\/4584","targetHints":{"allow":["GET"]}}],"collection":[{"href":"https:\/\/chemneo.com\/pt\/wp-json\/wp\/v2\/product"}],"about":[{"href":"https:\/\/chemneo.com\/pt\/wp-json\/wp\/v2\/types\/product"}],"replies":[{"embeddable":true,"href":"https:\/\/chemneo.com\/pt\/wp-json\/wp\/v2\/comments?post=4584"}],"wp:featuredmedia":[{"embeddable":true,"href":"https:\/\/chemneo.com\/pt\/wp-json\/wp\/v2\/media\/4583"}],"wp:attachment":[{"href":"https:\/\/chemneo.com\/pt\/wp-json\/wp\/v2\/media?parent=4584"}],"wp:term":[{"taxonomy":"product_brand","embeddable":true,"href":"https:\/\/chemneo.com\/pt\/wp-json\/wp\/v2\/product_brand?post=4584"},{"taxonomy":"product_cat","embeddable":true,"href":"https:\/\/chemneo.com\/pt\/wp-json\/wp\/v2\/product_cat?post=4584"},{"taxonomy":"product_tag","embeddable":true,"href":"https:\/\/chemneo.com\/pt\/wp-json\/wp\/v2\/product_tag?post=4584"}],"curies":[{"name":"wp","href":"https:\/\/api.w.org\/{rel}","templated":true}]}}