{"id":4668,"date":"2024-11-13T11:02:27","date_gmt":"2024-11-13T03:02:27","guid":{"rendered":"https:\/\/chemneo.com\/product\/4668.html"},"modified":"2024-11-13T11:02:28","modified_gmt":"2024-11-13T03:02:28","slug":"pyridine-3-sulfonyl-chloride-cas-16133-25-8","status":"publish","type":"product","link":"https:\/\/chemneo.com\/pt\/product\/4668.html","title":{"rendered":"Cloreto de piridina-3-sulfonilo CAS 16133-25-8"},"content":{"rendered":"<p>Descri\u00e7\u00e3o<\/p>\n<p>\tPYRIDINE-3-SULFONYL CHLORIDE\u00a0Quick Details<br \/>\nDenomina\u00e7\u00e3o qu\u00edmica: cloreto de piridina-3-sulfonilo<br \/>\nN.\u00ba CAS: 16133-25-8<br \/>\nF\u00f3rmula molecular: C5H4ClNO2S<br \/>\nChemical Structure:<\/p>\n<p>Peso molecular: 177,61<br \/>\nAspeto: L\u00edquido incolor a amarelo p\u00e1lido<br \/>\nEnsaio: 99 % min<br \/>\nTypical Properties<\/p>\n<p>ITEMS<br \/>\nSPECIFICATION<\/p>\n<p>Assay\u00a0%<br \/>\n\u2265\u00a099.0<\/p>\n<p>Densidade<br \/>\n1.488<\/p>\n<p>Ponto de ebuli\u00e7\u00e3o<br \/>\n284\u00a0\u2103<\/p>\n<p>Acidity coefficient (pKa)<br \/>\n-1.77\u00a0\u00b1\u00a00.11<\/p>\n<p>Solubilidade<br \/>\nChloroform (slightly soluble), methanol (slightly soluble)<\/p>\n<p>\u00a0<br \/>\nPYRIDINE-3-SULFONYL CHLORIDE\u00a0Application:<br \/>\nThe reagent used to synthesize pyrimidine derivatives has anti proliferative activity against negative breast cancer cells. Intermediate of Flunaprazan.<br \/>\nPackaging and Shipping\u00a0<br \/>\n25KG, 200KG\/\u00a0Drum<\/p>","protected":false},"excerpt":{"rendered":"<p>Denomina\u00e7\u00e3o qu\u00edmica: cloreto de piridina-3-sulfonilo<br \/>\nSin\u00f3nimos: Cloreto de m-piridinossulfonilo<br \/>\nN.\u00ba CAS: 16133-25-8<br \/>\nF\u00f3rmula molecular: C5H4ClNO2S<br \/>\nPeso molecular: 177,61<br \/>\nAspeto: L\u00edquido incolor a amarelo p\u00e1lido<br \/>\nEnsaio: 99 % min<\/p>","protected":false},"featured_media":4667,"comment_status":"open","ping_status":"closed","template":"","meta":[],"product_brand":[],"product_cat":[17],"product_tag":[],"class_list":{"0":"post-4668","1":"product","2":"type-product","3":"status-publish","4":"has-post-thumbnail","6":"product_cat-uncategorized","8":"first","9":"instock","10":"shipping-taxable","11":"product-type-simple"},"_links":{"self":[{"href":"https:\/\/chemneo.com\/pt\/wp-json\/wp\/v2\/product\/4668","targetHints":{"allow":["GET"]}}],"collection":[{"href":"https:\/\/chemneo.com\/pt\/wp-json\/wp\/v2\/product"}],"about":[{"href":"https:\/\/chemneo.com\/pt\/wp-json\/wp\/v2\/types\/product"}],"replies":[{"embeddable":true,"href":"https:\/\/chemneo.com\/pt\/wp-json\/wp\/v2\/comments?post=4668"}],"wp:featuredmedia":[{"embeddable":true,"href":"https:\/\/chemneo.com\/pt\/wp-json\/wp\/v2\/media\/4667"}],"wp:attachment":[{"href":"https:\/\/chemneo.com\/pt\/wp-json\/wp\/v2\/media?parent=4668"}],"wp:term":[{"taxonomy":"product_brand","embeddable":true,"href":"https:\/\/chemneo.com\/pt\/wp-json\/wp\/v2\/product_brand?post=4668"},{"taxonomy":"product_cat","embeddable":true,"href":"https:\/\/chemneo.com\/pt\/wp-json\/wp\/v2\/product_cat?post=4668"},{"taxonomy":"product_tag","embeddable":true,"href":"https:\/\/chemneo.com\/pt\/wp-json\/wp\/v2\/product_tag?post=4668"}],"curies":[{"name":"wp","href":"https:\/\/api.w.org\/{rel}","templated":true}]}}