{"id":4672,"date":"2024-11-13T11:02:30","date_gmt":"2024-11-13T03:02:30","guid":{"rendered":"https:\/\/chemneo.com\/product\/4672.html"},"modified":"2024-11-13T11:02:31","modified_gmt":"2024-11-13T03:02:31","slug":"ptaquiloside-cas-87625-62-5","status":"publish","type":"product","link":"https:\/\/chemneo.com\/pt\/product\/4672.html","title":{"rendered":"Ptaquilos\u00eddeo CAS 87625-62-5"},"content":{"rendered":"<p>Descri\u00e7\u00e3o<\/p>\n<p>\tPtaquiloside\u00a0Details<br \/>\nChemical Name:\u00a0Ptaquiloside<br \/>\nCAS No.: 87625-62-5<br \/>\nMolecular Formula: C20H30O8<br \/>\nMolecular Weight: 398.45<br \/>\nMolecular\u00a0Structure:<\/p>\n<p>Aspeto: P\u00f3 branco<br \/>\nPtaquiloside\u00a0Typical Properties<\/p>\n<p>Melting point<br \/>\n85-89 \u00b0C<\/p>\n<p>Ponto de ebuli\u00e7\u00e3o<br \/>\n620.7\u00b155.0 \u00b0C(Predicted)<\/p>\n<p>Densidade<br \/>\n1.43\u00b10.1 g\/cm3(Predicted)<\/p>\n<p>Specific Rotation<br \/>\nD22 -188\u00b0 (c = 1 in methanol)<\/p>\n<p>Acidity coefficient (pKa)<br \/>\n12.85\u00b10.70(Predicted)<\/p>\n<p>Ptaquiloside\u00a0Usage<br \/>\nFeed Additives<br \/>\nPtaquiloside\u00a0Packaging and Shipping<br \/>\nPacking: 25KG\/Drum<br \/>\nPtaquiloside\u00a0Storage<br \/>\nKeep in a well-closed, light-resistant, dry and cool place.<\/p>","protected":false},"excerpt":{"rendered":"<p>Chemical Name:\u00a0Ptaquiloside<br \/>\nCAS No.: 87625-62-5<br \/>\nMolecular Formula: C20H30O8<br \/>\nMolecular Weight: 398.45<br \/>\nAspeto: P\u00f3 branco<\/p>","protected":false},"featured_media":4671,"comment_status":"open","ping_status":"closed","template":"","meta":[],"product_brand":[],"product_cat":[17],"product_tag":[],"class_list":{"0":"post-4672","1":"product","2":"type-product","3":"status-publish","4":"has-post-thumbnail","6":"product_cat-uncategorized","8":"first","9":"instock","10":"shipping-taxable","11":"product-type-simple"},"_links":{"self":[{"href":"https:\/\/chemneo.com\/pt\/wp-json\/wp\/v2\/product\/4672","targetHints":{"allow":["GET"]}}],"collection":[{"href":"https:\/\/chemneo.com\/pt\/wp-json\/wp\/v2\/product"}],"about":[{"href":"https:\/\/chemneo.com\/pt\/wp-json\/wp\/v2\/types\/product"}],"replies":[{"embeddable":true,"href":"https:\/\/chemneo.com\/pt\/wp-json\/wp\/v2\/comments?post=4672"}],"wp:featuredmedia":[{"embeddable":true,"href":"https:\/\/chemneo.com\/pt\/wp-json\/wp\/v2\/media\/4671"}],"wp:attachment":[{"href":"https:\/\/chemneo.com\/pt\/wp-json\/wp\/v2\/media?parent=4672"}],"wp:term":[{"taxonomy":"product_brand","embeddable":true,"href":"https:\/\/chemneo.com\/pt\/wp-json\/wp\/v2\/product_brand?post=4672"},{"taxonomy":"product_cat","embeddable":true,"href":"https:\/\/chemneo.com\/pt\/wp-json\/wp\/v2\/product_cat?post=4672"},{"taxonomy":"product_tag","embeddable":true,"href":"https:\/\/chemneo.com\/pt\/wp-json\/wp\/v2\/product_tag?post=4672"}],"curies":[{"name":"wp","href":"https:\/\/api.w.org\/{rel}","templated":true}]}}