{"id":4717,"date":"2024-11-13T11:03:09","date_gmt":"2024-11-13T03:03:09","guid":{"rendered":"https:\/\/chemneo.com\/product\/4717.html"},"modified":"2024-11-13T11:03:10","modified_gmt":"2024-11-13T03:03:10","slug":"copper-ii-gluconate-min-98-cas-13005-35-1","status":"publish","type":"product","link":"https:\/\/chemneo.com\/pt\/product\/4717.html","title":{"rendered":"GLUCONATO DE COBRE (II), M\u00cdN. 98 Cas 13005-35-1"},"content":{"rendered":"<p>Descri\u00e7\u00e3o<\/p>\n<p>\tCOPPER (II) GLUCONATE, MIN. 98 Quick Details<br \/>\nDenomina\u00e7\u00e3o qu\u00edmica: GLUCONATO DE COBRE (II), M\u00cdN. 98<br \/>\nN.\u00ba CAS: 13005-35-1<br \/>\nF\u00f3rmula molecular: C12H22CuO14<br \/>\nChemical Structure:<br \/>\nPeso molecular: 453.84068<br \/>\nTypical Properties<\/p>\n<p>ITEMS<br \/>\nSPECIFICATION<\/p>\n<p>Apar\u00eancia<br \/>\nBlue powder<\/p>\n<p>Odor<br \/>\nNo odor<\/p>\n<p>Melting point<br \/>\n155~157\u2103<\/p>\n<p>\u00a0<br \/>\nApplication:<br \/>\nUsed as a nutritional supplement<br \/>\nPackaging and Shipping\u00a0<br \/>\nCustomized according to customer needs.<br \/>\nArmazenamento<br \/>\nKeep the warehouse cool, ventilated and dry<\/p>","protected":false},"excerpt":{"rendered":"<p>Denomina\u00e7\u00e3o qu\u00edmica: GLUCONATO DE COBRE (II), M\u00cdN. 98<br \/>\nN.\u00ba CAS: 13005-35-1<br \/>\nF\u00f3rmula molecular: C12H22CuO14<br \/>\nPeso molecular: 453.84068<\/p>","protected":false},"featured_media":4716,"comment_status":"open","ping_status":"closed","template":"","meta":[],"product_brand":[],"product_cat":[17],"product_tag":[],"class_list":{"0":"post-4717","1":"product","2":"type-product","3":"status-publish","4":"has-post-thumbnail","6":"product_cat-uncategorized","8":"first","9":"instock","10":"shipping-taxable","11":"product-type-simple"},"_links":{"self":[{"href":"https:\/\/chemneo.com\/pt\/wp-json\/wp\/v2\/product\/4717","targetHints":{"allow":["GET"]}}],"collection":[{"href":"https:\/\/chemneo.com\/pt\/wp-json\/wp\/v2\/product"}],"about":[{"href":"https:\/\/chemneo.com\/pt\/wp-json\/wp\/v2\/types\/product"}],"replies":[{"embeddable":true,"href":"https:\/\/chemneo.com\/pt\/wp-json\/wp\/v2\/comments?post=4717"}],"wp:featuredmedia":[{"embeddable":true,"href":"https:\/\/chemneo.com\/pt\/wp-json\/wp\/v2\/media\/4716"}],"wp:attachment":[{"href":"https:\/\/chemneo.com\/pt\/wp-json\/wp\/v2\/media?parent=4717"}],"wp:term":[{"taxonomy":"product_brand","embeddable":true,"href":"https:\/\/chemneo.com\/pt\/wp-json\/wp\/v2\/product_brand?post=4717"},{"taxonomy":"product_cat","embeddable":true,"href":"https:\/\/chemneo.com\/pt\/wp-json\/wp\/v2\/product_cat?post=4717"},{"taxonomy":"product_tag","embeddable":true,"href":"https:\/\/chemneo.com\/pt\/wp-json\/wp\/v2\/product_tag?post=4717"}],"curies":[{"name":"wp","href":"https:\/\/api.w.org\/{rel}","templated":true}]}}