{"id":4723,"date":"2024-11-13T11:03:14","date_gmt":"2024-11-13T03:03:14","guid":{"rendered":"https:\/\/chemneo.com\/product\/4723.html"},"modified":"2024-11-13T11:03:15","modified_gmt":"2024-11-13T03:03:15","slug":"methyl-cedryl-ether-cas-19870-74-7","status":"publish","type":"product","link":"https:\/\/chemneo.com\/pt\/product\/4723.html","title":{"rendered":"\u00c9ter metil cedr\u00edlico Cas 19870-74-7"},"content":{"rendered":"<p>Descri\u00e7\u00e3o<\/p>\n<p>\tMethyl cedryl ether\u00a0Quick Details<br \/>\nNome qu\u00edmico: \u00c9ter metil cedr\u00edlico<br \/>\nN.\u00ba CAS: 19870-74-7<br \/>\nF\u00f3rmula molecular: C16H28O<br \/>\nChemical Structure:<br \/>\nMassa molecular: 236,39<br \/>\nAspeto: P\u00f3 branco<br \/>\nEnsaio: \u226599.0%<br \/>\nMethyl cedryl ether\u00a0Typical Properties<\/p>\n<p>ITEMS<br \/>\nSPECIFICATION<\/p>\n<p>Densidade<br \/>\n1.6077<\/p>\n<p>Ponto de ebuli\u00e7\u00e3o<br \/>\n158\u00a0\u00b0C14\u00a0mm Hg(lit.)<\/p>\n<p>Melt point<br \/>\n42-44\u00a0\u00b0C(lit.)<\/p>\n<p>Ponto de inflama\u00e7\u00e3o<br \/>\n229\u00a0\u00b0F<\/p>\n<p>\u00a0<br \/>\nMethyl cedryl ether\u00a0application:<br \/>\nMethyl cedryl ether is an important aroma material, with ambergris, balm aroma, generally made from cypress wood oil as raw material.<br \/>\nMethyl cedryl ether\u00a0Packaging and Shipping\u00a0<br \/>\ncustomized according to customer needs.<br \/>\nMethyl cedryl ether\u00a0Storage<br \/>\nIt should be stored in a clean, dry and cool place, preventing from sunlight, rain.<\/p>","protected":false},"excerpt":{"rendered":"<p>Nome qu\u00edmico: \u00c9ter metil cedr\u00edlico<br \/>\nN.\u00ba CAS: 19870-74-7<br \/>\nF\u00f3rmula molecular: C16H28O<br \/>\nMassa molecular: 236,39<br \/>\nAspeto: P\u00f3 branco<br \/>\nEnsaio: \u226599.0%<\/p>","protected":false},"featured_media":4722,"comment_status":"open","ping_status":"closed","template":"","meta":[],"product_brand":[],"product_cat":[17],"product_tag":[],"class_list":{"0":"post-4723","1":"product","2":"type-product","3":"status-publish","4":"has-post-thumbnail","6":"product_cat-uncategorized","8":"first","9":"instock","10":"shipping-taxable","11":"product-type-simple"},"_links":{"self":[{"href":"https:\/\/chemneo.com\/pt\/wp-json\/wp\/v2\/product\/4723","targetHints":{"allow":["GET"]}}],"collection":[{"href":"https:\/\/chemneo.com\/pt\/wp-json\/wp\/v2\/product"}],"about":[{"href":"https:\/\/chemneo.com\/pt\/wp-json\/wp\/v2\/types\/product"}],"replies":[{"embeddable":true,"href":"https:\/\/chemneo.com\/pt\/wp-json\/wp\/v2\/comments?post=4723"}],"wp:featuredmedia":[{"embeddable":true,"href":"https:\/\/chemneo.com\/pt\/wp-json\/wp\/v2\/media\/4722"}],"wp:attachment":[{"href":"https:\/\/chemneo.com\/pt\/wp-json\/wp\/v2\/media?parent=4723"}],"wp:term":[{"taxonomy":"product_brand","embeddable":true,"href":"https:\/\/chemneo.com\/pt\/wp-json\/wp\/v2\/product_brand?post=4723"},{"taxonomy":"product_cat","embeddable":true,"href":"https:\/\/chemneo.com\/pt\/wp-json\/wp\/v2\/product_cat?post=4723"},{"taxonomy":"product_tag","embeddable":true,"href":"https:\/\/chemneo.com\/pt\/wp-json\/wp\/v2\/product_tag?post=4723"}],"curies":[{"name":"wp","href":"https:\/\/api.w.org\/{rel}","templated":true}]}}