{"id":4727,"date":"2024-11-13T11:03:18","date_gmt":"2024-11-13T03:03:18","guid":{"rendered":"https:\/\/chemneo.com\/product\/4727.html"},"modified":"2024-11-13T11:03:19","modified_gmt":"2024-11-13T03:03:19","slug":"s-carboxyethylisothiuronium-chloride-cas-5425-78-5","status":"publish","type":"product","link":"https:\/\/chemneo.com\/pt\/product\/4727.html","title":{"rendered":"Cloreto de S-carboxietilisotiur\u00f3nio Cas 5425-78-5"},"content":{"rendered":"<p>Descri\u00e7\u00e3o<\/p>\n<p>\tS-Carboxyethylisothiuronium chloride\u00a0Quick Details<br \/>\nChemical Name: S-Carboxyethylisothiuronium chloride<br \/>\nCAS No.:5425-78-5<br \/>\nMF\uff1aC3H7ClN2O2S<br \/>\nMW\uff1a170.61<br \/>\nAppearance:\u00a0white power<br \/>\nS-Carboxyethylisothiuronium chlorideTypical\u00a0Properties<\/p>\n<p>Test\u00a0item<br \/>\nEspecifica\u00e7\u00e3o <\/p>\n<p>Apar\u00eancia<br \/>\nLight yellow liquid<\/p>\n<p>Ensaio<br \/>\n\u226599%<\/p>\n<p>Armazenamento<br \/>\n-20\u2103<\/p>\n<p>S-Carboxyethylisothiuronium Application<br \/>\nElectroplating additive intermediates<br \/>\nS-Carboxyethylisothiuronium chloridePackaging and Shipping\u00a0<br \/>\n200kg\/drum;<br \/>\nS-Carboxyethylisothiuronium chloride Storage<br \/>\nKeep closed and store in a dry and ventilated place.<\/p>","protected":false},"excerpt":{"rendered":"<p>Chemical Name: S-Carboxyethylisothiuronium chloride<br \/>\nCAS No.: 5425-78-5<br \/>\nMF\uff1aC3H7ClN2O2S<br \/>\nMW\uff1a170.61<br \/>\nAppearance:\u00a0white power<\/p>","protected":false},"featured_media":4726,"comment_status":"open","ping_status":"closed","template":"","meta":[],"product_brand":[],"product_cat":[17],"product_tag":[],"class_list":{"0":"post-4727","1":"product","2":"type-product","3":"status-publish","4":"has-post-thumbnail","6":"product_cat-uncategorized","8":"first","9":"instock","10":"shipping-taxable","11":"product-type-simple"},"_links":{"self":[{"href":"https:\/\/chemneo.com\/pt\/wp-json\/wp\/v2\/product\/4727","targetHints":{"allow":["GET"]}}],"collection":[{"href":"https:\/\/chemneo.com\/pt\/wp-json\/wp\/v2\/product"}],"about":[{"href":"https:\/\/chemneo.com\/pt\/wp-json\/wp\/v2\/types\/product"}],"replies":[{"embeddable":true,"href":"https:\/\/chemneo.com\/pt\/wp-json\/wp\/v2\/comments?post=4727"}],"wp:featuredmedia":[{"embeddable":true,"href":"https:\/\/chemneo.com\/pt\/wp-json\/wp\/v2\/media\/4726"}],"wp:attachment":[{"href":"https:\/\/chemneo.com\/pt\/wp-json\/wp\/v2\/media?parent=4727"}],"wp:term":[{"taxonomy":"product_brand","embeddable":true,"href":"https:\/\/chemneo.com\/pt\/wp-json\/wp\/v2\/product_brand?post=4727"},{"taxonomy":"product_cat","embeddable":true,"href":"https:\/\/chemneo.com\/pt\/wp-json\/wp\/v2\/product_cat?post=4727"},{"taxonomy":"product_tag","embeddable":true,"href":"https:\/\/chemneo.com\/pt\/wp-json\/wp\/v2\/product_tag?post=4727"}],"curies":[{"name":"wp","href":"https:\/\/api.w.org\/{rel}","templated":true}]}}