{"id":4791,"date":"2024-11-13T11:04:15","date_gmt":"2024-11-13T03:04:15","guid":{"rendered":"https:\/\/chemneo.com\/product\/4791.html"},"modified":"2024-11-13T11:04:16","modified_gmt":"2024-11-13T03:04:16","slug":"camellia-seed-oil","status":"publish","type":"product","link":"https:\/\/chemneo.com\/pt\/product\/4791.html","title":{"rendered":"\u00d3leo de sementes de cam\u00e9lia"},"content":{"rendered":"<p>Descri\u00e7\u00e3o<\/p>\n<p>\tCamellia seed oil\u00a0Quick Details<br \/>\nChemical Name: Camellia seed oil<br \/>\nMolecular weight:\u00a00<br \/>\nAspeto: L\u00edquido<br \/>\nEnsaio\uff1a\u226599.0%<br \/>\nCamellia seed oil Typical Properties<\/p>\n<p>ITEMS<br \/>\nSPECIFICATION<\/p>\n<p>Densidade<br \/>\n\/<\/p>\n<p>Ponto de ebuli\u00e7\u00e3o<br \/>\n\/<\/p>\n<p>Melt point<br \/>\n\/<\/p>\n<p>Ponto de inflama\u00e7\u00e3o<br \/>\n\/<\/p>\n<p>Camellia seed oil application:<br \/>\nCamellia seed oil is extremely suitable for use as a pure natural cosmetic ingredient. It mainly plays a moisturizing role in cosmetic formulas. It is a natural ingredient in skin creams such as BB creams, hair care products such as conditioners, lipsticks, and lip balms, as well as makeup removers and nail polishes.<br \/>\nCamellia seed oil Packaging and Shipping\u00a0<br \/>\ncustomized according to customer needs.<br \/>\nCamellia seed oil\u00a0Storage<br \/>\nIt should be stored in a clean, dry and cool place, preventing from sunlight, rain.<\/p>","protected":false},"excerpt":{"rendered":"<p>Chemical Name: Camellia seed oil<br \/>\nCAS No.: \/<br \/>\nAspeto: L\u00edquido<br \/>\nEnsaio\uff1a\u226599.0%<\/p>","protected":false},"featured_media":4790,"comment_status":"open","ping_status":"closed","template":"","meta":[],"product_brand":[],"product_cat":[17],"product_tag":[],"class_list":{"0":"post-4791","1":"product","2":"type-product","3":"status-publish","4":"has-post-thumbnail","6":"product_cat-uncategorized","8":"first","9":"instock","10":"shipping-taxable","11":"product-type-simple"},"_links":{"self":[{"href":"https:\/\/chemneo.com\/pt\/wp-json\/wp\/v2\/product\/4791","targetHints":{"allow":["GET"]}}],"collection":[{"href":"https:\/\/chemneo.com\/pt\/wp-json\/wp\/v2\/product"}],"about":[{"href":"https:\/\/chemneo.com\/pt\/wp-json\/wp\/v2\/types\/product"}],"replies":[{"embeddable":true,"href":"https:\/\/chemneo.com\/pt\/wp-json\/wp\/v2\/comments?post=4791"}],"wp:featuredmedia":[{"embeddable":true,"href":"https:\/\/chemneo.com\/pt\/wp-json\/wp\/v2\/media\/4790"}],"wp:attachment":[{"href":"https:\/\/chemneo.com\/pt\/wp-json\/wp\/v2\/media?parent=4791"}],"wp:term":[{"taxonomy":"product_brand","embeddable":true,"href":"https:\/\/chemneo.com\/pt\/wp-json\/wp\/v2\/product_brand?post=4791"},{"taxonomy":"product_cat","embeddable":true,"href":"https:\/\/chemneo.com\/pt\/wp-json\/wp\/v2\/product_cat?post=4791"},{"taxonomy":"product_tag","embeddable":true,"href":"https:\/\/chemneo.com\/pt\/wp-json\/wp\/v2\/product_tag?post=4791"}],"curies":[{"name":"wp","href":"https:\/\/api.w.org\/{rel}","templated":true}]}}