{"id":4864,"date":"2024-11-13T11:05:19","date_gmt":"2024-11-13T03:05:19","guid":{"rendered":"https:\/\/chemneo.com\/product\/4864.html"},"modified":"2024-11-13T11:05:20","modified_gmt":"2024-11-13T03:05:20","slug":"udp-glucuronic-acid-trisodium-cas-63700-19-6","status":"publish","type":"product","link":"https:\/\/chemneo.com\/pt\/product\/4864.html","title":{"rendered":"\u00c1cido UDP-Glucur\u00f3nico Triss\u00f3dico CAS 63700-19-6"},"content":{"rendered":"<p>Descri\u00e7\u00e3o<\/p>\n<p>\tUDP-Glucuronic Acid TrisodiumQuick Details<br \/>\nChemical Name:\u00a0UDP-Glucuronic Acid Trisodium<br \/>\nCAS No.: 63700-19-6<br \/>\nMolecular Fomula: C15H23N2NaO18P2<br \/>\nChemical Structure:<\/p>\n<p>Molecular weight: 604.28<br \/>\nAspeto: S\u00f3lido<br \/>\nEnsaio: 98%<br \/>\nUDP-Glucuronic Acid Trisodium\u00a0Typical Properties<\/p>\n<p>ITEMS<br \/>\nSPECIFICATION<\/p>\n<p>Product name<br \/>\nUDP-Glucuronic Acid Trisodium<\/p>\n<p>Apar\u00eancia<br \/>\nSolid<\/p>\n<p>\u00a0<br \/>\nUDP-Glucuronic Acid Trisodiumapplication:<br \/>\nIt can be used as pharmaceutical raw materials<br \/>\nUDP-Glucuronic Acid Trisodium\u00a0Packaging and Shipping\u00a0<br \/>\ncustomized according to customer needs.<br \/>\nUDP-Glucuronic Acid Trisodium\u00a0Storage<br \/>\nIt should be stored in a clean, dry and cool place, preventing from sunlight, rain.<\/p>","protected":false},"excerpt":{"rendered":"<p>Chemical Name:\u00a0UDP-Glucuronic Acid Trisodium<br \/>\nCAS No.: 63700-19-6<br \/>\nMolecular Fomula: C15H23N2NaO18P2<br \/>\nMolecular weight: 604.28<br \/>\nAspeto: S\u00f3lido<br \/>\nEnsaio: 98%<\/p>","protected":false},"featured_media":4863,"comment_status":"open","ping_status":"closed","template":"","meta":[],"product_brand":[],"product_cat":[17],"product_tag":[],"class_list":{"0":"post-4864","1":"product","2":"type-product","3":"status-publish","4":"has-post-thumbnail","6":"product_cat-uncategorized","8":"first","9":"instock","10":"shipping-taxable","11":"product-type-simple"},"_links":{"self":[{"href":"https:\/\/chemneo.com\/pt\/wp-json\/wp\/v2\/product\/4864","targetHints":{"allow":["GET"]}}],"collection":[{"href":"https:\/\/chemneo.com\/pt\/wp-json\/wp\/v2\/product"}],"about":[{"href":"https:\/\/chemneo.com\/pt\/wp-json\/wp\/v2\/types\/product"}],"replies":[{"embeddable":true,"href":"https:\/\/chemneo.com\/pt\/wp-json\/wp\/v2\/comments?post=4864"}],"wp:featuredmedia":[{"embeddable":true,"href":"https:\/\/chemneo.com\/pt\/wp-json\/wp\/v2\/media\/4863"}],"wp:attachment":[{"href":"https:\/\/chemneo.com\/pt\/wp-json\/wp\/v2\/media?parent=4864"}],"wp:term":[{"taxonomy":"product_brand","embeddable":true,"href":"https:\/\/chemneo.com\/pt\/wp-json\/wp\/v2\/product_brand?post=4864"},{"taxonomy":"product_cat","embeddable":true,"href":"https:\/\/chemneo.com\/pt\/wp-json\/wp\/v2\/product_cat?post=4864"},{"taxonomy":"product_tag","embeddable":true,"href":"https:\/\/chemneo.com\/pt\/wp-json\/wp\/v2\/product_tag?post=4864"}],"curies":[{"name":"wp","href":"https:\/\/api.w.org\/{rel}","templated":true}]}}