{"id":4914,"date":"2024-11-13T11:06:04","date_gmt":"2024-11-13T03:06:04","guid":{"rendered":"https:\/\/chemneo.com\/product\/4914.html"},"modified":"2024-11-13T11:06:05","modified_gmt":"2024-11-13T03:06:05","slug":"l-glutamic-acid-%ce%b1-tert%c2%b7butyl-ester-cas-45120-30-7","status":"publish","type":"product","link":"https:\/\/chemneo.com\/pt\/product\/4914.html","title":{"rendered":"\u00c9ster \u03b1-terc-but\u00edlico do \u00e1cido L-glut\u00e2mico CAS 45120-30-7"},"content":{"rendered":"<p>Descri\u00e7\u00e3o<\/p>\n<p>\tL-Glutamic acid \u03b1-tert\u00b7butyl ester\u00a0Quick Details<br \/>\nChemical Name: L-Glutamic acid \u03b1-tert\u00b7butyl ester<br \/>\nCAS No.: 45120-30-7<br \/>\nMolecular Fomula: C9H17NO4<br \/>\nChemical Structure:<br \/>\nMolecular weight:\u00a0203.24<br \/>\nAspeto: P\u00f3 branco<br \/>\nL-Glutamic acid \u03b1-tert\u00b7butyl ester Typical Properties<\/p>\n<p>ITEMS<br \/>\nSPECIFICATION<\/p>\n<p>Melting point<br \/>\n140 \u00b0C<\/p>\n<p>Ponto de ebuli\u00e7\u00e3o<br \/>\n326.8\u00b132.0 \u00b0C(Predicted)<\/p>\n<p>densidade<br \/>\n1.133\u00b10.06 g\/cm3(Predicted)<\/p>\n<p>\u00edndice de refra\u00e7\u00e3o<br \/>\n14 \u00b0 (C=1, H2O)<\/p>\n<p>\u00a0<br \/>\nL-Glutamic acid \u03b1-tert\u00b7butyl ester application:<br \/>\nIt is an organic synthesis intermediate and pharmaceutical intermediate, which can be used in laboratory research and development and chemical pharmaceutical synthesis processes.<br \/>\nL-Glutamic acid \u03b1-tert\u00b7butyl ester Packaging and Shipping\u00a0<br \/>\ncustomized according to customer needs.<br \/>\nL-Glutamic acid \u03b1-tert\u00b7butyl ester\u00a0Storage<br \/>\nIt should be stored in a clean, dry and cool place, preventing from sunlight, rain.<\/p>","protected":false},"excerpt":{"rendered":"<p>Chemical Name: L-Glutamic acid \u03b1-tert\u00b7butyl ester<br \/>\nCAS No.: 45120-30-7<br \/>\nMolecular Fomula: C9H17NO4<br \/>\nMolecular weight:\u00a0203.24<br \/>\nAspeto: P\u00f3 branco<\/p>","protected":false},"featured_media":4913,"comment_status":"open","ping_status":"closed","template":"","meta":[],"product_brand":[],"product_cat":[17],"product_tag":[],"class_list":{"0":"post-4914","1":"product","2":"type-product","3":"status-publish","4":"has-post-thumbnail","6":"product_cat-uncategorized","8":"first","9":"instock","10":"shipping-taxable","11":"product-type-simple"},"_links":{"self":[{"href":"https:\/\/chemneo.com\/pt\/wp-json\/wp\/v2\/product\/4914","targetHints":{"allow":["GET"]}}],"collection":[{"href":"https:\/\/chemneo.com\/pt\/wp-json\/wp\/v2\/product"}],"about":[{"href":"https:\/\/chemneo.com\/pt\/wp-json\/wp\/v2\/types\/product"}],"replies":[{"embeddable":true,"href":"https:\/\/chemneo.com\/pt\/wp-json\/wp\/v2\/comments?post=4914"}],"wp:featuredmedia":[{"embeddable":true,"href":"https:\/\/chemneo.com\/pt\/wp-json\/wp\/v2\/media\/4913"}],"wp:attachment":[{"href":"https:\/\/chemneo.com\/pt\/wp-json\/wp\/v2\/media?parent=4914"}],"wp:term":[{"taxonomy":"product_brand","embeddable":true,"href":"https:\/\/chemneo.com\/pt\/wp-json\/wp\/v2\/product_brand?post=4914"},{"taxonomy":"product_cat","embeddable":true,"href":"https:\/\/chemneo.com\/pt\/wp-json\/wp\/v2\/product_cat?post=4914"},{"taxonomy":"product_tag","embeddable":true,"href":"https:\/\/chemneo.com\/pt\/wp-json\/wp\/v2\/product_tag?post=4914"}],"curies":[{"name":"wp","href":"https:\/\/api.w.org\/{rel}","templated":true}]}}