{"id":4943,"date":"2024-11-13T11:06:30","date_gmt":"2024-11-13T03:06:30","guid":{"rendered":"https:\/\/chemneo.com\/product\/4943.html"},"modified":"2024-11-13T11:06:31","modified_gmt":"2024-11-13T03:06:31","slug":"15-hydroxypentadecanoic-acid-cas-4617-33-8","status":"publish","type":"product","link":"https:\/\/chemneo.com\/pt\/product\/4943.html","title":{"rendered":"\u00c1cido 15-hidroxipentadecan\u00f3ico CAS 4617-33-8"},"content":{"rendered":"<p>Descri\u00e7\u00e3o<\/p>\n<p>\t15-HYDROXYPENTADECANOIC ACID\u00a0Quick Details<br \/>\nNome qu\u00edmico: \u00c1cido 15-hidroxipentadecan\u00f3ico<br \/>\nN.\u00ba CAS: 4617-33-8<br \/>\nF\u00f3rmula molecular: C15H30O3<br \/>\nChemical Structure:<\/p>\n<p>Peso molecular: 258,4<br \/>\nAspeto: S\u00f3lido branco a esbranqui\u00e7ado<br \/>\nEnsaio\uff1a\u226598.0%<br \/>\n15-HYDROXYPENTADECANOIC ACID Typical Properties<\/p>\n<p>ITEMS<br \/>\nSPECIFICATION<\/p>\n<p>Apar\u00eancia<br \/>\nWhite to off-white solid<\/p>\n<p>Pureza<br \/>\n\u226598.0%<\/p>\n<p>Melt point<br \/>\n85-89\u00a0\u00b0C(<\/p>\n<p>Boiling\u00a0Point<br \/>\n174-220 \u00b0C<\/p>\n<p>15-HYDROXYPENTADECANOIC ACID application:<br \/>\nIt is an \u03c9-hydroxy fatty acid and is used as a drug intermediate and synthetic precursor. It also has many uses in polymer materials and other aspects.<br \/>\n15-HYDROXYPENTADECANOIC ACID Packaging and Shipping\u00a0<br \/>\ncustomized according to customer needs.<br \/>\n15-HYDROXYPENTADECANOIC ACID\u00a0Storage<br \/>\nIt should be stored in a clean, dry and cool place, preventing from sunlight, rain.<\/p>","protected":false},"excerpt":{"rendered":"<p>Nome qu\u00edmico: \u00c1cido 15-hidroxipentadecan\u00f3ico<br \/>\nN.\u00ba CAS: 4617-33-8<br \/>\nF\u00f3rmula molecular: C15H30O3<br \/>\nPeso molecular: 258,4<br \/>\nAspeto: S\u00f3lido branco a esbranqui\u00e7ado<br \/>\nEnsaio\uff1a\u226598.0%<\/p>","protected":false},"featured_media":4942,"comment_status":"open","ping_status":"closed","template":"","meta":[],"product_brand":[],"product_cat":[17],"product_tag":[],"class_list":{"0":"post-4943","1":"product","2":"type-product","3":"status-publish","4":"has-post-thumbnail","6":"product_cat-uncategorized","8":"first","9":"instock","10":"shipping-taxable","11":"product-type-simple"},"_links":{"self":[{"href":"https:\/\/chemneo.com\/pt\/wp-json\/wp\/v2\/product\/4943","targetHints":{"allow":["GET"]}}],"collection":[{"href":"https:\/\/chemneo.com\/pt\/wp-json\/wp\/v2\/product"}],"about":[{"href":"https:\/\/chemneo.com\/pt\/wp-json\/wp\/v2\/types\/product"}],"replies":[{"embeddable":true,"href":"https:\/\/chemneo.com\/pt\/wp-json\/wp\/v2\/comments?post=4943"}],"wp:featuredmedia":[{"embeddable":true,"href":"https:\/\/chemneo.com\/pt\/wp-json\/wp\/v2\/media\/4942"}],"wp:attachment":[{"href":"https:\/\/chemneo.com\/pt\/wp-json\/wp\/v2\/media?parent=4943"}],"wp:term":[{"taxonomy":"product_brand","embeddable":true,"href":"https:\/\/chemneo.com\/pt\/wp-json\/wp\/v2\/product_brand?post=4943"},{"taxonomy":"product_cat","embeddable":true,"href":"https:\/\/chemneo.com\/pt\/wp-json\/wp\/v2\/product_cat?post=4943"},{"taxonomy":"product_tag","embeddable":true,"href":"https:\/\/chemneo.com\/pt\/wp-json\/wp\/v2\/product_tag?post=4943"}],"curies":[{"name":"wp","href":"https:\/\/api.w.org\/{rel}","templated":true}]}}