{"id":4953,"date":"2024-11-13T11:06:40","date_gmt":"2024-11-13T03:06:40","guid":{"rendered":"https:\/\/chemneo.com\/product\/4953.html"},"modified":"2024-11-13T11:06:41","modified_gmt":"2024-11-13T03:06:41","slug":"dodecylbenzyltrimethylammonium-chloride-cas-1330-85-4","status":"publish","type":"product","link":"https:\/\/chemneo.com\/pt\/product\/4953.html","title":{"rendered":"CLORETO DE (DODECILBENZIL)TRIMETILAM\u00d3NIO CAS 1330-85-4"},"content":{"rendered":"<p>Descri\u00e7\u00e3o<\/p>\n<p>\t(DODECYLBENZYL)TRIMETHYLAMMONIUM CHLORIDE<br \/>\nNome qu\u00edmico: CLORETO DE (DODECILBENZIL)TRIMETILAM\u00d3NIO<br \/>\nN.\u00ba CAS: 1330-85-4<br \/>\nF\u00f3rmula molecular: C22H40ClN<br \/>\nChemical Structure:<\/p>\n<p>Peso molecular: 354,01<br \/>\nAspeto: Coloide transparente incolor ou amarelo-p\u00e1lido<br \/>\n(DODECYLBENZYL)TRIMETHYLAMMONIUM CHLORIDE\u00a0Typical Properties<\/p>\n<p>ITEMS<br \/>\nSPECIFICATION<\/p>\n<p>Apar\u00eancia<br \/>\nColorless or pale yellow transparent colloid<\/p>\n<p>Ensaio<br \/>\n\u226599%<\/p>\n<p>PH<br \/>\n5-9<\/p>\n<p>Free amine\uff0c%<br \/>\n\u22640,5%<\/p>\n<p>\u00a0<br \/>\n(DODECYLBENZYL)TRIMETHYLAMMONIUM CHLORIDE\u00a0application:<br \/>\nUsed as a cationic surfactant, it can also be applied to catalysts, emulsifiers, disinfectants, fungicides, anti-static agents, etc.<br \/>\n(DODECYLBENZYL)TRIMETHYLAMMONIUM CHLORIDE\u00a0\u00a0Packaging and Shipping<br \/>\n25kg drum<br \/>\n(DODECYLBENZYL)TRIMETHYLAMMONIUM CHLORIDE\u00a0Storage<br \/>\nStore in a dry, cool place, away from direct sunlight.<\/p>","protected":false},"excerpt":{"rendered":"<p>Nome qu\u00edmico: CLORETO DE (DODECILBENZIL)TRIMETILAM\u00d3NIO<br \/>\nN.\u00ba CAS: 1330-85-4<br \/>\nF\u00f3rmula molecular: C22H40ClN<br \/>\nPeso molecular: 354,01<br \/>\nAspeto: Coloide transparente incolor ou amarelo-p\u00e1lido<\/p>","protected":false},"featured_media":4952,"comment_status":"open","ping_status":"closed","template":"","meta":[],"product_brand":[],"product_cat":[17],"product_tag":[],"class_list":{"0":"post-4953","1":"product","2":"type-product","3":"status-publish","4":"has-post-thumbnail","6":"product_cat-uncategorized","8":"first","9":"instock","10":"shipping-taxable","11":"product-type-simple"},"_links":{"self":[{"href":"https:\/\/chemneo.com\/pt\/wp-json\/wp\/v2\/product\/4953","targetHints":{"allow":["GET"]}}],"collection":[{"href":"https:\/\/chemneo.com\/pt\/wp-json\/wp\/v2\/product"}],"about":[{"href":"https:\/\/chemneo.com\/pt\/wp-json\/wp\/v2\/types\/product"}],"replies":[{"embeddable":true,"href":"https:\/\/chemneo.com\/pt\/wp-json\/wp\/v2\/comments?post=4953"}],"wp:featuredmedia":[{"embeddable":true,"href":"https:\/\/chemneo.com\/pt\/wp-json\/wp\/v2\/media\/4952"}],"wp:attachment":[{"href":"https:\/\/chemneo.com\/pt\/wp-json\/wp\/v2\/media?parent=4953"}],"wp:term":[{"taxonomy":"product_brand","embeddable":true,"href":"https:\/\/chemneo.com\/pt\/wp-json\/wp\/v2\/product_brand?post=4953"},{"taxonomy":"product_cat","embeddable":true,"href":"https:\/\/chemneo.com\/pt\/wp-json\/wp\/v2\/product_cat?post=4953"},{"taxonomy":"product_tag","embeddable":true,"href":"https:\/\/chemneo.com\/pt\/wp-json\/wp\/v2\/product_tag?post=4953"}],"curies":[{"name":"wp","href":"https:\/\/api.w.org\/{rel}","templated":true}]}}