{"id":4971,"date":"2024-11-13T11:06:56","date_gmt":"2024-11-13T03:06:56","guid":{"rendered":"https:\/\/chemneo.com\/product\/4971.html"},"modified":"2024-11-13T11:06:57","modified_gmt":"2024-11-13T03:06:57","slug":"2-methyl-3-biphenylmethanol-cas-76350-90-8","status":"publish","type":"product","link":"https:\/\/chemneo.com\/pt\/product\/4971.html","title":{"rendered":"2-Metil-3-Bifenilmetanol Cas 76350-90-8"},"content":{"rendered":"<p>Descri\u00e7\u00e3o<\/p>\n<p>\t2-Methyl-3-biphenylmethanol\u00a0Quick Details<br \/>\nDenomina\u00e7\u00e3o qu\u00edmica: 2-Metil-3-bifenilmetanol<br \/>\nOther Name: 2-Methyl-3-biphenylm; 2-methylbiphenyl-3-methanol; 2-Methyl-3-hydroxymethyldiphenyl; 3-Hydroxymerhyl-2-methylbiphenyl; biphenylmethyanol<br \/>\nN.\u00ba CAS: 76350-90-8<br \/>\nF\u00f3rmula molecular: C14H14O<br \/>\nChemical Structure:<\/p>\n<p>Peso molecular: 198,26<br \/>\nAspeto: P\u00f3 branco<br \/>\nEnsaio\uff1a\u226599.0%<br \/>\n2-Methyl-3-biphenylmethanol Typical Properties<\/p>\n<p>ITEMS<br \/>\nSPECIFICATION<\/p>\n<p>Densidade<br \/>\n1.072\u00b10.06 g\/cm3(Predicted)<\/p>\n<p>Ponto de ebuli\u00e7\u00e3o<br \/>\n330.9\u00b111.0 \u00b0C(Predicted)<\/p>\n<p>Melt point<br \/>\n73-76\u00a0\u00b0C(lit.)<\/p>\n<p>Acidity coefficient (pKa)<br \/>\n14.28\u00b10.10(Predicted)<\/p>\n<p>2-Methyl-3-biphenylmethanol application:<br \/>\n3-Hydroxymethyl-2-methylbiphenyl is a product obtained by the reaction of 3-chloro-2-methylbiphenyl with magnesium metal to generate a Grignard reagent, which is then reacted with polyoxymethylene diacetate. It is an intermediate of the insecticide bifenthrin.<br \/>\n2-Methyl-3-biphenylmethanol Packaging and Shipping\u00a0<br \/>\ncustomized according to customer needs.<br \/>\n2-Methyl-3-biphenylmethanol\u00a0Storage<br \/>\nIt should be stored in a clean, dry and cool place, preventing from sunlight, rain.<\/p>","protected":false},"excerpt":{"rendered":"<p>Denomina\u00e7\u00e3o qu\u00edmica: 2-Metil-3-bifenilmetanol<br \/>\nN.\u00ba CAS: 76350-90-8<br \/>\nF\u00f3rmula molecular: C14H14O<br \/>\nPeso molecular: 198,26<br \/>\nAspeto: P\u00f3 branco<br \/>\nEnsaio\uff1a\u226599.0%<\/p>","protected":false},"featured_media":4970,"comment_status":"open","ping_status":"closed","template":"","meta":[],"product_brand":[],"product_cat":[17],"product_tag":[],"class_list":{"0":"post-4971","1":"product","2":"type-product","3":"status-publish","4":"has-post-thumbnail","6":"product_cat-uncategorized","8":"first","9":"instock","10":"shipping-taxable","11":"product-type-simple"},"_links":{"self":[{"href":"https:\/\/chemneo.com\/pt\/wp-json\/wp\/v2\/product\/4971","targetHints":{"allow":["GET"]}}],"collection":[{"href":"https:\/\/chemneo.com\/pt\/wp-json\/wp\/v2\/product"}],"about":[{"href":"https:\/\/chemneo.com\/pt\/wp-json\/wp\/v2\/types\/product"}],"replies":[{"embeddable":true,"href":"https:\/\/chemneo.com\/pt\/wp-json\/wp\/v2\/comments?post=4971"}],"wp:featuredmedia":[{"embeddable":true,"href":"https:\/\/chemneo.com\/pt\/wp-json\/wp\/v2\/media\/4970"}],"wp:attachment":[{"href":"https:\/\/chemneo.com\/pt\/wp-json\/wp\/v2\/media?parent=4971"}],"wp:term":[{"taxonomy":"product_brand","embeddable":true,"href":"https:\/\/chemneo.com\/pt\/wp-json\/wp\/v2\/product_brand?post=4971"},{"taxonomy":"product_cat","embeddable":true,"href":"https:\/\/chemneo.com\/pt\/wp-json\/wp\/v2\/product_cat?post=4971"},{"taxonomy":"product_tag","embeddable":true,"href":"https:\/\/chemneo.com\/pt\/wp-json\/wp\/v2\/product_tag?post=4971"}],"curies":[{"name":"wp","href":"https:\/\/api.w.org\/{rel}","templated":true}]}}