{"id":4996,"date":"2024-11-13T11:07:19","date_gmt":"2024-11-13T03:07:19","guid":{"rendered":"https:\/\/chemneo.com\/product\/4996.html"},"modified":"2024-11-13T11:07:20","modified_gmt":"2024-11-13T03:07:20","slug":"disodium-hydrogen-citrate-sesquihydrate-cas-6132-05-4","status":"publish","type":"product","link":"https:\/\/chemneo.com\/pt\/product\/4996.html","title":{"rendered":"Citrato de hidrog\u00e9nio diss\u00f3dico sesqui-hidratado CAS 6132-05-4"},"content":{"rendered":"<p>Descri\u00e7\u00e3o<\/p>\n<p>\tDisodium Hydrogen Citrate Sesquihydrate Quick Details<br \/>\nChemical Name: Disodium Hydrogen Citrate Sesquihydrate<br \/>\nCas No.: 6132-05-4<br \/>\nMolecular Fomula:\u00a0C6H11Nao8<br \/>\nChemical Structure:<br \/>\nMolecular Weight:\u00a0234.14<br \/>\nAspeto: P\u00f3 branco<br \/>\nAssay\uff1a99%<br \/>\nTypical\u00a0Properties<\/p>\n<p>Items<br \/>\nEspecifica\u00e7\u00e3o<\/p>\n<p>Ensaio<br \/>\n\u226599%<\/p>\n<p>Ph<br \/>\n4.6-5.2<\/p>\n<p>Densidade<br \/>\n1.8580 g\/Cm3<\/p>\n<p>Application:<br \/>\nIt Can Be Used In Food Processing As An Antioxidant And Can Also Enhance The Effects Of Other Antioxidants.<br \/>\nPackaging And Shipping\u00a0<br \/>\nCustomized According To Customer Needs.<br \/>\nArmazenamento<br \/>\nWarehouse Ventilation And Low Temperature Drying.<\/p>","protected":false},"excerpt":{"rendered":"<p>Chemical Name: Disodium Hydrogen Citrate Sesquihydrate<br \/>\nCas No.: 6132-05-4<br \/>\nAspeto: P\u00f3 branco<br \/>\nAssay\uff1a99%<\/p>","protected":false},"featured_media":4995,"comment_status":"open","ping_status":"closed","template":"","meta":[],"product_brand":[],"product_cat":[17],"product_tag":[],"class_list":{"0":"post-4996","1":"product","2":"type-product","3":"status-publish","4":"has-post-thumbnail","6":"product_cat-uncategorized","8":"first","9":"instock","10":"shipping-taxable","11":"product-type-simple"},"_links":{"self":[{"href":"https:\/\/chemneo.com\/pt\/wp-json\/wp\/v2\/product\/4996","targetHints":{"allow":["GET"]}}],"collection":[{"href":"https:\/\/chemneo.com\/pt\/wp-json\/wp\/v2\/product"}],"about":[{"href":"https:\/\/chemneo.com\/pt\/wp-json\/wp\/v2\/types\/product"}],"replies":[{"embeddable":true,"href":"https:\/\/chemneo.com\/pt\/wp-json\/wp\/v2\/comments?post=4996"}],"wp:featuredmedia":[{"embeddable":true,"href":"https:\/\/chemneo.com\/pt\/wp-json\/wp\/v2\/media\/4995"}],"wp:attachment":[{"href":"https:\/\/chemneo.com\/pt\/wp-json\/wp\/v2\/media?parent=4996"}],"wp:term":[{"taxonomy":"product_brand","embeddable":true,"href":"https:\/\/chemneo.com\/pt\/wp-json\/wp\/v2\/product_brand?post=4996"},{"taxonomy":"product_cat","embeddable":true,"href":"https:\/\/chemneo.com\/pt\/wp-json\/wp\/v2\/product_cat?post=4996"},{"taxonomy":"product_tag","embeddable":true,"href":"https:\/\/chemneo.com\/pt\/wp-json\/wp\/v2\/product_tag?post=4996"}],"curies":[{"name":"wp","href":"https:\/\/api.w.org\/{rel}","templated":true}]}}