{"id":5101,"date":"2024-11-13T11:08:56","date_gmt":"2024-11-13T03:08:56","guid":{"rendered":"https:\/\/chemneo.com\/product\/5101.html"},"modified":"2024-11-13T11:08:57","modified_gmt":"2024-11-13T03:08:57","slug":"d-glucaric-acid-cas-87-73-0","status":"publish","type":"product","link":"https:\/\/chemneo.com\/pt\/product\/5101.html","title":{"rendered":"\u00c1cido D-gluc\u00e1rico Cas 87-73-0"},"content":{"rendered":"<p>Descri\u00e7\u00e3o<\/p>\n<p>\tD-Glucaric acid Quick Details<br \/>\nNome qu\u00edmico: \u00c1cido D-Gluc\u00e1rico<br \/>\nOutros nomes: \u00c1cido D-Glucosac\u00e1rico; \u00e1cido sac\u00e1rico; \u00e1cido D-gluco-hex\u00e1rico<br \/>\nN.\u00ba CAS: 87-73-0<br \/>\nF\u00f3rmula molecular: C6H10O8<br \/>\nChemical Structure:<\/p>\n<p>Peso molecular: 210,14<br \/>\nAspeto: S\u00f3lido<br \/>\nEnsaio: 98%<br \/>\nD-Glucaric acid\u00a0Typical Properties<\/p>\n<p>ITEMS<br \/>\nSPECIFICATION<\/p>\n<p>Product name<br \/>\nD-Glucaric acid<\/p>\n<p>Apar\u00eancia<br \/>\nSolid<\/p>\n<p>D-Glucaric acid application<br \/>\nSynthesis of a variety of efficient and environmentally friendly emerging biomass energy raw materials<br \/>\nD-Glucaric acid\u00a0Packaging and Shipping\u00a0<br \/>\ncustomized according to customer needs.<br \/>\nD-Glucaric acid Storage<br \/>\nIt should be stored in a clean, dry and cool place, preventing from sunlight, rain.<\/p>","protected":false},"excerpt":{"rendered":"<p>Nome qu\u00edmico: \u00c1cido D-Gluc\u00e1rico<br \/>\nOutros nomes: \u00c1cido D-Glucosac\u00e1rico; \u00e1cido sac\u00e1rico; \u00e1cido D-gluco-hex\u00e1rico<br \/>\nN.\u00ba CAS: 87-73-0<br \/>\nF\u00f3rmula molecular: C6H10O8<br \/>\nPeso molecular: 210,14<br \/>\nAspeto: S\u00f3lido<br \/>\nEnsaio: 98%<\/p>","protected":false},"featured_media":5100,"comment_status":"open","ping_status":"closed","template":"","meta":[],"product_brand":[],"product_cat":[17],"product_tag":[],"class_list":{"0":"post-5101","1":"product","2":"type-product","3":"status-publish","4":"has-post-thumbnail","6":"product_cat-uncategorized","8":"first","9":"instock","10":"shipping-taxable","11":"product-type-simple"},"_links":{"self":[{"href":"https:\/\/chemneo.com\/pt\/wp-json\/wp\/v2\/product\/5101","targetHints":{"allow":["GET"]}}],"collection":[{"href":"https:\/\/chemneo.com\/pt\/wp-json\/wp\/v2\/product"}],"about":[{"href":"https:\/\/chemneo.com\/pt\/wp-json\/wp\/v2\/types\/product"}],"replies":[{"embeddable":true,"href":"https:\/\/chemneo.com\/pt\/wp-json\/wp\/v2\/comments?post=5101"}],"wp:featuredmedia":[{"embeddable":true,"href":"https:\/\/chemneo.com\/pt\/wp-json\/wp\/v2\/media\/5100"}],"wp:attachment":[{"href":"https:\/\/chemneo.com\/pt\/wp-json\/wp\/v2\/media?parent=5101"}],"wp:term":[{"taxonomy":"product_brand","embeddable":true,"href":"https:\/\/chemneo.com\/pt\/wp-json\/wp\/v2\/product_brand?post=5101"},{"taxonomy":"product_cat","embeddable":true,"href":"https:\/\/chemneo.com\/pt\/wp-json\/wp\/v2\/product_cat?post=5101"},{"taxonomy":"product_tag","embeddable":true,"href":"https:\/\/chemneo.com\/pt\/wp-json\/wp\/v2\/product_tag?post=5101"}],"curies":[{"name":"wp","href":"https:\/\/api.w.org\/{rel}","templated":true}]}}