{"id":5145,"date":"2024-11-13T11:09:36","date_gmt":"2024-11-13T03:09:36","guid":{"rendered":"https:\/\/chemneo.com\/product\/5145.html"},"modified":"2024-11-13T11:09:37","modified_gmt":"2024-11-13T03:09:37","slug":"polyethylene-glycol-monolaurate-cas-9004-81-3","status":"publish","type":"product","link":"https:\/\/chemneo.com\/pt\/product\/5145.html","title":{"rendered":"Monolaurato de polietilenoglicol CAS 9004-81-3"},"content":{"rendered":"<p>Descri\u00e7\u00e3o<\/p>\n<p>\tProduct Name: Polyethylene glycol monolaurate<br \/>\nCAS No: 9004-81-3<br \/>\nMolecular formula: C12H23O2.(C2H4O)n.H<br \/>\nMolecular\u00a0weight: 0<br \/>\nProperties:<br \/>\nDispersible in water, it forms turbid liquid with mineral and vegetable oils. It is used as defoamer in\u00a0\u00a0water-based coatings. It is used as viscosity reducer in vinyl plastic sols, viscosity control additive in hair dyes, and also as paper softening additive, emulsifier, coupling agent and solubilizer for metal processing lubricants and textile lubricants.<br \/>\nEspecifica\u00e7\u00e3o<\/p>\n<p>ITEMS<br \/>\nUnit<\/p>\n<p>Ponto de ebuli\u00e7\u00e3o<br \/>\n>260\u00a0\u00b0C\u00a0(lit.)<\/p>\n<p>Densidade<br \/>\n0.985 g\/mL\u00a0at 25\u00a0\u00b0C<\/p>\n<p>\u00cdndice de refra\u00e7\u00e3o<br \/>\nn20\/D\u00a01.346<\/p>\n<p>Ponto de inflama\u00e7\u00e3o<br \/>\n>110\u00b0C<\/p>\n<p>\u00a0<br \/>\nEmbalagem<br \/>\nAccording customer requirements<br \/>\nArmazenamento<br \/>\nStore in a cool, ventilated,\u00a0dry warehouse.<\/p>","protected":false},"excerpt":{"rendered":"<p>Product Name: Polyethylene glycol monolaurate<br \/>\nCAS No: 9004-81-3<br \/>\nMolecular formula: C12H23O2.(C2H4O)n.H<\/p>","protected":false},"featured_media":5144,"comment_status":"open","ping_status":"closed","template":"","meta":[],"product_brand":[],"product_cat":[17],"product_tag":[],"class_list":{"0":"post-5145","1":"product","2":"type-product","3":"status-publish","4":"has-post-thumbnail","6":"product_cat-uncategorized","8":"first","9":"instock","10":"shipping-taxable","11":"product-type-simple"},"_links":{"self":[{"href":"https:\/\/chemneo.com\/pt\/wp-json\/wp\/v2\/product\/5145","targetHints":{"allow":["GET"]}}],"collection":[{"href":"https:\/\/chemneo.com\/pt\/wp-json\/wp\/v2\/product"}],"about":[{"href":"https:\/\/chemneo.com\/pt\/wp-json\/wp\/v2\/types\/product"}],"replies":[{"embeddable":true,"href":"https:\/\/chemneo.com\/pt\/wp-json\/wp\/v2\/comments?post=5145"}],"wp:featuredmedia":[{"embeddable":true,"href":"https:\/\/chemneo.com\/pt\/wp-json\/wp\/v2\/media\/5144"}],"wp:attachment":[{"href":"https:\/\/chemneo.com\/pt\/wp-json\/wp\/v2\/media?parent=5145"}],"wp:term":[{"taxonomy":"product_brand","embeddable":true,"href":"https:\/\/chemneo.com\/pt\/wp-json\/wp\/v2\/product_brand?post=5145"},{"taxonomy":"product_cat","embeddable":true,"href":"https:\/\/chemneo.com\/pt\/wp-json\/wp\/v2\/product_cat?post=5145"},{"taxonomy":"product_tag","embeddable":true,"href":"https:\/\/chemneo.com\/pt\/wp-json\/wp\/v2\/product_tag?post=5145"}],"curies":[{"name":"wp","href":"https:\/\/api.w.org\/{rel}","templated":true}]}}