{"id":5153,"date":"2024-11-13T11:09:43","date_gmt":"2024-11-13T03:09:43","guid":{"rendered":"https:\/\/chemneo.com\/product\/5153.html"},"modified":"2024-11-13T11:09:44","modified_gmt":"2024-11-13T03:09:44","slug":"4-iodobenzoic-acid-cas-619-58-9","status":"publish","type":"product","link":"https:\/\/chemneo.com\/pt\/product\/5153.html","title":{"rendered":"\u00c1cido 4-iodobenzoico CAS 619-58-9"},"content":{"rendered":"<p>Descri\u00e7\u00e3o<\/p>\n<p>\t4-Iodobenzoic acid\u00a0Quick Details<br \/>\nNome qu\u00edmico: \u00c1cido 4-Iodobenz\u00f3ico<br \/>\nN.\u00ba CAS: 619-58-9<br \/>\nF\u00f3rmula molecular\uff1aC7H5IO2<br \/>\nChemical Structure:<br \/>\nPeso molecular: 248,02<br \/>\nAspeto: cristal branco<br \/>\nEnsaio: \u226599.0%<br \/>\n4-Iodobenzoic acid\u00a0Typical Properties<\/p>\n<p>Item<br \/>\nEspecifica\u00e7\u00e3o<\/p>\n<p>Apar\u00eancia<br \/>\nwhite crystal<\/p>\n<p>Assay (GC),%<br \/>\n\u226599.0<\/p>\n<p>Melting point<br \/>\n113-117\u2103<\/p>\n<p>\u00a0<br \/>\n4-Iodobenzoic acid\u00a0application:<br \/>\nUsed as an organic synthesis and pharmaceutical intermediate.<br \/>\n4-Iodobenzoic acid\u00a0\u00a0Packaging and\u00a0Shipping\u00a0<br \/>\n25kg\/drum or as customer require.<br \/>\n4-Iodobenzoic acid\u00a0Storage<br \/>\nIt should be stored in a clean, dry and cool place, preventing from sunlight, rain.<\/p>","protected":false},"excerpt":{"rendered":"<p>Nome qu\u00edmico: \u00c1cido 4-Iodobenz\u00f3ico<br \/>\nN.\u00ba CAS: 619-58-9<br \/>\nF\u00f3rmula molecular\uff1aC7H5IO2<br \/>\nPeso molecular: 248,02<br \/>\nAspeto: cristal branco<br \/>\nEnsaio: \u226599.0%<\/p>","protected":false},"featured_media":5152,"comment_status":"open","ping_status":"closed","template":"","meta":[],"product_brand":[],"product_cat":[17],"product_tag":[],"class_list":{"0":"post-5153","1":"product","2":"type-product","3":"status-publish","4":"has-post-thumbnail","6":"product_cat-uncategorized","8":"first","9":"instock","10":"shipping-taxable","11":"product-type-simple"},"_links":{"self":[{"href":"https:\/\/chemneo.com\/pt\/wp-json\/wp\/v2\/product\/5153","targetHints":{"allow":["GET"]}}],"collection":[{"href":"https:\/\/chemneo.com\/pt\/wp-json\/wp\/v2\/product"}],"about":[{"href":"https:\/\/chemneo.com\/pt\/wp-json\/wp\/v2\/types\/product"}],"replies":[{"embeddable":true,"href":"https:\/\/chemneo.com\/pt\/wp-json\/wp\/v2\/comments?post=5153"}],"wp:featuredmedia":[{"embeddable":true,"href":"https:\/\/chemneo.com\/pt\/wp-json\/wp\/v2\/media\/5152"}],"wp:attachment":[{"href":"https:\/\/chemneo.com\/pt\/wp-json\/wp\/v2\/media?parent=5153"}],"wp:term":[{"taxonomy":"product_brand","embeddable":true,"href":"https:\/\/chemneo.com\/pt\/wp-json\/wp\/v2\/product_brand?post=5153"},{"taxonomy":"product_cat","embeddable":true,"href":"https:\/\/chemneo.com\/pt\/wp-json\/wp\/v2\/product_cat?post=5153"},{"taxonomy":"product_tag","embeddable":true,"href":"https:\/\/chemneo.com\/pt\/wp-json\/wp\/v2\/product_tag?post=5153"}],"curies":[{"name":"wp","href":"https:\/\/api.w.org\/{rel}","templated":true}]}}