{"id":5159,"date":"2024-11-13T11:09:49","date_gmt":"2024-11-13T03:09:49","guid":{"rendered":"https:\/\/chemneo.com\/product\/5159.html"},"modified":"2024-11-13T11:09:51","modified_gmt":"2024-11-13T03:09:51","slug":"23-dimercaptopropanesulfonic-acid-sodium-salt-cas-4076-02-2","status":"publish","type":"product","link":"https:\/\/chemneo.com\/pt\/product\/5159.html","title":{"rendered":"Sal de s\u00f3dio do \u00e1cido 2,3-dimercaptopropanossulf\u00f3nico Cas 4076-02-2"},"content":{"rendered":"<p>Descri\u00e7\u00e3o<\/p>\n<p>\t2,3-Dimercaptopropanesulfonic acid sodium salt Quick Details<br \/>\nDenomina\u00e7\u00e3o qu\u00edmica: Sal de s\u00f3dio do \u00e1cido 2,3-dimercaptopropanossulf\u00f3nico<br \/>\nOther Name: Dimaval; Unithiol; Sodium 2,3-dimercaptopropane sulfonate; 2,3-Dimercaptopropane sulfonic acid sodium salt<br \/>\nN.\u00ba CAS: 4076-02-2<br \/>\nF\u00f3rmula molecular: C3H7NaO3S3<br \/>\nChemical Structure:<\/p>\n<p>Peso molecular: 210,27<br \/>\nAspeto: P\u00f3 branco<br \/>\nEnsaio\uff1a95%<br \/>\nTypical\u00a0Properties<\/p>\n<p>ITEMS<br \/>\nSPECIFICATION<\/p>\n<p>Ensaio<br \/>\n\u226595%<\/p>\n<p>Densidade<br \/>\n1.021 g\/mL<\/p>\n<p>Melting point<br \/>\n215 \u00b0C<\/p>\n<p>Application:<br \/>\nAs an excellent detoxification drug, it has been widely used in the treatment of acute and chronic poisoning of heavy metals such as mercury, arsenic, copper, lead and cadmium.<br \/>\nPackaging and Shipping\u00a0<br \/>\ncustomized according to customer needs.<br \/>\nArmazenamento<br \/>\nWarehouse ventilation and low temperature drying.<\/p>","protected":false},"excerpt":{"rendered":"<p>Denomina\u00e7\u00e3o qu\u00edmica: Sal de s\u00f3dio do \u00e1cido 2,3-dimercaptopropanossulf\u00f3nico<br \/>\nN.\u00ba CAS: 4076-02-2<br \/>\nF\u00f3rmula molecular: C3H7NaO3S3<br \/>\nPeso molecular: 210,27<br \/>\nAspeto: P\u00f3 branco<br \/>\nEnsaio\uff1a95%<\/p>","protected":false},"featured_media":5158,"comment_status":"open","ping_status":"closed","template":"","meta":[],"product_brand":[],"product_cat":[17],"product_tag":[],"class_list":{"0":"post-5159","1":"product","2":"type-product","3":"status-publish","4":"has-post-thumbnail","6":"product_cat-uncategorized","8":"first","9":"instock","10":"shipping-taxable","11":"product-type-simple"},"_links":{"self":[{"href":"https:\/\/chemneo.com\/pt\/wp-json\/wp\/v2\/product\/5159","targetHints":{"allow":["GET"]}}],"collection":[{"href":"https:\/\/chemneo.com\/pt\/wp-json\/wp\/v2\/product"}],"about":[{"href":"https:\/\/chemneo.com\/pt\/wp-json\/wp\/v2\/types\/product"}],"replies":[{"embeddable":true,"href":"https:\/\/chemneo.com\/pt\/wp-json\/wp\/v2\/comments?post=5159"}],"wp:featuredmedia":[{"embeddable":true,"href":"https:\/\/chemneo.com\/pt\/wp-json\/wp\/v2\/media\/5158"}],"wp:attachment":[{"href":"https:\/\/chemneo.com\/pt\/wp-json\/wp\/v2\/media?parent=5159"}],"wp:term":[{"taxonomy":"product_brand","embeddable":true,"href":"https:\/\/chemneo.com\/pt\/wp-json\/wp\/v2\/product_brand?post=5159"},{"taxonomy":"product_cat","embeddable":true,"href":"https:\/\/chemneo.com\/pt\/wp-json\/wp\/v2\/product_cat?post=5159"},{"taxonomy":"product_tag","embeddable":true,"href":"https:\/\/chemneo.com\/pt\/wp-json\/wp\/v2\/product_tag?post=5159"}],"curies":[{"name":"wp","href":"https:\/\/api.w.org\/{rel}","templated":true}]}}