{"id":5163,"date":"2024-11-13T11:09:53","date_gmt":"2024-11-13T03:09:53","guid":{"rendered":"https:\/\/chemneo.com\/product\/5163.html"},"modified":"2024-11-13T11:09:54","modified_gmt":"2024-11-13T03:09:54","slug":"tremella-fuciformis-polysaccharide-cas-778577-37-0","status":"publish","type":"product","link":"https:\/\/chemneo.com\/pt\/product\/5163.html","title":{"rendered":"Polissac\u00e1rido de Tremella Fuciformis CAS 778577-37-0"},"content":{"rendered":"<p>Descri\u00e7\u00e3o<\/p>\n<p>\tTremella Fuciformis Polysaccharide Quick Details<br \/>\nChemical Name: tremella fuciformis polysaccharide<br \/>\nOther Name: Tremella fuciformis extract; White Fungus Extract<br \/>\nCAS No.:778577-37-0<br \/>\nAspeto: P\u00f3 branco<br \/>\nTremella Fuciformis Polysaccharide Typical\u00a0Properties<\/p>\n<p>ITEMS<br \/>\nSPECIFICATION<\/p>\n<p>Densidade<br \/>\n\/<\/p>\n<p>Ponto de ebuli\u00e7\u00e3o<br \/>\n\/<\/p>\n<p>Melt point<br \/>\n\/<\/p>\n<p>Ponto de inflama\u00e7\u00e3o<br \/>\n\/<\/p>\n<p>Tremella Fuciformis Polysaccharide application:<br \/>\nIt has the effects of lowering blood sugar, lowering blood lipids, anti-aging, anti-ulcer, anti-thrombosis, anti-mutation, anti-tumor, and maintaining skin moisture.<br \/>\nTremella Fuciformis Polysaccharide Packaging and Shipping\u00a0<br \/>\nCustomized according to customer needs.<br \/>\nTremella Fuciformis Polysaccharide Storage<br \/>\nInert atmosphere,Room Temperature<\/p>","protected":false},"excerpt":{"rendered":"<p>Chemical Name: tremella fuciformis polysaccharide<br \/>\nOther Name: Tremella fuciformis extract; White Fungus Extract<br \/>\nCAS No.:778577-37-0<br \/>\nAspeto: P\u00f3 branco<\/p>","protected":false},"featured_media":5162,"comment_status":"open","ping_status":"closed","template":"","meta":[],"product_brand":[],"product_cat":[17],"product_tag":[],"class_list":{"0":"post-5163","1":"product","2":"type-product","3":"status-publish","4":"has-post-thumbnail","6":"product_cat-uncategorized","8":"first","9":"instock","10":"shipping-taxable","11":"product-type-simple"},"_links":{"self":[{"href":"https:\/\/chemneo.com\/pt\/wp-json\/wp\/v2\/product\/5163","targetHints":{"allow":["GET"]}}],"collection":[{"href":"https:\/\/chemneo.com\/pt\/wp-json\/wp\/v2\/product"}],"about":[{"href":"https:\/\/chemneo.com\/pt\/wp-json\/wp\/v2\/types\/product"}],"replies":[{"embeddable":true,"href":"https:\/\/chemneo.com\/pt\/wp-json\/wp\/v2\/comments?post=5163"}],"wp:featuredmedia":[{"embeddable":true,"href":"https:\/\/chemneo.com\/pt\/wp-json\/wp\/v2\/media\/5162"}],"wp:attachment":[{"href":"https:\/\/chemneo.com\/pt\/wp-json\/wp\/v2\/media?parent=5163"}],"wp:term":[{"taxonomy":"product_brand","embeddable":true,"href":"https:\/\/chemneo.com\/pt\/wp-json\/wp\/v2\/product_brand?post=5163"},{"taxonomy":"product_cat","embeddable":true,"href":"https:\/\/chemneo.com\/pt\/wp-json\/wp\/v2\/product_cat?post=5163"},{"taxonomy":"product_tag","embeddable":true,"href":"https:\/\/chemneo.com\/pt\/wp-json\/wp\/v2\/product_tag?post=5163"}],"curies":[{"name":"wp","href":"https:\/\/api.w.org\/{rel}","templated":true}]}}