{"id":5169,"date":"2024-11-13T11:09:58","date_gmt":"2024-11-13T03:09:58","guid":{"rendered":"https:\/\/chemneo.com\/product\/5169.html"},"modified":"2024-11-13T11:09:59","modified_gmt":"2024-11-13T03:09:59","slug":"ethylenebisoxyethylenenitrilotetraacetic-acid-egta-cas-67-42-5","status":"publish","type":"product","link":"https:\/\/chemneo.com\/pt\/product\/5169.html","title":{"rendered":"\u00c1cido etilenobis(oxietilenitrilo)tetraac\u00e9tico (EGTA) Cas 67-42-5"},"content":{"rendered":"<p>Descri\u00e7\u00e3o<\/p>\n<p>\tEthylenebis(oxyethylenenitrilo)tetraacetic acid Quick Details<br \/>\nChemical Name:\u00a0Ethylenebis(oxyethylenenitrilo)tetraacetic acid<br \/>\nSynonyms: EGTA; Egtazic acid; 1,2-Di(2-aminoethoxy)ethane-N,N,N,N-tetraacetic acid<br \/>\nCAS No.:\u00a067-42-5<br \/>\nMolecular Fomula:\u00a0C14H24N2O10<br \/>\nChemical Structure:<br \/>\nMolecular weight: 380.35<br \/>\nAppearance:\u00a0White\u00a0crystalline powder<br \/>\nEnsaio: \u226599%<br \/>\nEthylenebis(oxyethylenenitrilo)tetraacetic acid Typical Properties<\/p>\n<p>ITEMS<br \/>\nSPECIFICATION<\/p>\n<p>Apar\u00eancia<br \/>\nWhite\u00a0crystalline powder<\/p>\n<p>Ensaio<br \/>\n\u226599%<\/p>\n<p>Moisture<br \/>\n\u22640.2%<\/p>\n<p>\u00a0<br \/>\nEthylenebis(oxyethylenenitrilo)tetraacetic acid application:<br \/>\nUsed for a calcium chelating agent<br \/>\nEthylenebis(oxyethylenenitrilo)tetraacetic acid Packaging and Shipping\u00a0<br \/>\n25KG Drum\/Customized according to customer needs<br \/>\nEthylenebis(oxyethylenenitrilo)tetraacetic acid Storage<br \/>\nKeep closed and store in a dry and ventilated place.<\/p>","protected":false},"excerpt":{"rendered":"<p>Chemical Name:\u00a0Ethylenebis(oxyethylenenitrilo)tetraacetic acid<br \/>\nSynonyms: EGTA; Egtazic acid; 1,2-Di(2-aminoethoxy)ethane-N,N,N,N-tetraacetic acid<br \/>\nCAS No.:\u00a067-42-5<br \/>\nMolecular Fomula:\u00a0C14H24N2O10<br \/>\nMolecular weight: 380.35<br \/>\nAppearance:\u00a0White\u00a0crystalline powder<br \/>\nEnsaio: \u226599%<\/p>","protected":false},"featured_media":5168,"comment_status":"open","ping_status":"closed","template":"","meta":[],"product_brand":[],"product_cat":[17],"product_tag":[],"class_list":{"0":"post-5169","1":"product","2":"type-product","3":"status-publish","4":"has-post-thumbnail","6":"product_cat-uncategorized","8":"first","9":"instock","10":"shipping-taxable","11":"product-type-simple"},"_links":{"self":[{"href":"https:\/\/chemneo.com\/pt\/wp-json\/wp\/v2\/product\/5169","targetHints":{"allow":["GET"]}}],"collection":[{"href":"https:\/\/chemneo.com\/pt\/wp-json\/wp\/v2\/product"}],"about":[{"href":"https:\/\/chemneo.com\/pt\/wp-json\/wp\/v2\/types\/product"}],"replies":[{"embeddable":true,"href":"https:\/\/chemneo.com\/pt\/wp-json\/wp\/v2\/comments?post=5169"}],"wp:featuredmedia":[{"embeddable":true,"href":"https:\/\/chemneo.com\/pt\/wp-json\/wp\/v2\/media\/5168"}],"wp:attachment":[{"href":"https:\/\/chemneo.com\/pt\/wp-json\/wp\/v2\/media?parent=5169"}],"wp:term":[{"taxonomy":"product_brand","embeddable":true,"href":"https:\/\/chemneo.com\/pt\/wp-json\/wp\/v2\/product_brand?post=5169"},{"taxonomy":"product_cat","embeddable":true,"href":"https:\/\/chemneo.com\/pt\/wp-json\/wp\/v2\/product_cat?post=5169"},{"taxonomy":"product_tag","embeddable":true,"href":"https:\/\/chemneo.com\/pt\/wp-json\/wp\/v2\/product_tag?post=5169"}],"curies":[{"name":"wp","href":"https:\/\/api.w.org\/{rel}","templated":true}]}}