{"id":5173,"date":"2024-11-13T11:10:02","date_gmt":"2024-11-13T03:10:02","guid":{"rendered":"https:\/\/chemneo.com\/product\/5173.html"},"modified":"2024-11-13T11:10:03","modified_gmt":"2024-11-13T03:10:03","slug":"perillaldehyde-cas-2111-75-3","status":"publish","type":"product","link":"https:\/\/chemneo.com\/pt\/product\/5173.html","title":{"rendered":"(-)-PERILALDE\u00cdDO CAS 2111-75-3"},"content":{"rendered":"<p>Descri\u00e7\u00e3o<\/p>\n<p>\t(-)-PERILLALDEHYDE\u00a0Quick Details<br \/>\nChemical Name: (-)-PERILLALDEHYDE<br \/>\nMF: C10H14O<br \/>\nMW: 150.22<br \/>\nCAS: 2111-75-3<br \/>\nChemical Structure:<br \/>\nAspeto: l\u00edquido incolor<br \/>\n(-)-PERILLALDEHYDE Typical Properties<\/p>\n<p>Name<br \/>\n(-)-PERILLALDEHYDE<\/p>\n<p>Synonyms<br \/>\nL(-)-Perillaldehyde<\/p>\n<p>Apar\u00eancia<br \/>\ncolorless liquid<\/p>\n<p>Ensaio<br \/>\n60%\u00a0 75% 90%<\/p>\n<p>Densidade<br \/>\n0.967<\/p>\n<p>B.P.<br \/>\n104-105 \u00b0C10 mm Hg(lit.)<\/p>\n<p>Refractive index<br \/>\n1.509<\/p>\n<p>(-)-PERILLALDEHYDE application:<br \/>\nIt is mainly used to prepare spices, peanuts and other essence.<br \/>\n(-)-PERILLALDEHYDE Packaging and Shipping\u00a0<br \/>\n25kg\/drum<br \/>\n(-)-PERILLALDEHYDE\u00a0Storage<br \/>\nIt should be stored in a clean, dry and cool place, preventing from sunlight, rain.<\/p>","protected":false},"excerpt":{"rendered":"<p>Chemical Name: (-)-PERILLALDEHYDE<br \/>\nMF: C10H14O<br \/>\nMW: 150.22<br \/>\nCAS: 2111-75-3<br \/>\nAspeto: l\u00edquido incolor<\/p>","protected":false},"featured_media":5172,"comment_status":"open","ping_status":"closed","template":"","meta":[],"product_brand":[],"product_cat":[17],"product_tag":[],"class_list":{"0":"post-5173","1":"product","2":"type-product","3":"status-publish","4":"has-post-thumbnail","6":"product_cat-uncategorized","8":"first","9":"instock","10":"shipping-taxable","11":"product-type-simple"},"_links":{"self":[{"href":"https:\/\/chemneo.com\/pt\/wp-json\/wp\/v2\/product\/5173","targetHints":{"allow":["GET"]}}],"collection":[{"href":"https:\/\/chemneo.com\/pt\/wp-json\/wp\/v2\/product"}],"about":[{"href":"https:\/\/chemneo.com\/pt\/wp-json\/wp\/v2\/types\/product"}],"replies":[{"embeddable":true,"href":"https:\/\/chemneo.com\/pt\/wp-json\/wp\/v2\/comments?post=5173"}],"wp:featuredmedia":[{"embeddable":true,"href":"https:\/\/chemneo.com\/pt\/wp-json\/wp\/v2\/media\/5172"}],"wp:attachment":[{"href":"https:\/\/chemneo.com\/pt\/wp-json\/wp\/v2\/media?parent=5173"}],"wp:term":[{"taxonomy":"product_brand","embeddable":true,"href":"https:\/\/chemneo.com\/pt\/wp-json\/wp\/v2\/product_brand?post=5173"},{"taxonomy":"product_cat","embeddable":true,"href":"https:\/\/chemneo.com\/pt\/wp-json\/wp\/v2\/product_cat?post=5173"},{"taxonomy":"product_tag","embeddable":true,"href":"https:\/\/chemneo.com\/pt\/wp-json\/wp\/v2\/product_tag?post=5173"}],"curies":[{"name":"wp","href":"https:\/\/api.w.org\/{rel}","templated":true}]}}