{"id":5196,"date":"2024-11-13T11:10:22","date_gmt":"2024-11-13T03:10:22","guid":{"rendered":"https:\/\/chemneo.com\/product\/5196.html"},"modified":"2024-11-13T11:10:23","modified_gmt":"2024-11-13T03:10:23","slug":"armoise-oil-cas-8008-93-3","status":"publish","type":"product","link":"https:\/\/chemneo.com\/pt\/product\/5196.html","title":{"rendered":"\u00d3leo de Armoise CAS 8008-93-3"},"content":{"rendered":"<p>Descri\u00e7\u00e3o<\/p>\n<p>\tArmoise oil Quick Details<br \/>\nChemical Name: Armoise oil<br \/>\nCAS No.: 8008-93-3<br \/>\nMolecular Fomula: None<br \/>\nChemical Structure:None<br \/>\nMolecular weight:\u00a0None<br \/>\nAspeto: L\u00edquido incolor a amarelo claro<br \/>\nArmoise oil Properties<\/p>\n<p>ITEMS<br \/>\nSPECIFICATION<\/p>\n<p>Pureza<br \/>\n97%min<\/p>\n<p>\u00a0<br \/>\nArmoise oil\u00a0application:<br \/>\nUsed as printing equipment<br \/>\nPackaging and Shipping\u00a0<br \/>\n25kg\/drum, 200kg\/drum or customized according to customer needs.<br \/>\nArmoise oil\u00a0Storage<br \/>\nIt should be stored in a clean, dry and cool place, preventing from sunlight, rain.<\/p>","protected":false},"excerpt":{"rendered":"<p>Chemical Name: Armoise oil<br \/>\nSynonyms: Wormwood Oil<br \/>\nCAS No.: 8008-93-3<br \/>\nAspeto: L\u00edquido incolor a amarelo claro<\/p>","protected":false},"featured_media":5195,"comment_status":"open","ping_status":"closed","template":"","meta":[],"product_brand":[],"product_cat":[17],"product_tag":[],"class_list":{"0":"post-5196","1":"product","2":"type-product","3":"status-publish","4":"has-post-thumbnail","6":"product_cat-uncategorized","8":"first","9":"instock","10":"shipping-taxable","11":"product-type-simple"},"_links":{"self":[{"href":"https:\/\/chemneo.com\/pt\/wp-json\/wp\/v2\/product\/5196","targetHints":{"allow":["GET"]}}],"collection":[{"href":"https:\/\/chemneo.com\/pt\/wp-json\/wp\/v2\/product"}],"about":[{"href":"https:\/\/chemneo.com\/pt\/wp-json\/wp\/v2\/types\/product"}],"replies":[{"embeddable":true,"href":"https:\/\/chemneo.com\/pt\/wp-json\/wp\/v2\/comments?post=5196"}],"wp:featuredmedia":[{"embeddable":true,"href":"https:\/\/chemneo.com\/pt\/wp-json\/wp\/v2\/media\/5195"}],"wp:attachment":[{"href":"https:\/\/chemneo.com\/pt\/wp-json\/wp\/v2\/media?parent=5196"}],"wp:term":[{"taxonomy":"product_brand","embeddable":true,"href":"https:\/\/chemneo.com\/pt\/wp-json\/wp\/v2\/product_brand?post=5196"},{"taxonomy":"product_cat","embeddable":true,"href":"https:\/\/chemneo.com\/pt\/wp-json\/wp\/v2\/product_cat?post=5196"},{"taxonomy":"product_tag","embeddable":true,"href":"https:\/\/chemneo.com\/pt\/wp-json\/wp\/v2\/product_tag?post=5196"}],"curies":[{"name":"wp","href":"https:\/\/api.w.org\/{rel}","templated":true}]}}