{"id":5200,"date":"2024-11-13T11:10:26","date_gmt":"2024-11-13T03:10:26","guid":{"rendered":"https:\/\/chemneo.com\/product\/5200.html"},"modified":"2024-11-13T11:10:27","modified_gmt":"2024-11-13T03:10:27","slug":"juniperberry-oil-cas-8002-68-4","status":"publish","type":"product","link":"https:\/\/chemneo.com\/pt\/product\/5200.html","title":{"rendered":"\u00d3leo de zimbro Cas 8002-68-4"},"content":{"rendered":"<p>Descri\u00e7\u00e3o<\/p>\n<p>\tJuniperberry Oil\u00a0Quick Details<br \/>\nChemical Name: Juniperberry Oil<br \/>\nCAS No.: 8002-68-4<br \/>\nMolecular Fomula: \/<br \/>\nMolecular weight: \/<br \/>\nAspeto: L\u00edquido<br \/>\nEnsaio\uff1a\u226599.0%<br \/>\nJuniperberry Oil Typical Properties<\/p>\n<p>ITEMS<br \/>\nSPECIFICATION<\/p>\n<p>Densidade<br \/>\n0.86\u00a0g\/mL\u00a0at 25\u00a0\u00b0C(lit.)<\/p>\n<p>Ponto de ebuli\u00e7\u00e3o<br \/>\n131-172\u00a0\u00b0C(lit.)<\/p>\n<p>Specific rotation<br \/>\nD25 0 to -15\u00b0<\/p>\n<p>Ponto de inflama\u00e7\u00e3o<br \/>\n110\u00a0\u00b0F<\/p>\n<p>Juniperberry Oil application:<br \/>\nIt can be used in the research of cosmetic raw materials and reagents.<br \/>\nJuniperberry Oil Packaging and Shipping\u00a0<br \/>\ncustomized according to customer needs.<br \/>\nJuniperberry Oil\u00a0Storage<br \/>\nIt should be stored in a clean, dry and cool place, preventing from sunlight, rain.<\/p>","protected":false},"excerpt":{"rendered":"<p>Chemical Name: Juniperberry Oil<br \/>\nCAS No.: 8002-68-4<\/p>","protected":false},"featured_media":5199,"comment_status":"open","ping_status":"closed","template":"","meta":[],"product_brand":[],"product_cat":[17],"product_tag":[],"class_list":{"0":"post-5200","1":"product","2":"type-product","3":"status-publish","4":"has-post-thumbnail","6":"product_cat-uncategorized","8":"first","9":"instock","10":"shipping-taxable","11":"product-type-simple"},"_links":{"self":[{"href":"https:\/\/chemneo.com\/pt\/wp-json\/wp\/v2\/product\/5200","targetHints":{"allow":["GET"]}}],"collection":[{"href":"https:\/\/chemneo.com\/pt\/wp-json\/wp\/v2\/product"}],"about":[{"href":"https:\/\/chemneo.com\/pt\/wp-json\/wp\/v2\/types\/product"}],"replies":[{"embeddable":true,"href":"https:\/\/chemneo.com\/pt\/wp-json\/wp\/v2\/comments?post=5200"}],"wp:featuredmedia":[{"embeddable":true,"href":"https:\/\/chemneo.com\/pt\/wp-json\/wp\/v2\/media\/5199"}],"wp:attachment":[{"href":"https:\/\/chemneo.com\/pt\/wp-json\/wp\/v2\/media?parent=5200"}],"wp:term":[{"taxonomy":"product_brand","embeddable":true,"href":"https:\/\/chemneo.com\/pt\/wp-json\/wp\/v2\/product_brand?post=5200"},{"taxonomy":"product_cat","embeddable":true,"href":"https:\/\/chemneo.com\/pt\/wp-json\/wp\/v2\/product_cat?post=5200"},{"taxonomy":"product_tag","embeddable":true,"href":"https:\/\/chemneo.com\/pt\/wp-json\/wp\/v2\/product_tag?post=5200"}],"curies":[{"name":"wp","href":"https:\/\/api.w.org\/{rel}","templated":true}]}}