{"id":5206,"date":"2024-11-13T11:10:31","date_gmt":"2024-11-13T03:10:31","guid":{"rendered":"https:\/\/chemneo.com\/product\/5206.html"},"modified":"2024-11-13T11:10:33","modified_gmt":"2024-11-13T03:10:33","slug":"cade-oil-cas-8013-10-3","status":"publish","type":"product","link":"https:\/\/chemneo.com\/pt\/product\/5206.html","title":{"rendered":"\u00d3leo de Cade CAS 8013-10-3"},"content":{"rendered":"<p>Descri\u00e7\u00e3o<\/p>\n<p>\tCade oil Quick Details<br \/>\nChemical Name: Cade oil<br \/>\nCAS No.: 8013-10-3<br \/>\nMolecular Fomula: \/<br \/>\nChemical Structure:\u00a0\/<br \/>\nMolecular weight:\u00a0\/<br \/>\nAppearance:\u00a0Dark Yellow\u00a0liquid<br \/>\nEnsaio: \u226599.0%<br \/>\nCade oil\u00a0Typical Properties<\/p>\n<p>ITEMS<br \/>\nSPECIFICATION<\/p>\n<p>Armazenamento<br \/>\nSealed in dry,Room Temperature<\/p>\n<p>Utiliza\u00e7\u00e3o<br \/>\nPersonal Health Care<\/p>\n<p>Function<br \/>\nSkin Care<\/p>\n<p>Pureza<br \/>\n99%min<\/p>\n<p>Cade oil\u00a0application:<br \/>\nCaid oil is mainly\u00a0used in Home Use+office+travel<br \/>\nCade oil\u00a0Packaging and Shipping\u00a0<br \/>\ncustomized according to customer needs.<br \/>\nCade oil\u00a0Storage<br \/>\nIt should be stored in a clean, dry and cool place, preventing from sunlight, rain.<\/p>","protected":false},"excerpt":{"rendered":"<p>Chemical Name: Cade oil<br \/>\nCAS No.: 8013-10-3<br \/>\nAppearance:\u00a0Dark Yellow\u00a0liquid<\/p>","protected":false},"featured_media":5205,"comment_status":"open","ping_status":"closed","template":"","meta":[],"product_brand":[],"product_cat":[17],"product_tag":[],"class_list":{"0":"post-5206","1":"product","2":"type-product","3":"status-publish","4":"has-post-thumbnail","6":"product_cat-uncategorized","8":"first","9":"instock","10":"shipping-taxable","11":"product-type-simple"},"_links":{"self":[{"href":"https:\/\/chemneo.com\/pt\/wp-json\/wp\/v2\/product\/5206","targetHints":{"allow":["GET"]}}],"collection":[{"href":"https:\/\/chemneo.com\/pt\/wp-json\/wp\/v2\/product"}],"about":[{"href":"https:\/\/chemneo.com\/pt\/wp-json\/wp\/v2\/types\/product"}],"replies":[{"embeddable":true,"href":"https:\/\/chemneo.com\/pt\/wp-json\/wp\/v2\/comments?post=5206"}],"wp:featuredmedia":[{"embeddable":true,"href":"https:\/\/chemneo.com\/pt\/wp-json\/wp\/v2\/media\/5205"}],"wp:attachment":[{"href":"https:\/\/chemneo.com\/pt\/wp-json\/wp\/v2\/media?parent=5206"}],"wp:term":[{"taxonomy":"product_brand","embeddable":true,"href":"https:\/\/chemneo.com\/pt\/wp-json\/wp\/v2\/product_brand?post=5206"},{"taxonomy":"product_cat","embeddable":true,"href":"https:\/\/chemneo.com\/pt\/wp-json\/wp\/v2\/product_cat?post=5206"},{"taxonomy":"product_tag","embeddable":true,"href":"https:\/\/chemneo.com\/pt\/wp-json\/wp\/v2\/product_tag?post=5206"}],"curies":[{"name":"wp","href":"https:\/\/api.w.org\/{rel}","templated":true}]}}